{"id":6801,"date":"2022-03-24T14:30:22","date_gmt":"2022-03-24T14:30:22","guid":{"rendered":"https:\/\/christian-works.org\/sobre-nosotros\/"},"modified":"2025-06-13T15:54:50","modified_gmt":"2025-06-13T15:54:50","slug":"about-us","status":"publish","type":"page","link":"https:\/\/christian-works.org\/es\/about-us\/","title":{"rendered":"Sobre nosotros"},"content":{"rendered":"<div class=\"wpb-content-wrapper\"><p>[vc_section el_class=\u00bbmission-section\u00bb][vc_row][vc_column width=\u00bb1\/2&#8243;][vc_custom_heading text=\u00bbNuestra misi\u00f3n es representar la bondad de Dios para los ni\u00f1os y sus familias continuando el ejemplo de servicio de Jesucristo.\u00bb font_container=\u00bbtag:h3|text_align:left\u00bb use_theme_fonts=\u00bbyes\u00bb][\/vc_column][vc_column width=\u00bb1\/2&#8243;][vc_column_text]Estamos ayudando a ni\u00f1os y familias a enfrentar los desaf\u00edos m\u00e1s dif\u00edciles de la vida. Si la familia es la base de nuestra sociedad, la construcci\u00f3n de hogares y familias saludables deber\u00eda ser una prioridad para todos nosotros. Esa es la filosof\u00eda detr\u00e1s de ChristianWorks for Children.<\/p>\n<p>Con una base profundamente arraigada en los principios cristianos, el prop\u00f3sito de ChristianWorks for Children es ayudar a los ni\u00f1os y sus familias a enfrentar y superar incluso los desaf\u00edos m\u00e1s dif\u00edciles de sus vidas. Nos esforzamos por facilitar la construcci\u00f3n de una familia sana y amorosa para cada ni\u00f1o que conocemos.[\/vc_column_text][\/vc_column][\/vc_row][\/vc_section][vc_section el_class=\u00bbvideo-section\u00bb][vc_row][vc_column]<div id=\"ultimate-video-674769d38739872ed\" class=\"ult-video  ult-adjust-bottom-margin ultimate-video-674769d38739872ed ultv-2257 \"><div class=\"ultv-video ultv-aspect-ratio-16_9 ultv-subscribe-responsive-none\" data-videotype=\"uv_iframe\">\n\t\t\t\t\t\t<div class=\"ultv-video__outer-wrap\" data-autoplay=\"0\" data-device=\"false\"  data-iconbg=\"#3A3A3A\" data-overcolor=\"\" data-defaultbg=\"#1f1f1e\" data-defaultplay=\"defaulticon\"><div class=\"ultv-video__play\" data-src=\"https:\/\/www.youtube.com\/embed\/RII7cRivbSU?rel=0&#038;start&#038;end&#038;controls=1&#038;mute=0&#038;modestbranding=0&#038;autoplay=1\">\n\t\t\t\t\t\t\t\t<img decoding=\"async\" class=\"ultv-video__thumb\" src=\"https:\/\/christian-works.org\/wp-content\/uploads\/2022\/03\/Group-14139-min.png?wsr\"\/>\n\t\t\t\t\t\t\t\t<div class=\"ultv-video__play-icon  ultv-animation-none\" style=\"width:75px\"><svg height=\"100%\" version=\"1.1\" viewBox=\"0 0 68 48\" width=\"100%\"><path class=\"ultv-youtube-icon-bg\" d=\"m .66,37.62 c 0,0 .66,4.70 2.70,6.77 2.58,2.71 5.98,2.63 7.49,2.91 5.43,.52 23.10,.68 23.12,.68 .00,-1.3e-5 14.29,-0.02 23.81,-0.71 1.32,-0.15 4.22,-0.17 6.81,-2.89 2.03,-2.07 2.70,-6.77 2.70,-6.77 0,0 .67,-5.52 .67,-11.04 l 0,-5.17 c 0,-5.52 -0.67,-11.04 -0.67,-11.04 0,0 -0.66,-4.70 -2.70,-6.77 C 62.03,.86 59.13,.84 57.80,.69 48.28,0 34.00,0 34.00,0 33.97,0 19.69,0 10.18,.69 8.85,.84 5.95,.86 3.36,3.58 1.32,5.65 .66,10.35 .66,10.35 c 0,0 -0.55,4.50 -0.66,9.45 l 0,8.36 c .10,4.94 .66,9.45 .66,9.45 z\" fill=\"#1f1f1e\" ><\/path><path d=\"m 26.96,13.67 18.37,9.62 -18.37,9.55 -0.00,-19.17 z\" fill=\"#fff\"><\/path><path d=\"M 45.02,23.46 45.32,23.28 26.96,13.67 43.32,22.34 45.02,23.46 z\" fill=\"#ccc\"><\/path><\/svg><\/div> <\/div> <\/div><\/div><\/div>[\/vc_column][\/vc_row][\/vc_section][vc_section full_width=\u00bbstretch_row\u00bb el_class=\u00bbblue-bg-top\u00bb css=\u00bb.vc_custom_1648183057910{background-color: #0071ce !important;}\u00bb][\/vc_section][vc_section full_width=\u00bbstretch_row\u00bb el_class=\u00bbhistory-sec\u00bb][vc_row content_placement=\u00bbmiddle\u00bb el_class=\u00bbhistory-row\u00bb][vc_column width=\u00bb1\/2&#8243; el_class=\u00bbhistory-image\u00bb][\/vc_column][vc_column width=\u00bb1\/2&#8243; el_class=\u00bbhistory-content\u00bb][vc_custom_heading text=\u00bbHistoria\u00bb font_container=\u00bbtag:h3|text_align:left|color:%230066c7&#8243; use_theme_fonts=\u00bbyes\u00bb][vc_column_text]Explora nuestra historia. ChristianWorks for Children fue fundada en 1967 como una agencia de adopci\u00f3n bajo el nombre de Christian Services. Desde entonces, nuestro nombre ha cambiado y nuestros programas se han ampliado, pero nuestra pasi\u00f3n por servir a los ni\u00f1os y construir familias s\u00f3lidas se ha mantenido.[\/vc_column_text][vc_btn title=\u00bbAprende m\u00e1s sobre nuestros programas\u00bb el_class=\u00bbwhite-btn white-blue2&#8243; link=\u00bburl:https%3A%2F%2Fchristian-works.org%2Fhow-we-work%2F\u00bb css=\u00bb.vc_custom_1654786859045{margin-bottom: 40px !important;padding-top: -120px !important;}\u00bb][vc_custom_heading text=\u00bbGente\u00bb font_container=\u00bbtag:h3|text_align:left|color:%23d7282f\u00bb use_theme_fonts=\u00bbyes\u00bb][vc_column_text]Conozca a nuestro personal, miembros de la junta y organizaciones asociadas. Nuestros programas est\u00e1n dirigidos por terapeutas, consejeros y facilitadores altamente calificados y experimentados. El \u00e9xito de nuestros programas est\u00e1 profundamente arraigado en las personas que sirven a nuestro equipo y su dedicaci\u00f3n para servir a los ni\u00f1os y las familias.[\/vc_column_text][vc_btn title=\u00bbConozca a nuestro personal\u00bb el_class=\u00bbwhite-btn white-blue2&#8243; link=\u00bburl:https%3A%2F%2Fchristian-works.org%2Fstaff%2F|title:%23&#8243;][vc_single_image image=\u00bb151&#8243; img_size=\u00bbfull\u00bb][\/vc_column][\/vc_row][\/vc_section][vc_section full_width=\u00bbstretch_row\u00bb el_class=\u00bblocation-section\u00bb css=\u00bb.vc_custom_1648184159938{background-color: #0071ce !important;}\u00bb][vc_row gap=\u00bb30&#8243; el_class=\u00bblocation-row\u00bb][vc_column width=\u00bb1\/2&#8243; css=\u00bb.vc_custom_1648301281637{background-color: #ffffff !important;}\u00bb][vc_custom_heading text=\u00bbUbicaci\u00f3n de Dallas\u00bb font_container=\u00bbtag:h4|text_align:left|color:%23343751&#8243; use_theme_fonts=\u00bbyes\u00bb][vc_column_text]Eche un vistazo a nuestro edificio en Dallas. Nuestras salas de juegos terap\u00e9uticos y salas de terapia grupal basadas en la edad brindan un ambiente divertido y reconfortante para ni\u00f1os y familias.[\/vc_column_text][vc_gmaps link=\u00bb#E-8_JTNDaWZyYW1lJTIwc3JjJTNEJTIyaHR0cHMlM0ElMkYlMkZ3d3cuZ29vZ2xlLmNvbSUyRm1hcHMlMkZlbWJlZCUzRnBiJTNEJTIxMW0xOCUyMTFtMTIlMjExbTMlMjExZDMzNDkuMTE1Nzc0NzQ4NjAyJTIxMmQtOTYuODE3Nzc2NTg0ODE0MjUlMjEzZDMyLjkyMTUzOTI4MDkyODU1NiUyMTJtMyUyMTFmMCUyMTJmMCUyMTNmMCUyMTNtMiUyMTFpMTAyNCUyMTJpNzY4JTIxNGYxMy4xJTIxM20zJTIxMW0yJTIxMXMweDg2NGMyMGMyMjdiNjFiMTklMjUzQTB4YjBmMzA0ZjBiMWU1Zjk0NSUyMTJzNTQ0MCUyNTIwSGFydmVzdCUyNTIwSGlsbCUyNTIwJTI1MjMxNDAlMjUyQyUyNTIwRGFsbGFzJTI1MkMlMjUyMFRYJTI1MjA3NTIzMCUyNTJDJTI1MjBVU0ElMjE1ZTAlMjEzbTIlMjExc2VuJTIxMnMlMjE0djE2NDgxNDE0MDEzMDIlMjE1bTIlMjExc2VuJTIxMnMlMjIlMjB3aWR0aCUzRCUyMjYwMCUyMiUyMGhlaWdodCUzRCUyMjQwMCUyMiUyMHN0eWxlJTNEJTIyYm9yZGVyJTNBMCUzQiUyMiUyMGFsbG93ZnVsbHNjcmVlbiUzRCUyMiUyMiUyMGxvYWRpbmclM0QlMjJsYXp5JTIyJTNFJTNDJTJGaWZyYW1lJTNF\u00bb][\/vc_column][vc_column width=\u00bb1\/2&#8243; css=\u00bb.vc_custom_1648301289133{background-color: #ffffff !important;}\u00bb][vc_custom_heading text=\u00bbUbicaci\u00f3n de Fort Worth\u00bb font_container=\u00bbtag:h4|text_align:left|color:%23343751&#8243; use_theme_fonts=\u00bbyes\u00bb][vc_column_text]Ven a ver nuestra nueva ubicaci\u00f3n en Fort Worth. Nuestras salas de terapia grupal y de juegos brindan un ambiente divertido y reconfortante para ni\u00f1os y familias. Estamos convenientemente ubicados en Fort Worth y tambi\u00e9n servimos al condado de Tarrant.[\/vc_column_text][vc_gmaps link=\u00bb#E-8_JTNDaWZyYW1lJTIwc3JjJTNEJTIyaHR0cHMlM0ElMkYlMkZ3d3cuZ29vZ2xlLmNvbSUyRm1hcHMlMkZlbWJlZCUzRnBiJTNEJTIxMW0xOCUyMTFtMTIlMjExbTMlMjExZDMzNTYuNzMxOTEyOTYyMTgzMyUyMTJkLTk3LjMzNDE0MDA4NDgxOTQlMjEzZDMyLjcxOTc1MDc4MDk4OTQxJTIxMm0zJTIxMWYwJTIxMmYwJTIxM2YwJTIxM20yJTIxMWkxMDI0JTIxMmk3NjglMjE0ZjEzLjElMjEzbTMlMjExbTIlMjExczB4ODY0ZTcxOTg0ODc4NmJiOSUyNTNBMHhiNjU1NTdkZmE4ZjA0ZmE4JTIxMnMyMjE0JTI1MjBIZW1waGlsbCUyNTIwU3QlMjUyQyUyNTIwRm9ydCUyNTIwV29ydGglMjUyQyUyNTIwVFglMjUyMDc2MTEwJTI1MkMlMjUyMFVTQSUyMTVlMCUyMTNtMiUyMTFzZW4lMjEycyUyMTR2MTY0ODE0MTQzMDAyMCUyMTVtMiUyMTFzZW4lMjEycyUyMiUyMHdpZHRoJTNEJTIyNjAwJTIyJTIwaGVpZ2h0JTNEJTIyNDAwJTIyJTIwc3R5bGUlM0QlMjJib3JkZXIlM0EwJTNCJTIyJTIwYWxsb3dmdWxsc2NyZWVuJTNEJTIyJTIyJTIwbG9hZGluZyUzRCUyMmxhenklMjIlM0UlM0MlMkZpZnJhbWUlM0U=\u00bb][\/vc_column][\/vc_row][\/vc_section][vc_section el_class=\u00bbcta-support-section cta-support-about\u00bb][vc_row content_placement=\u00bbmiddle\u00bb css=\u00bb.vc_custom_1649708522744{background-image: url(https:\/\/christian-works.org\/wp-content\/uploads\/2022\/04\/Group-14138d.png?id=1915) !important;background-position: 0 0 !important;background-repeat: no-repeat !important;}\u00bb][vc_column width=\u00bb3\/4&#8243;][vc_custom_heading text=\u00bbAy\u00fadanos a construir hogares y familias saludables.\u00bb use_theme_fonts=\u00bbyes\u00bb][vc_column_text]ChristianWorks for Children es una organizaci\u00f3n sin fines de lucro 501(c)(3) \u2014 EIN: 75-1246028.<br \/>\nCon su apoyo, podemos continuar con el ejemplo de servicio de Jesucristo. \u00a1As\u00f3ciese con nosotros hoy![\/vc_column_text][\/vc_column][vc_column width=\u00bb1\/4&#8243;][vc_btn title=\u00bbApoyanos\u00bb align=\u00bbcenter\u00bb link=\u00bburl:https%3A%2F%2Fchristian-works.org%2Fdonate-2%2F\u00bb el_class=\u00bbwhite-btn\u00bb][\/vc_column][\/vc_row][\/vc_section]<\/p>\n<\/div>","protected":false},"excerpt":{"rendered":"<p>[vc_section el_class=\u00bbmission-section\u00bb][vc_row][vc_column width=\u00bb1\/2&#8243;][vc_custom_heading text=\u00bbNuestra misi\u00f3n es representar la bondad de Dios para los ni\u00f1os y sus familias continuando el ejemplo de servicio de Jesucristo.\u00bb font_container=\u00bbtag:h3|text_align:left\u00bb use_theme_fonts=\u00bbyes\u00bb][\/vc_column][vc_column width=\u00bb1\/2&#8243;][vc_column_text]Estamos ayudando a ni\u00f1os y familias a enfrentar los desaf\u00edos m\u00e1s dif\u00edciles de la vida. Si la familia es la base de nuestra sociedad, la construcci\u00f3n de hogares y [&hellip;]<\/p>\n","protected":false},"author":4,"featured_media":798,"parent":0,"menu_order":0,"comment_status":"closed","ping_status":"closed","template":"fullwidth.php","meta":{"_acf_changed":false,"inline_featured_image":false,"footnotes":""},"class_list":["post-6801","page","type-page","status-publish","has-post-thumbnail","hentry"],"acf":[],"yoast_head":"<!-- This site is optimized with the Yoast SEO plugin v27.1.1 - https:\/\/yoast.com\/product\/yoast-seo-wordpress\/ -->\n<title>About Us - ChristianWorks<\/title>\n<meta name=\"robots\" content=\"index, follow, max-snippet:-1, max-image-preview:large, max-video-preview:-1\" \/>\n<link rel=\"canonical\" href=\"https:\/\/christian-works.org\/es\/about-us\/\" \/>\n<meta property=\"og:locale\" content=\"es_ES\" \/>\n<meta property=\"og:type\" content=\"article\" \/>\n<meta property=\"og:title\" content=\"About Us - ChristianWorks\" \/>\n<meta property=\"og:description\" content=\"[vc_section el_class=\u00bbmission-section\u00bb][vc_row][vc_column width=\u00bb1\/2&#8243;][vc_custom_heading text=\u00bbNuestra misi\u00f3n es representar la bondad de Dios para los ni\u00f1os y sus familias continuando el ejemplo de servicio de Jesucristo.\u00bb font_container=\u00bbtag:h3|text_align:left\u00bb use_theme_fonts=\u00bbyes\u00bb][\/vc_column][vc_column width=\u00bb1\/2&#8243;][vc_column_text]Estamos ayudando a ni\u00f1os y familias a enfrentar los desaf\u00edos m\u00e1s dif\u00edciles de la vida. Si la familia es la base de nuestra sociedad, la construcci\u00f3n de hogares y [&hellip;]\" \/>\n<meta property=\"og:url\" content=\"https:\/\/christian-works.org\/es\/about-us\/\" \/>\n<meta property=\"og:site_name\" content=\"ChristianWorks\" \/>\n<meta property=\"article:modified_time\" content=\"2025-06-13T15:54:50+00:00\" \/>\n<meta property=\"og:image\" content=\"https:\/\/christian-works.org\/wp-content\/uploads\/2022\/03\/Group-14140-min.jpg\" \/>\n\t<meta property=\"og:image:width\" content=\"1920\" \/>\n\t<meta property=\"og:image:height\" content=\"400\" \/>\n\t<meta property=\"og:image:type\" content=\"image\/jpeg\" \/>\n<meta name=\"twitter:card\" content=\"summary_large_image\" \/>\n<meta name=\"twitter:label1\" content=\"Tiempo de lectura\" \/>\n\t<meta name=\"twitter:data1\" content=\"5 minutos\" \/>\n<script type=\"application\/ld+json\" class=\"yoast-schema-graph\">{\"@context\":\"https:\/\/schema.org\",\"@graph\":[{\"@type\":\"WebPage\",\"@id\":\"https:\/\/christian-works.org\/es\/about-us\/\",\"url\":\"https:\/\/christian-works.org\/es\/about-us\/\",\"name\":\"About Us - ChristianWorks\",\"isPartOf\":{\"@id\":\"https:\/\/christian-works.org\/#website\"},\"primaryImageOfPage\":{\"@id\":\"https:\/\/christian-works.org\/es\/about-us\/#primaryimage\"},\"image\":{\"@id\":\"https:\/\/christian-works.org\/es\/about-us\/#primaryimage\"},\"thumbnailUrl\":\"https:\/\/christian-works.org\/wp-content\/uploads\/2022\/03\/Group-14140-min.jpg?wsr\",\"datePublished\":\"2022-03-24T14:30:22+00:00\",\"dateModified\":\"2025-06-13T15:54:50+00:00\",\"breadcrumb\":{\"@id\":\"https:\/\/christian-works.org\/es\/about-us\/#breadcrumb\"},\"inLanguage\":\"es\",\"potentialAction\":[{\"@type\":\"ReadAction\",\"target\":[\"https:\/\/christian-works.org\/es\/about-us\/\"]}]},{\"@type\":\"ImageObject\",\"inLanguage\":\"es\",\"@id\":\"https:\/\/christian-works.org\/es\/about-us\/#primaryimage\",\"url\":\"https:\/\/christian-works.org\/wp-content\/uploads\/2022\/03\/Group-14140-min.jpg?wsr\",\"contentUrl\":\"https:\/\/christian-works.org\/wp-content\/uploads\/2022\/03\/Group-14140-min.jpg?wsr\",\"width\":1920,\"height\":400},{\"@type\":\"BreadcrumbList\",\"@id\":\"https:\/\/christian-works.org\/es\/about-us\/#breadcrumb\",\"itemListElement\":[{\"@type\":\"ListItem\",\"position\":1,\"name\":\"Home\",\"item\":\"https:\/\/christian-works.org\/es\/\"},{\"@type\":\"ListItem\",\"position\":2,\"name\":\"Sobre nosotros\"}]},{\"@type\":\"WebSite\",\"@id\":\"https:\/\/christian-works.org\/#website\",\"url\":\"https:\/\/christian-works.org\/\",\"name\":\"ChristianWorks\",\"description\":\"\",\"potentialAction\":[{\"@type\":\"SearchAction\",\"target\":{\"@type\":\"EntryPoint\",\"urlTemplate\":\"https:\/\/christian-works.org\/?s={search_term_string}\"},\"query-input\":{\"@type\":\"PropertyValueSpecification\",\"valueRequired\":true,\"valueName\":\"search_term_string\"}}],\"inLanguage\":\"es\"}]}<\/script>\n<!-- \/ Yoast SEO plugin. -->","yoast_head_json":{"title":"About Us - ChristianWorks","robots":{"index":"index","follow":"follow","max-snippet":"max-snippet:-1","max-image-preview":"max-image-preview:large","max-video-preview":"max-video-preview:-1"},"canonical":"https:\/\/christian-works.org\/es\/about-us\/","og_locale":"es_ES","og_type":"article","og_title":"About Us - ChristianWorks","og_description":"[vc_section el_class=\u00bbmission-section\u00bb][vc_row][vc_column width=\u00bb1\/2&#8243;][vc_custom_heading text=\u00bbNuestra misi\u00f3n es representar la bondad de Dios para los ni\u00f1os y sus familias continuando el ejemplo de servicio de Jesucristo.\u00bb font_container=\u00bbtag:h3|text_align:left\u00bb use_theme_fonts=\u00bbyes\u00bb][\/vc_column][vc_column width=\u00bb1\/2&#8243;][vc_column_text]Estamos ayudando a ni\u00f1os y familias a enfrentar los desaf\u00edos m\u00e1s dif\u00edciles de la vida. Si la familia es la base de nuestra sociedad, la construcci\u00f3n de hogares y [&hellip;]","og_url":"https:\/\/christian-works.org\/es\/about-us\/","og_site_name":"ChristianWorks","article_modified_time":"2025-06-13T15:54:50+00:00","og_image":[{"width":1920,"height":400,"url":"https:\/\/christian-works.org\/wp-content\/uploads\/2022\/03\/Group-14140-min.jpg","type":"image\/jpeg"}],"twitter_card":"summary_large_image","twitter_misc":{"Tiempo de lectura":"5 minutos"},"schema":{"@context":"https:\/\/schema.org","@graph":[{"@type":"WebPage","@id":"https:\/\/christian-works.org\/es\/about-us\/","url":"https:\/\/christian-works.org\/es\/about-us\/","name":"About Us - ChristianWorks","isPartOf":{"@id":"https:\/\/christian-works.org\/#website"},"primaryImageOfPage":{"@id":"https:\/\/christian-works.org\/es\/about-us\/#primaryimage"},"image":{"@id":"https:\/\/christian-works.org\/es\/about-us\/#primaryimage"},"thumbnailUrl":"https:\/\/christian-works.org\/wp-content\/uploads\/2022\/03\/Group-14140-min.jpg?wsr","datePublished":"2022-03-24T14:30:22+00:00","dateModified":"2025-06-13T15:54:50+00:00","breadcrumb":{"@id":"https:\/\/christian-works.org\/es\/about-us\/#breadcrumb"},"inLanguage":"es","potentialAction":[{"@type":"ReadAction","target":["https:\/\/christian-works.org\/es\/about-us\/"]}]},{"@type":"ImageObject","inLanguage":"es","@id":"https:\/\/christian-works.org\/es\/about-us\/#primaryimage","url":"https:\/\/christian-works.org\/wp-content\/uploads\/2022\/03\/Group-14140-min.jpg?wsr","contentUrl":"https:\/\/christian-works.org\/wp-content\/uploads\/2022\/03\/Group-14140-min.jpg?wsr","width":1920,"height":400},{"@type":"BreadcrumbList","@id":"https:\/\/christian-works.org\/es\/about-us\/#breadcrumb","itemListElement":[{"@type":"ListItem","position":1,"name":"Home","item":"https:\/\/christian-works.org\/es\/"},{"@type":"ListItem","position":2,"name":"Sobre nosotros"}]},{"@type":"WebSite","@id":"https:\/\/christian-works.org\/#website","url":"https:\/\/christian-works.org\/","name":"ChristianWorks","description":"","potentialAction":[{"@type":"SearchAction","target":{"@type":"EntryPoint","urlTemplate":"https:\/\/christian-works.org\/?s={search_term_string}"},"query-input":{"@type":"PropertyValueSpecification","valueRequired":true,"valueName":"search_term_string"}}],"inLanguage":"es"}]}},"_links":{"self":[{"href":"https:\/\/christian-works.org\/es\/wp-json\/wp\/v2\/pages\/6801","targetHints":{"allow":["GET"]}}],"collection":[{"href":"https:\/\/christian-works.org\/es\/wp-json\/wp\/v2\/pages"}],"about":[{"href":"https:\/\/christian-works.org\/es\/wp-json\/wp\/v2\/types\/page"}],"author":[{"embeddable":true,"href":"https:\/\/christian-works.org\/es\/wp-json\/wp\/v2\/users\/4"}],"replies":[{"embeddable":true,"href":"https:\/\/christian-works.org\/es\/wp-json\/wp\/v2\/comments?post=6801"}],"version-history":[{"count":13,"href":"https:\/\/christian-works.org\/es\/wp-json\/wp\/v2\/pages\/6801\/revisions"}],"predecessor-version":[{"id":10264,"href":"https:\/\/christian-works.org\/es\/wp-json\/wp\/v2\/pages\/6801\/revisions\/10264"}],"wp:featuredmedia":[{"embeddable":true,"href":"https:\/\/christian-works.org\/es\/wp-json\/wp\/v2\/media\/798"}],"wp:attachment":[{"href":"https:\/\/christian-works.org\/es\/wp-json\/wp\/v2\/media?parent=6801"}],"curies":[{"name":"wp","href":"https:\/\/api.w.org\/{rel}","templated":true}]}}