{"id":6805,"date":"2022-03-25T16:44:22","date_gmt":"2022-03-25T16:44:22","guid":{"rendered":"https:\/\/christian-works.org\/adoptionworks\/"},"modified":"2025-06-13T15:52:45","modified_gmt":"2025-06-13T15:52:45","slug":"adoptionworks","status":"publish","type":"page","link":"https:\/\/christian-works.org\/es\/adoptionworks\/","title":{"rendered":"AdoptionWorks"},"content":{"rendered":"<div class=\"wpb-content-wrapper\"><p>[vc_section full_width=\u00bbstretch_row\u00bb el_class=\u00bbwhat-adoption-section\u00bb][vc_row][vc_column width=\u00bb1\/2&#8243;][vc_custom_heading text=\u00bb\u00bfQu\u00e9 es AdoptionWorks?\u00bb font_container=\u00bbtag:h3|text_align:left\u00bb use_theme_fonts=\u00bbyes\u00bb][vc_column_text]AdoptionWorks es una agencia de colocaci\u00f3n de ni\u00f1os con licencia completa, que se encuentra bajo el ministerio de ChristianWorks en Dallas, Texas. Brindamos servicios de adopci\u00f3n nacional de beb\u00e9s a familias biol\u00f3gicas, parejas adoptivas y personas adoptadas. Servimos a posibles familias adoptivas que viven dentro de las 150 millas de nuestra oficina central en Dallas y pueden atender a una familia biol\u00f3gica que busca hacer un plan de adopci\u00f3n en cualquier lugar dentro de los Estados Unidos. AdoptionWorks ha brindado servicios de colocaci\u00f3n de ni\u00f1os desde 1967 y ha colocado a m\u00e1s de 800 ni\u00f1os desde entonces. Es nuestra creencia y filosof\u00eda de la agencia que la adopci\u00f3n abierta es la m\u00e1s beneficiosa para todos los miembros de la tr\u00edada de adopci\u00f3n y buscamos educar y facilitar la apertura para nuestros clientes. AdoptionWorks se enorgullece de ofrecer servicios cl\u00ednicos posteriores a la adopci\u00f3n, incluidos servicios de b\u00fasqueda y reuni\u00f3n, asesoramiento individual o terapia de juego para miembros de la tr\u00edada de adopci\u00f3n y grupos de apoyo gratuitos para ni\u00f1os que han sido adoptados y sus padres.[\/vc_column_text][vc_btn title=\u00bbAprende m\u00e1s\u00bb link=\u00bburl:https%3A%2F%2Fchristian-works.org%2Fes%2Fhelpforpregnantmoms%2F|title:AdoptionWorks\u00bb el_class=\u00bbwhite-btn white-blue\u00bb][\/vc_column][vc_column width=\u00bb1\/2&#8243;]<div id=\"ultimate-video-662069d255983b64a\" class=\"ult-video  ult-adjust-bottom-margin ultimate-video-662069d255983b64a ultv-4808 \"><div class=\"ultv-video ultv-aspect-ratio-16_9 ultv-subscribe-responsive-none\" data-videotype=\"uv_iframe\">\n\t\t\t\t\t\t<div class=\"ultv-video__outer-wrap\" data-autoplay=\"0\" data-device=\"false\"  data-iconbg=\"#3A3A3A\" data-overcolor=\"\" data-defaultbg=\"#1f1f1e\" data-defaultplay=\"defaulticon\"><div class=\"ultv-video__play\" data-src=\"https:\/\/www.youtube.com\/embed\/s6lHqL-QoIg?rel=0&#038;start&#038;end&#038;controls=1&#038;mute=0&#038;modestbranding=0&#038;autoplay=1\">\n\t\t\t\t\t\t\t\t<img decoding=\"async\" class=\"ultv-video__thumb\" src=\"https:\/\/christian-works.org\/wp-content\/uploads\/2022\/03\/Group-14150-min.png?wsr\"\/>\n\t\t\t\t\t\t\t\t<div class=\"ultv-video__play-icon  ultv-animation-none\" style=\"width:75px\"><svg height=\"100%\" version=\"1.1\" viewBox=\"0 0 68 48\" width=\"100%\"><path class=\"ultv-youtube-icon-bg\" d=\"m .66,37.62 c 0,0 .66,4.70 2.70,6.77 2.58,2.71 5.98,2.63 7.49,2.91 5.43,.52 23.10,.68 23.12,.68 .00,-1.3e-5 14.29,-0.02 23.81,-0.71 1.32,-0.15 4.22,-0.17 6.81,-2.89 2.03,-2.07 2.70,-6.77 2.70,-6.77 0,0 .67,-5.52 .67,-11.04 l 0,-5.17 c 0,-5.52 -0.67,-11.04 -0.67,-11.04 0,0 -0.66,-4.70 -2.70,-6.77 C 62.03,.86 59.13,.84 57.80,.69 48.28,0 34.00,0 34.00,0 33.97,0 19.69,0 10.18,.69 8.85,.84 5.95,.86 3.36,3.58 1.32,5.65 .66,10.35 .66,10.35 c 0,0 -0.55,4.50 -0.66,9.45 l 0,8.36 c .10,4.94 .66,9.45 .66,9.45 z\" fill=\"#1f1f1e\" ><\/path><path d=\"m 26.96,13.67 18.37,9.62 -18.37,9.55 -0.00,-19.17 z\" fill=\"#fff\"><\/path><path d=\"M 45.02,23.46 45.32,23.28 26.96,13.67 43.32,22.34 45.02,23.46 z\" fill=\"#ccc\"><\/path><\/svg><\/div> <\/div> <\/div><\/div><\/div>[\/vc_column][\/vc_row][vc_row][vc_column width=\u00bb2\/3&#8243;]<div class=\"ult-spacer spacer-69d255983b957\" data-id=\"69d255983b957\" data-height=\"50\" data-height-mobile=\"50\" data-height-tab=\"50\" data-height-tab-portrait=\"\" data-height-mobile-landscape=\"\" style=\"clear:both;display:block;\"><\/div>[vc_custom_heading text=\u00bbGrupo de apoyo para madres biol\u00f3gicas\u00bb font_container=\u00bbtag:h3|text_align:left\u00bb use_theme_fonts=\u00bbyes\u00bb][vc_column_text]AdoptionWorks se ha asociado con <a href=\"https:\/\/lifetimehealingadoption.com\/\" target=\"_blank\" rel=\"noopener\"><span style=\"color: #ffc629;\">Lifetime Healing<\/span><\/a> para <strong>brindar atenci\u00f3n posterior<\/strong> a la colocaci\u00f3n gratuita a las mujeres que han elegido hacer un plan de adopci\u00f3n para su hijo. Ya sea que haya colocado a su hijo hace una semana o hace a\u00f1os y a\u00f1os, queremos invitarla a sentarse rodilla con rodilla con otras mujeres y experimentar la sanaci\u00f3n. Nuestro grupo de apoyo gratuito se re\u00fane una vez al mes el cuarto jueves de 6:30 p. m. a 8:30 p. m. en nuestra ubicaci\u00f3n de Dallas. Para obtener m\u00e1s informaci\u00f3n o confirmar su asistencia, ll\u00e1menos al <span style=\"color: #ffc629;\"><a style=\"color: #ffc629;\" href=\"tel:214-952-7421\">214-952-7421<\/a>,<\/span>, o <span style=\"color: #ffc629;\"><a style=\"color: #ffc629;\" href=\"https:\/\/christian-works.org\/contact-us\/\">env\u00edenos un correo electr\u00f3nico<\/a><\/span>[\/vc_column_text][vc_btn title=\u00bbGrupo de apoyo posterior a la adopci\u00f3n\u00bb link=\u00bburl:https%3A%2F%2Fchristian-works.org%2Fes%2Fpost-adoption%2F\u00bb el_class=\u00bbwhite-btn white-blue\u00bb][\/vc_column][vc_column width=\u00bb1\/3&#8243;][vc_single_image image=\u00bb8301&#8243; img_size=\u00bbfull\u00bb][\/vc_column][\/vc_row][\/vc_section][vc_section el_class=\u00bbcta-support-section cta-adoption-section\u00bb][vc_row content_placement=\u00bbmiddle\u00bb css=\u00bb.vc_custom_1649767606146{background-image: url(https:\/\/christian-works.org\/wp-content\/uploads\/2022\/04\/Group-14138.png?id=1998) !important;background-position: 0 0 !important;background-repeat: no-repeat !important;}\u00bb][vc_column width=\u00bb3\/4&#8243;][vc_custom_heading text=\u00bbAy\u00fadanos a construir hogares y familias saludables.\u00bb use_theme_fonts=\u00bbyes\u00bb][vc_column_text]ChristianWorks for Children es una organizaci\u00f3n sin fines de lucro 501(c)(3) \u2014 EIN: 75-1246028.<br \/>\nCon su apoyo, podemos continuar con el ejemplo de servicio de Jesucristo. \u00a1As\u00f3ciese con nosotros hoy![\/vc_column_text][\/vc_column][vc_column width=\u00bb1\/4&#8243;][vc_btn title=\u00bbApoyanos\u00bb align=\u00bbcenter\u00bb link=\u00bburl:https%3A%2F%2Fchristian-works.org%2Fes%2Fdonate-2%2F\u00bb el_class=\u00bbwhite-btn\u00bb][\/vc_column][\/vc_row][\/vc_section]<\/p>\n<\/div>","protected":false},"excerpt":{"rendered":"<p>[vc_section full_width=\u00bbstretch_row\u00bb el_class=\u00bbwhat-adoption-section\u00bb][vc_row][vc_column width=\u00bb1\/2&#8243;][vc_custom_heading text=\u00bb\u00bfQu\u00e9 es AdoptionWorks?\u00bb font_container=\u00bbtag:h3|text_align:left\u00bb use_theme_fonts=\u00bbyes\u00bb][vc_column_text]AdoptionWorks es una agencia de colocaci\u00f3n de ni\u00f1os con licencia completa, que se encuentra bajo el ministerio de ChristianWorks en Dallas, Texas. Brindamos servicios de adopci\u00f3n nacional de beb\u00e9s a familias biol\u00f3gicas, parejas adoptivas y personas adoptadas. Servimos a posibles familias adoptivas que viven dentro de las [&hellip;]<\/p>\n","protected":false},"author":4,"featured_media":834,"parent":0,"menu_order":0,"comment_status":"closed","ping_status":"closed","template":"fullwidth.php","meta":{"_acf_changed":false,"inline_featured_image":false,"footnotes":""},"class_list":["post-6805","page","type-page","status-publish","has-post-thumbnail","hentry"],"acf":[],"yoast_head":"<!-- This site is optimized with the Yoast SEO plugin v27.1.1 - https:\/\/yoast.com\/product\/yoast-seo-wordpress\/ -->\n<title>AdoptionWorks - ChristianWorks<\/title>\n<meta name=\"robots\" content=\"index, follow, max-snippet:-1, max-image-preview:large, max-video-preview:-1\" \/>\n<link rel=\"canonical\" href=\"https:\/\/christian-works.org\/es\/adoptionworks\/\" \/>\n<meta property=\"og:locale\" content=\"es_ES\" \/>\n<meta property=\"og:type\" content=\"article\" \/>\n<meta property=\"og:title\" content=\"AdoptionWorks - ChristianWorks\" \/>\n<meta property=\"og:description\" content=\"[vc_section full_width=\u00bbstretch_row\u00bb el_class=\u00bbwhat-adoption-section\u00bb][vc_row][vc_column width=\u00bb1\/2&#8243;][vc_custom_heading text=\u00bb\u00bfQu\u00e9 es AdoptionWorks?\u00bb font_container=\u00bbtag:h3|text_align:left\u00bb use_theme_fonts=\u00bbyes\u00bb][vc_column_text]AdoptionWorks es una agencia de colocaci\u00f3n de ni\u00f1os con licencia completa, que se encuentra bajo el ministerio de ChristianWorks en Dallas, Texas. Brindamos servicios de adopci\u00f3n nacional de beb\u00e9s a familias biol\u00f3gicas, parejas adoptivas y personas adoptadas. Servimos a posibles familias adoptivas que viven dentro de las [&hellip;]\" \/>\n<meta property=\"og:url\" content=\"https:\/\/christian-works.org\/es\/adoptionworks\/\" \/>\n<meta property=\"og:site_name\" content=\"ChristianWorks\" \/>\n<meta property=\"article:modified_time\" content=\"2025-06-13T15:52:45+00:00\" \/>\n<meta property=\"og:image\" content=\"https:\/\/christian-works.org\/wp-content\/uploads\/2022\/03\/Group-14145-min.jpg\" \/>\n\t<meta property=\"og:image:width\" content=\"1920\" \/>\n\t<meta property=\"og:image:height\" content=\"400\" \/>\n\t<meta property=\"og:image:type\" content=\"image\/jpeg\" \/>\n<meta name=\"twitter:card\" content=\"summary_large_image\" \/>\n<meta name=\"twitter:label1\" content=\"Tiempo de lectura\" \/>\n\t<meta name=\"twitter:data1\" content=\"2 minutos\" \/>\n<script type=\"application\/ld+json\" class=\"yoast-schema-graph\">{\"@context\":\"https:\/\/schema.org\",\"@graph\":[{\"@type\":\"WebPage\",\"@id\":\"https:\/\/christian-works.org\/es\/adoptionworks\/\",\"url\":\"https:\/\/christian-works.org\/es\/adoptionworks\/\",\"name\":\"AdoptionWorks - ChristianWorks\",\"isPartOf\":{\"@id\":\"https:\/\/christian-works.org\/#website\"},\"primaryImageOfPage\":{\"@id\":\"https:\/\/christian-works.org\/es\/adoptionworks\/#primaryimage\"},\"image\":{\"@id\":\"https:\/\/christian-works.org\/es\/adoptionworks\/#primaryimage\"},\"thumbnailUrl\":\"https:\/\/christian-works.org\/wp-content\/uploads\/2022\/03\/Group-14145-min.jpg?wsr\",\"datePublished\":\"2022-03-25T16:44:22+00:00\",\"dateModified\":\"2025-06-13T15:52:45+00:00\",\"breadcrumb\":{\"@id\":\"https:\/\/christian-works.org\/es\/adoptionworks\/#breadcrumb\"},\"inLanguage\":\"es\",\"potentialAction\":[{\"@type\":\"ReadAction\",\"target\":[\"https:\/\/christian-works.org\/es\/adoptionworks\/\"]}]},{\"@type\":\"ImageObject\",\"inLanguage\":\"es\",\"@id\":\"https:\/\/christian-works.org\/es\/adoptionworks\/#primaryimage\",\"url\":\"https:\/\/christian-works.org\/wp-content\/uploads\/2022\/03\/Group-14145-min.jpg?wsr\",\"contentUrl\":\"https:\/\/christian-works.org\/wp-content\/uploads\/2022\/03\/Group-14145-min.jpg?wsr\",\"width\":1920,\"height\":400},{\"@type\":\"BreadcrumbList\",\"@id\":\"https:\/\/christian-works.org\/es\/adoptionworks\/#breadcrumb\",\"itemListElement\":[{\"@type\":\"ListItem\",\"position\":1,\"name\":\"Home\",\"item\":\"https:\/\/christian-works.org\/es\/\"},{\"@type\":\"ListItem\",\"position\":2,\"name\":\"AdoptionWorks\"}]},{\"@type\":\"WebSite\",\"@id\":\"https:\/\/christian-works.org\/#website\",\"url\":\"https:\/\/christian-works.org\/\",\"name\":\"ChristianWorks\",\"description\":\"\",\"potentialAction\":[{\"@type\":\"SearchAction\",\"target\":{\"@type\":\"EntryPoint\",\"urlTemplate\":\"https:\/\/christian-works.org\/?s={search_term_string}\"},\"query-input\":{\"@type\":\"PropertyValueSpecification\",\"valueRequired\":true,\"valueName\":\"search_term_string\"}}],\"inLanguage\":\"es\"}]}<\/script>\n<!-- \/ Yoast SEO plugin. -->","yoast_head_json":{"title":"AdoptionWorks - ChristianWorks","robots":{"index":"index","follow":"follow","max-snippet":"max-snippet:-1","max-image-preview":"max-image-preview:large","max-video-preview":"max-video-preview:-1"},"canonical":"https:\/\/christian-works.org\/es\/adoptionworks\/","og_locale":"es_ES","og_type":"article","og_title":"AdoptionWorks - ChristianWorks","og_description":"[vc_section full_width=\u00bbstretch_row\u00bb el_class=\u00bbwhat-adoption-section\u00bb][vc_row][vc_column width=\u00bb1\/2&#8243;][vc_custom_heading text=\u00bb\u00bfQu\u00e9 es AdoptionWorks?\u00bb font_container=\u00bbtag:h3|text_align:left\u00bb use_theme_fonts=\u00bbyes\u00bb][vc_column_text]AdoptionWorks es una agencia de colocaci\u00f3n de ni\u00f1os con licencia completa, que se encuentra bajo el ministerio de ChristianWorks en Dallas, Texas. Brindamos servicios de adopci\u00f3n nacional de beb\u00e9s a familias biol\u00f3gicas, parejas adoptivas y personas adoptadas. Servimos a posibles familias adoptivas que viven dentro de las [&hellip;]","og_url":"https:\/\/christian-works.org\/es\/adoptionworks\/","og_site_name":"ChristianWorks","article_modified_time":"2025-06-13T15:52:45+00:00","og_image":[{"width":1920,"height":400,"url":"https:\/\/christian-works.org\/wp-content\/uploads\/2022\/03\/Group-14145-min.jpg","type":"image\/jpeg"}],"twitter_card":"summary_large_image","twitter_misc":{"Tiempo de lectura":"2 minutos"},"schema":{"@context":"https:\/\/schema.org","@graph":[{"@type":"WebPage","@id":"https:\/\/christian-works.org\/es\/adoptionworks\/","url":"https:\/\/christian-works.org\/es\/adoptionworks\/","name":"AdoptionWorks - ChristianWorks","isPartOf":{"@id":"https:\/\/christian-works.org\/#website"},"primaryImageOfPage":{"@id":"https:\/\/christian-works.org\/es\/adoptionworks\/#primaryimage"},"image":{"@id":"https:\/\/christian-works.org\/es\/adoptionworks\/#primaryimage"},"thumbnailUrl":"https:\/\/christian-works.org\/wp-content\/uploads\/2022\/03\/Group-14145-min.jpg?wsr","datePublished":"2022-03-25T16:44:22+00:00","dateModified":"2025-06-13T15:52:45+00:00","breadcrumb":{"@id":"https:\/\/christian-works.org\/es\/adoptionworks\/#breadcrumb"},"inLanguage":"es","potentialAction":[{"@type":"ReadAction","target":["https:\/\/christian-works.org\/es\/adoptionworks\/"]}]},{"@type":"ImageObject","inLanguage":"es","@id":"https:\/\/christian-works.org\/es\/adoptionworks\/#primaryimage","url":"https:\/\/christian-works.org\/wp-content\/uploads\/2022\/03\/Group-14145-min.jpg?wsr","contentUrl":"https:\/\/christian-works.org\/wp-content\/uploads\/2022\/03\/Group-14145-min.jpg?wsr","width":1920,"height":400},{"@type":"BreadcrumbList","@id":"https:\/\/christian-works.org\/es\/adoptionworks\/#breadcrumb","itemListElement":[{"@type":"ListItem","position":1,"name":"Home","item":"https:\/\/christian-works.org\/es\/"},{"@type":"ListItem","position":2,"name":"AdoptionWorks"}]},{"@type":"WebSite","@id":"https:\/\/christian-works.org\/#website","url":"https:\/\/christian-works.org\/","name":"ChristianWorks","description":"","potentialAction":[{"@type":"SearchAction","target":{"@type":"EntryPoint","urlTemplate":"https:\/\/christian-works.org\/?s={search_term_string}"},"query-input":{"@type":"PropertyValueSpecification","valueRequired":true,"valueName":"search_term_string"}}],"inLanguage":"es"}]}},"_links":{"self":[{"href":"https:\/\/christian-works.org\/es\/wp-json\/wp\/v2\/pages\/6805","targetHints":{"allow":["GET"]}}],"collection":[{"href":"https:\/\/christian-works.org\/es\/wp-json\/wp\/v2\/pages"}],"about":[{"href":"https:\/\/christian-works.org\/es\/wp-json\/wp\/v2\/types\/page"}],"author":[{"embeddable":true,"href":"https:\/\/christian-works.org\/es\/wp-json\/wp\/v2\/users\/4"}],"replies":[{"embeddable":true,"href":"https:\/\/christian-works.org\/es\/wp-json\/wp\/v2\/comments?post=6805"}],"version-history":[{"count":6,"href":"https:\/\/christian-works.org\/es\/wp-json\/wp\/v2\/pages\/6805\/revisions"}],"predecessor-version":[{"id":10255,"href":"https:\/\/christian-works.org\/es\/wp-json\/wp\/v2\/pages\/6805\/revisions\/10255"}],"wp:featuredmedia":[{"embeddable":true,"href":"https:\/\/christian-works.org\/es\/wp-json\/wp\/v2\/media\/834"}],"wp:attachment":[{"href":"https:\/\/christian-works.org\/es\/wp-json\/wp\/v2\/media?parent=6805"}],"curies":[{"name":"wp","href":"https:\/\/api.w.org\/{rel}","templated":true}]}}