{"id":6808,"date":"2022-03-28T12:08:17","date_gmt":"2022-03-28T12:08:17","guid":{"rendered":"https:\/\/christian-works.org\/divorcio\/"},"modified":"2025-06-13T15:48:56","modified_gmt":"2025-06-13T15:48:56","slug":"divorce-2","status":"publish","type":"page","link":"https:\/\/christian-works.org\/es\/divorce-2\/","title":{"rendered":"Divorcio"},"content":{"rendered":"<div class=\"wpb-content-wrapper\"><p>[vc_section full_width=\u00bbstretch_row\u00bb el_class=\u00bbgrief-section breakway-divorce-section\u00bb][vc_row][vc_column width=\u00bb1\/2&#8243;][vc_custom_heading text=\u00bbDivorcio BreakWay\u00bb font_container=\u00bbtag:h3|text_align:left\u00bb use_theme_fonts=\u00bbyes\u00bb][vc_column_text]BreakWay: un programa de viaje de divorcio est\u00e1 dise\u00f1ado para ni\u00f1os que est\u00e1n experimentando un divorcio en su familia. El 50% de todos los ni\u00f1os nacidos de padres casados experimentar\u00e1n el divorcio de sus padres antes de los 18 a\u00f1os. Muchos ni\u00f1os que experimentan un divorcio en su familia experimentar\u00e1n m\u00e1s problemas psicol\u00f3gicos que los ni\u00f1os cuyos padres han muerto.<\/p>\n<p>BreakWay quiere ayudar a acompa\u00f1ar a los ni\u00f1os peque\u00f1os y adolescentes durante este proceso de duelo. Queremos asegurarnos de que las comunidades tengan los recursos para proporcionar grupos de apoyo para ni\u00f1os de 5 a 18 a\u00f1os (peque\u00f1os, medianos y adolescentes) y sus padres o tutores. Este programa equipa a los centros de consejer\u00eda e iglesias con las herramientas que necesitan para crear un grupo de apoyo para las familias que experimentan el divorcio en su comunidad. En estos grupos de apoyo, se guiar\u00e1 a cada participante a trav\u00e9s de actividades apropiadas para su edad que ayudar\u00e1n a sentar las bases para los temas que surgen cuando se busca una \u00abnueva normalidad\u00bb.[\/vc_column_text][\/vc_column][vc_column width=\u00bb1\/2&#8243;][vc_single_image image=\u00bb378&#8243; img_size=\u00bbfull\u00bb][\/vc_column][\/vc_row][vc_row el_class=\u00bbbreakway-divorce-row-bottom\u00bb][vc_column][vc_column_text]Esta plataforma brinda a los ni\u00f1os la oportunidad de participar en actividades con un grupo de ni\u00f1os de su edad que est\u00e1n experimentando el divorcio en su familia. Nuestro objetivo en BreakWay es crear un entorno seguro y controlado que permita a cada individuo expresar su dolor y abrazar el proceso de curaci\u00f3n.[\/vc_column_text][vc_custom_heading text=\u00bbNi\u00f1os en divorcio (Grupo de apoyo gratuito)\u00bb font_container=\u00bbtag:h6|text_align:left\u00bb use_theme_fonts=\u00bbyes\u00bb][vc_column_text]Iglesia de Cristo de North Pointe &#8211; Sachse, Texas<\/p>\n<ul>\n<li>Orientaci\u00f3n: 13 de septiembre de 2017 a las 19:00<\/li>\n<li>Las clases comienzan el 13 de septiembre<\/li>\n<li>Cena y cuidado de ni\u00f1os de cortes\u00eda (para menores de 5 a\u00f1os)<\/li>\n<\/ul>\n<p>[\/vc_column_text][vc_btn title=\u00bb\u00a1Comprar ahora!\u00bb el_class=\u00bbred-btn popmake-8491&#8243; link=\u00bburl:https%3A%2F%2Fchristian-works.org%2Fes%2Fbuy-now%2F|title:Buy%20Now\u00bb][vc_btn title=\u00bbObtenga m\u00e1s informaci\u00f3n sobre nuestro grupo de apoyo para ni\u00f1os en divorcio\u00bb el_class=\u00bbred-btn red-btn-inverse\u00bb link=\u00bburl:http%3A%2F%2Fnorthpointecofc.org%2Fkids-in-divorce%2F|title:Buy%20Now\u00bb][\/vc_column][\/vc_row][\/vc_section]<\/p>\n<\/div>","protected":false},"excerpt":{"rendered":"<p>[vc_section full_width=\u00bbstretch_row\u00bb el_class=\u00bbgrief-section breakway-divorce-section\u00bb][vc_row][vc_column width=\u00bb1\/2&#8243;][vc_custom_heading text=\u00bbDivorcio BreakWay\u00bb font_container=\u00bbtag:h3|text_align:left\u00bb use_theme_fonts=\u00bbyes\u00bb][vc_column_text]BreakWay: un programa de viaje de divorcio est\u00e1 dise\u00f1ado para ni\u00f1os que est\u00e1n experimentando un divorcio en su familia. El 50% de todos los ni\u00f1os nacidos de padres casados experimentar\u00e1n el divorcio de sus padres antes de los 18 a\u00f1os. Muchos ni\u00f1os que experimentan un divorcio en [&hellip;]<\/p>\n","protected":false},"author":4,"featured_media":864,"parent":0,"menu_order":0,"comment_status":"closed","ping_status":"closed","template":"fullwidth.php","meta":{"_acf_changed":false,"inline_featured_image":false,"footnotes":""},"class_list":["post-6808","page","type-page","status-publish","has-post-thumbnail","hentry"],"acf":[],"yoast_head":"<!-- This site is optimized with the Yoast SEO plugin v27.3 - https:\/\/yoast.com\/product\/yoast-seo-wordpress\/ -->\n<title>Divorcio - ChristianWorks<\/title>\n<meta name=\"robots\" content=\"index, follow, max-snippet:-1, max-image-preview:large, max-video-preview:-1\" \/>\n<link rel=\"canonical\" href=\"https:\/\/christian-works.org\/es\/divorce-2\/\" \/>\n<meta property=\"og:locale\" content=\"es_ES\" \/>\n<meta property=\"og:type\" content=\"article\" \/>\n<meta property=\"og:title\" content=\"Divorcio - ChristianWorks\" \/>\n<meta property=\"og:description\" content=\"[vc_section full_width=\u00bbstretch_row\u00bb el_class=\u00bbgrief-section breakway-divorce-section\u00bb][vc_row][vc_column width=\u00bb1\/2&#8243;][vc_custom_heading text=\u00bbDivorcio BreakWay\u00bb font_container=\u00bbtag:h3|text_align:left\u00bb use_theme_fonts=\u00bbyes\u00bb][vc_column_text]BreakWay: un programa de viaje de divorcio est\u00e1 dise\u00f1ado para ni\u00f1os que est\u00e1n experimentando un divorcio en su familia. El 50% de todos los ni\u00f1os nacidos de padres casados experimentar\u00e1n el divorcio de sus padres antes de los 18 a\u00f1os. Muchos ni\u00f1os que experimentan un divorcio en [&hellip;]\" \/>\n<meta property=\"og:url\" content=\"https:\/\/christian-works.org\/es\/divorce-2\/\" \/>\n<meta property=\"og:site_name\" content=\"ChristianWorks\" \/>\n<meta property=\"article:modified_time\" content=\"2025-06-13T15:48:56+00:00\" \/>\n<meta property=\"og:image\" content=\"https:\/\/christian-works.org\/wp-content\/uploads\/2022\/03\/Group-14166-min-1.jpg\" \/>\n\t<meta property=\"og:image:width\" content=\"1920\" \/>\n\t<meta property=\"og:image:height\" content=\"400\" \/>\n\t<meta property=\"og:image:type\" content=\"image\/jpeg\" \/>\n<meta name=\"twitter:card\" content=\"summary_large_image\" \/>\n<meta name=\"twitter:label1\" content=\"Tiempo de lectura\" \/>\n\t<meta name=\"twitter:data1\" content=\"2 minutos\" \/>\n<script type=\"application\/ld+json\" class=\"yoast-schema-graph\">{\"@context\":\"https:\\\/\\\/schema.org\",\"@graph\":[{\"@type\":\"WebPage\",\"@id\":\"https:\\\/\\\/christian-works.org\\\/es\\\/divorce-2\\\/\",\"url\":\"https:\\\/\\\/christian-works.org\\\/es\\\/divorce-2\\\/\",\"name\":\"Divorcio - ChristianWorks\",\"isPartOf\":{\"@id\":\"https:\\\/\\\/christian-works.org\\\/#website\"},\"primaryImageOfPage\":{\"@id\":\"https:\\\/\\\/christian-works.org\\\/es\\\/divorce-2\\\/#primaryimage\"},\"image\":{\"@id\":\"https:\\\/\\\/christian-works.org\\\/es\\\/divorce-2\\\/#primaryimage\"},\"thumbnailUrl\":\"https:\\\/\\\/christian-works.org\\\/wp-content\\\/uploads\\\/2022\\\/03\\\/Group-14166-min-1.jpg?wsr\",\"datePublished\":\"2022-03-28T12:08:17+00:00\",\"dateModified\":\"2025-06-13T15:48:56+00:00\",\"breadcrumb\":{\"@id\":\"https:\\\/\\\/christian-works.org\\\/es\\\/divorce-2\\\/#breadcrumb\"},\"inLanguage\":\"es\",\"potentialAction\":[{\"@type\":\"ReadAction\",\"target\":[\"https:\\\/\\\/christian-works.org\\\/es\\\/divorce-2\\\/\"]}]},{\"@type\":\"ImageObject\",\"inLanguage\":\"es\",\"@id\":\"https:\\\/\\\/christian-works.org\\\/es\\\/divorce-2\\\/#primaryimage\",\"url\":\"https:\\\/\\\/christian-works.org\\\/wp-content\\\/uploads\\\/2022\\\/03\\\/Group-14166-min-1.jpg?wsr\",\"contentUrl\":\"https:\\\/\\\/christian-works.org\\\/wp-content\\\/uploads\\\/2022\\\/03\\\/Group-14166-min-1.jpg?wsr\",\"width\":1920,\"height\":400},{\"@type\":\"BreadcrumbList\",\"@id\":\"https:\\\/\\\/christian-works.org\\\/es\\\/divorce-2\\\/#breadcrumb\",\"itemListElement\":[{\"@type\":\"ListItem\",\"position\":1,\"name\":\"Home\",\"item\":\"https:\\\/\\\/christian-works.org\\\/es\\\/\"},{\"@type\":\"ListItem\",\"position\":2,\"name\":\"Divorcio\"}]},{\"@type\":\"WebSite\",\"@id\":\"https:\\\/\\\/christian-works.org\\\/#website\",\"url\":\"https:\\\/\\\/christian-works.org\\\/\",\"name\":\"ChristianWorks\",\"description\":\"\",\"potentialAction\":[{\"@type\":\"SearchAction\",\"target\":{\"@type\":\"EntryPoint\",\"urlTemplate\":\"https:\\\/\\\/christian-works.org\\\/?s={search_term_string}\"},\"query-input\":{\"@type\":\"PropertyValueSpecification\",\"valueRequired\":true,\"valueName\":\"search_term_string\"}}],\"inLanguage\":\"es\"}]}<\/script>\n<!-- \/ Yoast SEO plugin. -->","yoast_head_json":{"title":"Divorcio - ChristianWorks","robots":{"index":"index","follow":"follow","max-snippet":"max-snippet:-1","max-image-preview":"max-image-preview:large","max-video-preview":"max-video-preview:-1"},"canonical":"https:\/\/christian-works.org\/es\/divorce-2\/","og_locale":"es_ES","og_type":"article","og_title":"Divorcio - ChristianWorks","og_description":"[vc_section full_width=\u00bbstretch_row\u00bb el_class=\u00bbgrief-section breakway-divorce-section\u00bb][vc_row][vc_column width=\u00bb1\/2&#8243;][vc_custom_heading text=\u00bbDivorcio BreakWay\u00bb font_container=\u00bbtag:h3|text_align:left\u00bb use_theme_fonts=\u00bbyes\u00bb][vc_column_text]BreakWay: un programa de viaje de divorcio est\u00e1 dise\u00f1ado para ni\u00f1os que est\u00e1n experimentando un divorcio en su familia. El 50% de todos los ni\u00f1os nacidos de padres casados experimentar\u00e1n el divorcio de sus padres antes de los 18 a\u00f1os. Muchos ni\u00f1os que experimentan un divorcio en [&hellip;]","og_url":"https:\/\/christian-works.org\/es\/divorce-2\/","og_site_name":"ChristianWorks","article_modified_time":"2025-06-13T15:48:56+00:00","og_image":[{"width":1920,"height":400,"url":"https:\/\/christian-works.org\/wp-content\/uploads\/2022\/03\/Group-14166-min-1.jpg","type":"image\/jpeg"}],"twitter_card":"summary_large_image","twitter_misc":{"Tiempo de lectura":"2 minutos"},"schema":{"@context":"https:\/\/schema.org","@graph":[{"@type":"WebPage","@id":"https:\/\/christian-works.org\/es\/divorce-2\/","url":"https:\/\/christian-works.org\/es\/divorce-2\/","name":"Divorcio - ChristianWorks","isPartOf":{"@id":"https:\/\/christian-works.org\/#website"},"primaryImageOfPage":{"@id":"https:\/\/christian-works.org\/es\/divorce-2\/#primaryimage"},"image":{"@id":"https:\/\/christian-works.org\/es\/divorce-2\/#primaryimage"},"thumbnailUrl":"https:\/\/christian-works.org\/wp-content\/uploads\/2022\/03\/Group-14166-min-1.jpg?wsr","datePublished":"2022-03-28T12:08:17+00:00","dateModified":"2025-06-13T15:48:56+00:00","breadcrumb":{"@id":"https:\/\/christian-works.org\/es\/divorce-2\/#breadcrumb"},"inLanguage":"es","potentialAction":[{"@type":"ReadAction","target":["https:\/\/christian-works.org\/es\/divorce-2\/"]}]},{"@type":"ImageObject","inLanguage":"es","@id":"https:\/\/christian-works.org\/es\/divorce-2\/#primaryimage","url":"https:\/\/christian-works.org\/wp-content\/uploads\/2022\/03\/Group-14166-min-1.jpg?wsr","contentUrl":"https:\/\/christian-works.org\/wp-content\/uploads\/2022\/03\/Group-14166-min-1.jpg?wsr","width":1920,"height":400},{"@type":"BreadcrumbList","@id":"https:\/\/christian-works.org\/es\/divorce-2\/#breadcrumb","itemListElement":[{"@type":"ListItem","position":1,"name":"Home","item":"https:\/\/christian-works.org\/es\/"},{"@type":"ListItem","position":2,"name":"Divorcio"}]},{"@type":"WebSite","@id":"https:\/\/christian-works.org\/#website","url":"https:\/\/christian-works.org\/","name":"ChristianWorks","description":"","potentialAction":[{"@type":"SearchAction","target":{"@type":"EntryPoint","urlTemplate":"https:\/\/christian-works.org\/?s={search_term_string}"},"query-input":{"@type":"PropertyValueSpecification","valueRequired":true,"valueName":"search_term_string"}}],"inLanguage":"es"}]}},"_links":{"self":[{"href":"https:\/\/christian-works.org\/es\/wp-json\/wp\/v2\/pages\/6808","targetHints":{"allow":["GET"]}}],"collection":[{"href":"https:\/\/christian-works.org\/es\/wp-json\/wp\/v2\/pages"}],"about":[{"href":"https:\/\/christian-works.org\/es\/wp-json\/wp\/v2\/types\/page"}],"author":[{"embeddable":true,"href":"https:\/\/christian-works.org\/es\/wp-json\/wp\/v2\/users\/4"}],"replies":[{"embeddable":true,"href":"https:\/\/christian-works.org\/es\/wp-json\/wp\/v2\/comments?post=6808"}],"version-history":[{"count":5,"href":"https:\/\/christian-works.org\/es\/wp-json\/wp\/v2\/pages\/6808\/revisions"}],"predecessor-version":[{"id":10241,"href":"https:\/\/christian-works.org\/es\/wp-json\/wp\/v2\/pages\/6808\/revisions\/10241"}],"wp:featuredmedia":[{"embeddable":true,"href":"https:\/\/christian-works.org\/es\/wp-json\/wp\/v2\/media\/864"}],"wp:attachment":[{"href":"https:\/\/christian-works.org\/es\/wp-json\/wp\/v2\/media?parent=6808"}],"curies":[{"name":"wp","href":"https:\/\/api.w.org\/{rel}","templated":true}]}}