{"id":6809,"date":"2022-03-28T11:31:00","date_gmt":"2022-03-28T11:31:00","guid":{"rendered":"https:\/\/christian-works.org\/divorcio-2\/"},"modified":"2025-06-13T15:49:26","modified_gmt":"2025-06-13T15:49:26","slug":"divorce","status":"publish","type":"page","link":"https:\/\/christian-works.org\/es\/divorce\/","title":{"rendered":"Divorcio"},"content":{"rendered":"<div class=\"wpb-content-wrapper\"><p>[vc_section full_width=\u00bbstretch_row\u00bb el_class=\u00bbdivorce-section\u00bb][vc_row][vc_column width=\u00bb1\/2&#8243;][vc_custom_heading text=\u00bbDivorcio\u00bb font_container=\u00bbtag:h3|text_align:left\u00bb use_theme_fonts=\u00bbyes\u00bb][vc_column_text]Las estad\u00edsticas actuales muestran que el 36,6 % de todos los matrimonios en los Estados Unidos terminar\u00e1n en divorcio y aproximadamente el 50 % de los ni\u00f1os en los EE. UU. ver\u00e1n que el matrimonio de sus padres termina en divorcio. El impacto en el desarrollo mental y emocional de un ni\u00f1o debido al divorcio es evidente en las estad\u00edsticas que muestran que los adolescentes divorciados tienen 3 veces m\u00e1s probabilidades de experimentar problemas de salud mental, depresi\u00f3n, pensamientos suicidas, problemas de rendimiento acad\u00e9mico y tensiones en el desarrollo social.<\/p>\n<p>La necesidad de ayudar a mantener a estas familias es sustancial. Los ni\u00f1os y adolescentes necesitan un espacio seguro para tener una comunicaci\u00f3n abierta entre ellos y sus padres para fortalecer las relaciones familiares y ayudar a los padres a encontrar formas de disminuir los efectos y facilitar la curaci\u00f3n de sus hijos.[\/vc_column_text][vc_btn title=\u00bbObtenga m\u00e1s informaci\u00f3n sobre nuestro grupo de apoyo KidsWork\u00bb el_class=\u00bbpurple-btn\u00bb link=\u00bburl:https%3A%2F%2Fchristian-works.org%2Fes%2Fkidsworks%2F|title:KidsWorks\u00bb][\/vc_column][vc_column width=\u00bb1\/2&#8243;][vc_single_image image=\u00bb865&#8243; img_size=\u00bblarge\u00bb][\/vc_column][\/vc_row][vc_row css=\u00bb.vc_custom_1654788306684{padding-top: 50px !important;}\u00bb][vc_column][vc_column_text]A menudo, los padres que se divorcian se enfocan en sus propios sentimientos y es posible que no vean o comprendan el efecto que el divorcio est\u00e1 teniendo en su hijo. Como resultado, pueden decir o hacer cosas que involuntariamente profundizan las heridas del divorcio. KIDWorks permite a los padres concentrarse en el impacto del divorcio en su hijo y ofrece formas de comprender los sentimientos y comportamientos del ni\u00f1o que surgen del divorcio.[\/vc_column_text][\/vc_column][\/vc_row][\/vc_section][vc_section el_class=\u00bbcta-support-section\u00bb][vc_row content_placement=\u00bbmiddle\u00bb css=\u00bb.vc_custom_1649779684391{background-image: url(https:\/\/christian-works.org\/wp-content\/uploads\/2022\/04\/Group-14138.png?id=1998) !important;background-position: 0 0 !important;background-repeat: no-repeat !important;}\u00bb][vc_column width=\u00bb3\/4&#8243;][vc_custom_heading text=\u00bbAy\u00fadanos a construir hogares y familias saludables.\u00bb use_theme_fonts=\u00bbyes\u00bb][vc_column_text]ChristianWorks for Children es una organizaci\u00f3n sin fines de lucro 501(c)(3) \u2014 EIN: 75-1246028.<br \/>\nCon su apoyo, podemos continuar con el ejemplo de servicio de Jesucristo. \u00a1As\u00f3ciese con nosotros hoy![\/vc_column_text][\/vc_column][vc_column width=\u00bb1\/4&#8243;][vc_btn title=\u00bbApoyanos\u00bb align=\u00bbcenter\u00bb link=\u00bburl:https%3A%2F%2Fchristian-works.org%2Fes%2Fdonate-2%2F\u00bb el_class=\u00bbwhite-btn\u00bb][\/vc_column][\/vc_row][\/vc_section]<\/p>\n<\/div>","protected":false},"excerpt":{"rendered":"<p>[vc_section full_width=\u00bbstretch_row\u00bb el_class=\u00bbdivorce-section\u00bb][vc_row][vc_column width=\u00bb1\/2&#8243;][vc_custom_heading text=\u00bbDivorcio\u00bb font_container=\u00bbtag:h3|text_align:left\u00bb use_theme_fonts=\u00bbyes\u00bb][vc_column_text]Las estad\u00edsticas actuales muestran que el 36,6 % de todos los matrimonios en los Estados Unidos terminar\u00e1n en divorcio y aproximadamente el 50 % de los ni\u00f1os en los EE. UU. ver\u00e1n que el matrimonio de sus padres termina en divorcio. El impacto en el desarrollo mental y emocional [&hellip;]<\/p>\n","protected":false},"author":4,"featured_media":864,"parent":0,"menu_order":0,"comment_status":"closed","ping_status":"closed","template":"fullwidth.php","meta":{"_acf_changed":false,"inline_featured_image":false,"footnotes":""},"class_list":["post-6809","page","type-page","status-publish","has-post-thumbnail","hentry"],"acf":[],"yoast_head":"<!-- This site is optimized with the Yoast SEO plugin v27.1.1 - https:\/\/yoast.com\/product\/yoast-seo-wordpress\/ -->\n<title>Divorce - ChristianWorks<\/title>\n<meta name=\"robots\" content=\"index, follow, max-snippet:-1, max-image-preview:large, max-video-preview:-1\" \/>\n<link rel=\"canonical\" href=\"https:\/\/christian-works.org\/es\/divorce\/\" \/>\n<meta property=\"og:locale\" content=\"es_ES\" \/>\n<meta property=\"og:type\" content=\"article\" \/>\n<meta property=\"og:title\" content=\"Divorce - ChristianWorks\" \/>\n<meta property=\"og:description\" content=\"[vc_section full_width=\u00bbstretch_row\u00bb el_class=\u00bbdivorce-section\u00bb][vc_row][vc_column width=\u00bb1\/2&#8243;][vc_custom_heading text=\u00bbDivorcio\u00bb font_container=\u00bbtag:h3|text_align:left\u00bb use_theme_fonts=\u00bbyes\u00bb][vc_column_text]Las estad\u00edsticas actuales muestran que el 36,6 % de todos los matrimonios en los Estados Unidos terminar\u00e1n en divorcio y aproximadamente el 50 % de los ni\u00f1os en los EE. UU. ver\u00e1n que el matrimonio de sus padres termina en divorcio. El impacto en el desarrollo mental y emocional [&hellip;]\" \/>\n<meta property=\"og:url\" content=\"https:\/\/christian-works.org\/es\/divorce\/\" \/>\n<meta property=\"og:site_name\" content=\"ChristianWorks\" \/>\n<meta property=\"article:modified_time\" content=\"2025-06-13T15:49:26+00:00\" \/>\n<meta property=\"og:image\" content=\"https:\/\/christian-works.org\/wp-content\/uploads\/2022\/03\/Group-14166-min-1.jpg\" \/>\n\t<meta property=\"og:image:width\" content=\"1920\" \/>\n\t<meta property=\"og:image:height\" content=\"400\" \/>\n\t<meta property=\"og:image:type\" content=\"image\/jpeg\" \/>\n<meta name=\"twitter:card\" content=\"summary_large_image\" \/>\n<meta name=\"twitter:label1\" content=\"Tiempo de lectura\" \/>\n\t<meta name=\"twitter:data1\" content=\"2 minutos\" \/>\n<script type=\"application\/ld+json\" class=\"yoast-schema-graph\">{\"@context\":\"https:\/\/schema.org\",\"@graph\":[{\"@type\":\"WebPage\",\"@id\":\"https:\/\/christian-works.org\/es\/divorce\/\",\"url\":\"https:\/\/christian-works.org\/es\/divorce\/\",\"name\":\"Divorce - ChristianWorks\",\"isPartOf\":{\"@id\":\"https:\/\/christian-works.org\/#website\"},\"primaryImageOfPage\":{\"@id\":\"https:\/\/christian-works.org\/es\/divorce\/#primaryimage\"},\"image\":{\"@id\":\"https:\/\/christian-works.org\/es\/divorce\/#primaryimage\"},\"thumbnailUrl\":\"https:\/\/christian-works.org\/wp-content\/uploads\/2022\/03\/Group-14166-min-1.jpg?wsr\",\"datePublished\":\"2022-03-28T11:31:00+00:00\",\"dateModified\":\"2025-06-13T15:49:26+00:00\",\"breadcrumb\":{\"@id\":\"https:\/\/christian-works.org\/es\/divorce\/#breadcrumb\"},\"inLanguage\":\"es\",\"potentialAction\":[{\"@type\":\"ReadAction\",\"target\":[\"https:\/\/christian-works.org\/es\/divorce\/\"]}]},{\"@type\":\"ImageObject\",\"inLanguage\":\"es\",\"@id\":\"https:\/\/christian-works.org\/es\/divorce\/#primaryimage\",\"url\":\"https:\/\/christian-works.org\/wp-content\/uploads\/2022\/03\/Group-14166-min-1.jpg?wsr\",\"contentUrl\":\"https:\/\/christian-works.org\/wp-content\/uploads\/2022\/03\/Group-14166-min-1.jpg?wsr\",\"width\":1920,\"height\":400},{\"@type\":\"BreadcrumbList\",\"@id\":\"https:\/\/christian-works.org\/es\/divorce\/#breadcrumb\",\"itemListElement\":[{\"@type\":\"ListItem\",\"position\":1,\"name\":\"Home\",\"item\":\"https:\/\/christian-works.org\/es\/\"},{\"@type\":\"ListItem\",\"position\":2,\"name\":\"Divorcio\"}]},{\"@type\":\"WebSite\",\"@id\":\"https:\/\/christian-works.org\/#website\",\"url\":\"https:\/\/christian-works.org\/\",\"name\":\"ChristianWorks\",\"description\":\"\",\"potentialAction\":[{\"@type\":\"SearchAction\",\"target\":{\"@type\":\"EntryPoint\",\"urlTemplate\":\"https:\/\/christian-works.org\/?s={search_term_string}\"},\"query-input\":{\"@type\":\"PropertyValueSpecification\",\"valueRequired\":true,\"valueName\":\"search_term_string\"}}],\"inLanguage\":\"es\"}]}<\/script>\n<!-- \/ Yoast SEO plugin. -->","yoast_head_json":{"title":"Divorce - ChristianWorks","robots":{"index":"index","follow":"follow","max-snippet":"max-snippet:-1","max-image-preview":"max-image-preview:large","max-video-preview":"max-video-preview:-1"},"canonical":"https:\/\/christian-works.org\/es\/divorce\/","og_locale":"es_ES","og_type":"article","og_title":"Divorce - ChristianWorks","og_description":"[vc_section full_width=\u00bbstretch_row\u00bb el_class=\u00bbdivorce-section\u00bb][vc_row][vc_column width=\u00bb1\/2&#8243;][vc_custom_heading text=\u00bbDivorcio\u00bb font_container=\u00bbtag:h3|text_align:left\u00bb use_theme_fonts=\u00bbyes\u00bb][vc_column_text]Las estad\u00edsticas actuales muestran que el 36,6 % de todos los matrimonios en los Estados Unidos terminar\u00e1n en divorcio y aproximadamente el 50 % de los ni\u00f1os en los EE. UU. ver\u00e1n que el matrimonio de sus padres termina en divorcio. El impacto en el desarrollo mental y emocional [&hellip;]","og_url":"https:\/\/christian-works.org\/es\/divorce\/","og_site_name":"ChristianWorks","article_modified_time":"2025-06-13T15:49:26+00:00","og_image":[{"width":1920,"height":400,"url":"https:\/\/christian-works.org\/wp-content\/uploads\/2022\/03\/Group-14166-min-1.jpg","type":"image\/jpeg"}],"twitter_card":"summary_large_image","twitter_misc":{"Tiempo de lectura":"2 minutos"},"schema":{"@context":"https:\/\/schema.org","@graph":[{"@type":"WebPage","@id":"https:\/\/christian-works.org\/es\/divorce\/","url":"https:\/\/christian-works.org\/es\/divorce\/","name":"Divorce - ChristianWorks","isPartOf":{"@id":"https:\/\/christian-works.org\/#website"},"primaryImageOfPage":{"@id":"https:\/\/christian-works.org\/es\/divorce\/#primaryimage"},"image":{"@id":"https:\/\/christian-works.org\/es\/divorce\/#primaryimage"},"thumbnailUrl":"https:\/\/christian-works.org\/wp-content\/uploads\/2022\/03\/Group-14166-min-1.jpg?wsr","datePublished":"2022-03-28T11:31:00+00:00","dateModified":"2025-06-13T15:49:26+00:00","breadcrumb":{"@id":"https:\/\/christian-works.org\/es\/divorce\/#breadcrumb"},"inLanguage":"es","potentialAction":[{"@type":"ReadAction","target":["https:\/\/christian-works.org\/es\/divorce\/"]}]},{"@type":"ImageObject","inLanguage":"es","@id":"https:\/\/christian-works.org\/es\/divorce\/#primaryimage","url":"https:\/\/christian-works.org\/wp-content\/uploads\/2022\/03\/Group-14166-min-1.jpg?wsr","contentUrl":"https:\/\/christian-works.org\/wp-content\/uploads\/2022\/03\/Group-14166-min-1.jpg?wsr","width":1920,"height":400},{"@type":"BreadcrumbList","@id":"https:\/\/christian-works.org\/es\/divorce\/#breadcrumb","itemListElement":[{"@type":"ListItem","position":1,"name":"Home","item":"https:\/\/christian-works.org\/es\/"},{"@type":"ListItem","position":2,"name":"Divorcio"}]},{"@type":"WebSite","@id":"https:\/\/christian-works.org\/#website","url":"https:\/\/christian-works.org\/","name":"ChristianWorks","description":"","potentialAction":[{"@type":"SearchAction","target":{"@type":"EntryPoint","urlTemplate":"https:\/\/christian-works.org\/?s={search_term_string}"},"query-input":{"@type":"PropertyValueSpecification","valueRequired":true,"valueName":"search_term_string"}}],"inLanguage":"es"}]}},"_links":{"self":[{"href":"https:\/\/christian-works.org\/es\/wp-json\/wp\/v2\/pages\/6809","targetHints":{"allow":["GET"]}}],"collection":[{"href":"https:\/\/christian-works.org\/es\/wp-json\/wp\/v2\/pages"}],"about":[{"href":"https:\/\/christian-works.org\/es\/wp-json\/wp\/v2\/types\/page"}],"author":[{"embeddable":true,"href":"https:\/\/christian-works.org\/es\/wp-json\/wp\/v2\/users\/4"}],"replies":[{"embeddable":true,"href":"https:\/\/christian-works.org\/es\/wp-json\/wp\/v2\/comments?post=6809"}],"version-history":[{"count":6,"href":"https:\/\/christian-works.org\/es\/wp-json\/wp\/v2\/pages\/6809\/revisions"}],"predecessor-version":[{"id":10243,"href":"https:\/\/christian-works.org\/es\/wp-json\/wp\/v2\/pages\/6809\/revisions\/10243"}],"wp:featuredmedia":[{"embeddable":true,"href":"https:\/\/christian-works.org\/es\/wp-json\/wp\/v2\/media\/864"}],"wp:attachment":[{"href":"https:\/\/christian-works.org\/es\/wp-json\/wp\/v2\/media?parent=6809"}],"curies":[{"name":"wp","href":"https:\/\/api.w.org\/{rel}","templated":true}]}}