{"id":6810,"date":"2022-03-25T13:49:08","date_gmt":"2022-03-25T13:49:08","guid":{"rendered":"https:\/\/christian-works.org\/consejeriaobras\/"},"modified":"2025-06-13T15:53:44","modified_gmt":"2025-06-13T15:53:44","slug":"counseling-works","status":"publish","type":"page","link":"https:\/\/christian-works.org\/es\/counseling-works\/","title":{"rendered":"CounselingWorks Espanol"},"content":{"rendered":"<div class=\"wpb-content-wrapper\"><p>[vc_section el_class=\u00bbcounseling-esp-section\u00bb][vc_row][vc_column width=\u00bb1\/2&#8243;][vc_custom_heading text=\u00bbQuienes Somos Y C\u00f3mo Ayudamos?\u00bb font_container=\u00bbtag:h3|text_align:left\u00bb use_theme_fonts=\u00bbyes\u00bb][vc_column_text]CounselingWorks es un centro de consejer\u00eda cristiana cuyo personal de terapeutas licenciados cree que las relaciones y las personas son restauradas cuando sus necesidades emocionales, f\u00edsicas, espirituales e intelectuales son satisfechas. El personal de CounselingWorks cree que los individuos y los miembros de la familia tienen puntos de fortaleza. Nos esforzamos para ayudar a que cada cliente utilice sus fortalezas individuales para su propio beneficio y bienestar.[\/vc_column_text][vc_btn title=\u00bbReg\u00edstrese hoy mismo para consejer\u00eda cristiana!\u00bb link=\u00bburl:https%3A%2F%2Fchristian-works.org%2Fes%2Fcontact-us%2F\u00bb el_class=\u00bbred-btn\u00bb][vc_column_text]<em>Si se encuentra en una situaci\u00f3n que pone en peligro su vida, no use este sitio. Llame al 9-11 para obtener ayuda inmediata.<\/em>[\/vc_column_text][\/vc_column][vc_column width=\u00bb1\/2&#8243;]<div id=\"ultimate-video-632769e456aa66d13\" class=\"ult-video  ult-adjust-bottom-margin ultimate-video-632769e456aa66d13 ultv-9807 \"><div class=\"ultv-video ultv-aspect-ratio-16_9 ultv-subscribe-responsive-none\" data-videotype=\"uv_iframe\">\n\t\t\t\t\t\t<div class=\"ultv-video__outer-wrap\" data-autoplay=\"0\" data-device=\"false\"  data-iconbg=\"#3A3A3A\" data-overcolor=\"\" data-defaultbg=\"#1f1f1e\" data-defaultplay=\"defaulticon\"><div class=\"ultv-video__play\" data-src=\"https:\/\/www.youtube.com\/embed\/bHpUJN2TJOg?rel=0&#038;start&#038;end&#038;controls=1&#038;mute=0&#038;modestbranding=0&#038;autoplay=1\">\n\t\t\t\t\t\t\t\t<img decoding=\"async\" class=\"ultv-video__thumb\" src=\"https:\/\/christian-works.org\/wp-content\/uploads\/2022\/06\/hqdefault.jpg?wsr\"\/>\n\t\t\t\t\t\t\t\t<div class=\"ultv-video__play-icon  ultv-animation-none\" style=\"width:75px\"><svg height=\"100%\" version=\"1.1\" viewBox=\"0 0 68 48\" width=\"100%\"><path class=\"ultv-youtube-icon-bg\" d=\"m .66,37.62 c 0,0 .66,4.70 2.70,6.77 2.58,2.71 5.98,2.63 7.49,2.91 5.43,.52 23.10,.68 23.12,.68 .00,-1.3e-5 14.29,-0.02 23.81,-0.71 1.32,-0.15 4.22,-0.17 6.81,-2.89 2.03,-2.07 2.70,-6.77 2.70,-6.77 0,0 .67,-5.52 .67,-11.04 l 0,-5.17 c 0,-5.52 -0.67,-11.04 -0.67,-11.04 0,0 -0.66,-4.70 -2.70,-6.77 C 62.03,.86 59.13,.84 57.80,.69 48.28,0 34.00,0 34.00,0 33.97,0 19.69,0 10.18,.69 8.85,.84 5.95,.86 3.36,3.58 1.32,5.65 .66,10.35 .66,10.35 c 0,0 -0.55,4.50 -0.66,9.45 l 0,8.36 c .10,4.94 .66,9.45 .66,9.45 z\" fill=\"#1f1f1e\" ><\/path><path d=\"m 26.96,13.67 18.37,9.62 -18.37,9.55 -0.00,-19.17 z\" fill=\"#fff\"><\/path><path d=\"M 45.02,23.46 45.32,23.28 26.96,13.67 43.32,22.34 45.02,23.46 z\" fill=\"#ccc\"><\/path><\/svg><\/div> <\/div> <\/div><\/div><\/div>[\/vc_column][\/vc_row][\/vc_section][vc_section full_width=\u00bbstretch_row\u00bb el_class=\u00bbaprende-section custom-append-row\u00bb][vc_row gap=\u00bb30&#8243; el_class=\u00bbaprende-row custom-append-row\u00bb][vc_column width=\u00bb1\/2&#8243; el_class=\u00bbcustom-height-box\u00bb][vc_single_image image=\u00bb297&#8243; img_size=\u00bbfull\u00bb][vc_row_inner][vc_column_inner width=\u00bb2\/3&#8243;][vc_custom_heading text=\u00bbCounselingWorks\u00bb font_container=\u00bbtag:h4|text_align:left\u00bb use_theme_fonts=\u00bbyes\u00bb][\/vc_column_inner][vc_column_inner width=\u00bb1\/3&#8243;][vc_btn title=\u00bbAprende m\u00e1s\u00bb align=\u00bbright\u00bb link=\u00bburl:https%3A%2F%2Fchristian-works.org%2Fcounseling-works%2F|title:CounselingWorks\u00bb][\/vc_column_inner][\/vc_row_inner][\/vc_column][vc_column width=\u00bb1\/2&#8243;][vc_single_image image=\u00bb7632&#8243; img_size=\u00bbfull\u00bb][vc_row_inner][vc_column_inner width=\u00bb2\/3&#8243;][vc_custom_heading text=\u00bbCounselingWorks Sponsorship Program\u00bb font_container=\u00bbtag:h4|text_align:left\u00bb use_theme_fonts=\u00bbyes\u00bb][\/vc_column_inner][vc_column_inner width=\u00bb1\/3&#8243;][vc_btn title=\u00bbAprende m\u00e1s\u00bb align=\u00bbright\u00bb link=\u00bburl:https%3A%2F%2Fchristian-works.org%2Fes%2Fsponsorship%2F|title:Counseling%20Works\u00bb][\/vc_column_inner][\/vc_row_inner][\/vc_column][\/vc_row][vc_row gap=\u00bb30&#8243; el_class=\u00bbaprende-row custom-append-row\u00bb][vc_column][vc_single_image image=\u00bb7634&#8243; img_size=\u00bbfull\u00bb][vc_row_inner][vc_column_inner width=\u00bb2\/3&#8243;][vc_custom_heading text=\u00bbFree Support Groups\u00bb font_container=\u00bbtag:h4|text_align:left\u00bb use_theme_fonts=\u00bbyes\u00bb][\/vc_column_inner][vc_column_inner width=\u00bb1\/3&#8243;][vc_btn title=\u00bbAprende m\u00e1s\u00bb align=\u00bbright\u00bb link=\u00bburl:https%3A%2F%2Fchristian-works.org%2Fes%2Fsupport-groups%2F\u00bb][\/vc_column_inner][\/vc_row_inner][\/vc_column][\/vc_row][vc_row el_class=\u00bbaprende-content\u00bb][vc_column][vc_custom_heading text=\u00bbAprende M\u00e1s Sobre Consejer\u00eda\u00bb font_container=\u00bbtag:h3|text_align:left\u00bb use_theme_fonts=\u00bbyes\u00bb][vc_column_text]<\/p>\n<ul style=\"color: #ffffff;\">\n<li>Nuestros servicios son ofrecidos por terapeutas licenciados.<\/li>\n<li>Ofrecemos servicios de terapia en ingl\u00e9s y espa\u00f1ol.<\/li>\n<li>Aceptamos pagos en efectivo, cheque, y tarjeta de cr\u00e9dito, (Visa, Discover, MasterCard y American Express).<\/li>\n<li>Existen programas de patrocino para recibir consejer\u00eda a trav\u00e9s de ciertas iglesias, compa\u00f1\u00edas y organizaciones. Para mayor informaci\u00f3n llama a nuestra oficina.<\/li>\n<li>Tambi\u00e9n ofrecemos consejer\u00eda a tarifas reducidas para trabajadores de primeros auxilios, (polic\u00edas, bomberos y T\u00e9cnicos M\u00e9dicos de Emergencia) y sus familiares cercanos. Para mayor informaci\u00f3n llama a nuestra oficina.<\/li>\n<li>Todos los servicios de consejer\u00eda cumplen con los requisitos de HIPAA y las del estado de Texas para proteger la confidencialidad del cliente.<\/li>\n<li>Nuestros consejeros est\u00e1n disponibles de 9:00 a.m. a 9:00 p.m. de lunes a viernes y de 9:00 a.m. a 3:00 p.m. los s\u00e1bados.<\/li>\n<li>Los servicios de CounselingWorks incluyen consejer\u00eda individual, consejer\u00eda de pareja, consejer\u00eda matrimonial, consejer\u00eda prematrimonial, y consejer\u00eda familiar para ni\u00f1os de 3 a\u00f1os en adelante.<\/li>\n<li>Los servicios est\u00e1n disponibles en dos ubicaciones convenientes:<\/li>\n<\/ul>\n<p>[\/vc_column_text][\/vc_column][\/vc_row][vc_row css=\u00bb.vc_custom_1648233980265{background-color: #4bc592 !important;}\u00bb el_class=\u00bblocations-section\u00bb][vc_column][vc_custom_heading text=\u00bbUbicaciones de CounselingWorks\u00bb font_container=\u00bbtag:h4|text_align:left\u00bb use_theme_fonts=\u00bbyes\u00bb][vc_row_inner][vc_column_inner width=\u00bb1\/2&#8243;][vc_custom_heading text=\u00bbUbicaci\u00f3n de Dallas\u00bb font_container=\u00bbtag:h5|text_align:left\u00bb use_theme_fonts=\u00bbyes\u00bb][vc_gmaps link=\u00bb#E-8_JTNDaWZyYW1lJTIwc3JjJTNEJTIyaHR0cHMlM0ElMkYlMkZ3d3cuZ29vZ2xlLmNvbSUyRm1hcHMlMkZlbWJlZCUzRnBiJTNEJTIxMW0xOCUyMTFtMTIlMjExbTMlMjExZDMzNDkuMTE1Nzc0NzQ4NjAyJTIxMmQtOTYuODE3Nzc2NTg0ODE0MjUlMjEzZDMyLjkyMTUzOTI4MDkyODU1NiUyMTJtMyUyMTFmMCUyMTJmMCUyMTNmMCUyMTNtMiUyMTFpMTAyNCUyMTJpNzY4JTIxNGYxMy4xJTIxM20zJTIxMW0yJTIxMXMweDg2NGMyMGMyMjdiNjFiMTklMjUzQTB4YjBmMzA0ZjBiMWU1Zjk0NSUyMTJzNTQ0MCUyNTIwSGFydmVzdCUyNTIwSGlsbCUyNTIwJTI1MjMxNDAlMjUyQyUyNTIwRGFsbGFzJTI1MkMlMjUyMFRYJTI1MjA3NTIzMCUyNTJDJTI1MjBVU0ElMjE1ZTAlMjEzbTIlMjExc2VuJTIxMnMlMjE0djE2NDgyMzM3NTQ3NjQlMjE1bTIlMjExc2VuJTIxMnMlMjIlMjB3aWR0aCUzRCUyMjYwMCUyMiUyMGhlaWdodCUzRCUyMjM2MCUyMiUyMHN0eWxlJTNEJTIyYm9yZGVyJTNBMCUzQiUyMiUyMGFsbG93ZnVsbHNjcmVlbiUzRCUyMiUyMiUyMGxvYWRpbmclM0QlMjJsYXp5JTIyJTIwcmVmZXJyZXJwb2xpY3klM0QlMjJuby1yZWZlcnJlci13aGVuLWRvd25ncmFkZSUyMiUzRSUzQyUyRmlmcmFtZSUzRQ==\u00bb][\/vc_column_inner][vc_column_inner width=\u00bb1\/2&#8243;][vc_custom_heading text=\u00bbUbicaci\u00f3n de Fort Worth\u00bb font_container=\u00bbtag:h5|text_align:left\u00bb use_theme_fonts=\u00bbyes\u00bb][vc_gmaps link=\u00bb#E-8_JTNDaWZyYW1lJTIwc3JjJTNEJTIyaHR0cHMlM0ElMkYlMkZ3d3cuZ29vZ2xlLmNvbSUyRm1hcHMlMkZlbWJlZCUzRnBiJTNEJTIxMW0xOCUyMTFtMTIlMjExbTMlMjExZDMzNTYuNzMxOTEyOTYyMTgzMyUyMTJkLTk3LjMzNDE0MDA4NDgxOTQlMjEzZDMyLjcxOTc1MDc4MDk4OTQxJTIxMm0zJTIxMWYwJTIxMmYwJTIxM2YwJTIxM20yJTIxMWkxMDI0JTIxMmk3NjglMjE0ZjEzLjElMjEzbTMlMjExbTIlMjExczB4ODY0ZTcxOTg0ODc4NmJiOSUyNTNBMHhiNjU1NTdkZmE4ZjA0ZmE4JTIxMnMyMjE0JTI1MjBIZW1waGlsbCUyNTIwU3QlMjUyQyUyNTIwRm9ydCUyNTIwV29ydGglMjUyQyUyNTIwVFglMjUyMDc2MTEwJTI1MkMlMjUyMFVTQSUyMTVlMCUyMTNtMiUyMTFzZW4lMjEycyUyMTR2MTY0ODIzMzc3NzUxOCUyMTVtMiUyMTFzZW4lMjEycyUyMiUyMHdpZHRoJTNEJTIyNjAwJTIyJTIwaGVpZ2h0JTNEJTIyMzYwJTIyJTIwc3R5bGUlM0QlMjJib3JkZXIlM0EwJTNCJTIyJTIwYWxsb3dmdWxsc2NyZWVuJTNEJTIyJTIyJTIwbG9hZGluZyUzRCUyMmxhenklMjIlMjByZWZlcnJlcnBvbGljeSUzRCUyMm5vLXJlZmVycmVyLXdoZW4tZG93bmdyYWRlJTIyJTNFJTNDJTJGaWZyYW1lJTNF\u00bb][\/vc_column_inner][\/vc_row_inner][\/vc_column][\/vc_row][\/vc_section][vc_section el_class=\u00bbcta-support-section aprende-cta\u00bb][vc_row content_placement=\u00bbmiddle\u00bb css=\u00bb.vc_custom_1649777415366{background-image: url(https:\/\/christian-works.org\/wp-content\/uploads\/2022\/04\/Group-14138.png?id=1998) !important;background-position: 0 0 !important;background-repeat: no-repeat !important;}\u00bb][vc_column width=\u00bb3\/4&#8243;][vc_custom_heading text=\u00bbAy\u00fadanos a construir hogares y familias saludables.\u00bb use_theme_fonts=\u00bbyes\u00bb][vc_column_text]ChristianWorks for Children es una organizaci\u00f3n sin fines de lucro 501(c)(3) \u2014 EIN: 75-1246028.<br \/>\nCon su apoyo, podemos continuar con el ejemplo de servicio de Jesucristo. \u00a1As\u00f3ciese con nosotros hoy![\/vc_column_text][\/vc_column][vc_column width=\u00bb1\/4&#8243;][vc_btn title=\u00bbApoyanos\u00bb align=\u00bbcenter\u00bb link=\u00bburl:https%3A%2F%2Fchristian-works.org%2Fes%2Fdonate-2%2F\u00bb el_class=\u00bbwhite-btn\u00bb][\/vc_column][\/vc_row][\/vc_section]<\/p>\n<\/div>","protected":false},"excerpt":{"rendered":"<p>[vc_section el_class=\u00bbcounseling-esp-section\u00bb][vc_row][vc_column width=\u00bb1\/2&#8243;][vc_custom_heading text=\u00bbQuienes Somos Y C\u00f3mo Ayudamos?\u00bb font_container=\u00bbtag:h3|text_align:left\u00bb use_theme_fonts=\u00bbyes\u00bb][vc_column_text]CounselingWorks es un centro de consejer\u00eda cristiana cuyo personal de terapeutas licenciados cree que las relaciones y las personas son restauradas cuando sus necesidades emocionales, f\u00edsicas, espirituales e intelectuales son satisfechas. El personal de CounselingWorks cree que los individuos y los miembros de la familia tienen [&hellip;]<\/p>\n","protected":false},"author":4,"featured_media":825,"parent":0,"menu_order":0,"comment_status":"closed","ping_status":"closed","template":"fullwidth.php","meta":{"_acf_changed":false,"inline_featured_image":false,"footnotes":""},"class_list":["post-6810","page","type-page","status-publish","has-post-thumbnail","hentry"],"acf":[],"yoast_head":"<!-- This site is optimized with the Yoast SEO plugin v27.3 - https:\/\/yoast.com\/product\/yoast-seo-wordpress\/ -->\n<title>CounselingWorks | ChristianWorks Counseling Center<\/title>\n<meta name=\"description\" content=\"CounselingWorks is a Christian counseling center with a team of licensed therapists. Our services include individual, couple, marital, premarital, family counseling and play therapy for ages 3 and older.\" \/>\n<meta name=\"robots\" content=\"index, follow, max-snippet:-1, max-image-preview:large, max-video-preview:-1\" \/>\n<link rel=\"canonical\" href=\"https:\/\/christian-works.org\/es\/counseling-works\/\" \/>\n<meta property=\"og:locale\" content=\"es_ES\" \/>\n<meta property=\"og:type\" content=\"article\" \/>\n<meta property=\"og:title\" content=\"CounselingWorks | ChristianWorks Counseling Center\" \/>\n<meta property=\"og:description\" content=\"CounselingWorks is a Christian counseling center with a team of licensed therapists. Our services include individual, couple, marital, premarital, family counseling and play therapy for ages 3 and older.\" \/>\n<meta property=\"og:url\" content=\"https:\/\/christian-works.org\/es\/counseling-works\/\" \/>\n<meta property=\"og:site_name\" content=\"ChristianWorks\" \/>\n<meta property=\"article:modified_time\" content=\"2025-06-13T15:53:44+00:00\" \/>\n<meta property=\"og:image\" content=\"https:\/\/christian-works.org\/wp-content\/uploads\/2022\/03\/Group-14179-min.jpg\" \/>\n\t<meta property=\"og:image:width\" content=\"1920\" \/>\n\t<meta property=\"og:image:height\" content=\"400\" \/>\n\t<meta property=\"og:image:type\" content=\"image\/jpeg\" \/>\n<meta name=\"twitter:card\" content=\"summary_large_image\" \/>\n<meta name=\"twitter:label1\" content=\"Tiempo de lectura\" \/>\n\t<meta name=\"twitter:data1\" content=\"5 minutos\" \/>\n<script type=\"application\/ld+json\" class=\"yoast-schema-graph\">{\"@context\":\"https:\\\/\\\/schema.org\",\"@graph\":[{\"@type\":\"WebPage\",\"@id\":\"https:\\\/\\\/christian-works.org\\\/es\\\/counseling-works\\\/\",\"url\":\"https:\\\/\\\/christian-works.org\\\/es\\\/counseling-works\\\/\",\"name\":\"CounselingWorks | ChristianWorks Counseling Center\",\"isPartOf\":{\"@id\":\"https:\\\/\\\/christian-works.org\\\/#website\"},\"primaryImageOfPage\":{\"@id\":\"https:\\\/\\\/christian-works.org\\\/es\\\/counseling-works\\\/#primaryimage\"},\"image\":{\"@id\":\"https:\\\/\\\/christian-works.org\\\/es\\\/counseling-works\\\/#primaryimage\"},\"thumbnailUrl\":\"https:\\\/\\\/christian-works.org\\\/wp-content\\\/uploads\\\/2022\\\/03\\\/Group-14179-min.jpg?wsr\",\"datePublished\":\"2022-03-25T13:49:08+00:00\",\"dateModified\":\"2025-06-13T15:53:44+00:00\",\"description\":\"CounselingWorks is a Christian counseling center with a team of licensed therapists. Our services include individual, couple, marital, premarital, family counseling and play therapy for ages 3 and older.\",\"breadcrumb\":{\"@id\":\"https:\\\/\\\/christian-works.org\\\/es\\\/counseling-works\\\/#breadcrumb\"},\"inLanguage\":\"es\",\"potentialAction\":[{\"@type\":\"ReadAction\",\"target\":[\"https:\\\/\\\/christian-works.org\\\/es\\\/counseling-works\\\/\"]}]},{\"@type\":\"ImageObject\",\"inLanguage\":\"es\",\"@id\":\"https:\\\/\\\/christian-works.org\\\/es\\\/counseling-works\\\/#primaryimage\",\"url\":\"https:\\\/\\\/christian-works.org\\\/wp-content\\\/uploads\\\/2022\\\/03\\\/Group-14179-min.jpg?wsr\",\"contentUrl\":\"https:\\\/\\\/christian-works.org\\\/wp-content\\\/uploads\\\/2022\\\/03\\\/Group-14179-min.jpg?wsr\",\"width\":1920,\"height\":400},{\"@type\":\"BreadcrumbList\",\"@id\":\"https:\\\/\\\/christian-works.org\\\/es\\\/counseling-works\\\/#breadcrumb\",\"itemListElement\":[{\"@type\":\"ListItem\",\"position\":1,\"name\":\"Home\",\"item\":\"https:\\\/\\\/christian-works.org\\\/es\\\/\"},{\"@type\":\"ListItem\",\"position\":2,\"name\":\"CounselingWorks Espanol\"}]},{\"@type\":\"WebSite\",\"@id\":\"https:\\\/\\\/christian-works.org\\\/#website\",\"url\":\"https:\\\/\\\/christian-works.org\\\/\",\"name\":\"ChristianWorks\",\"description\":\"\",\"potentialAction\":[{\"@type\":\"SearchAction\",\"target\":{\"@type\":\"EntryPoint\",\"urlTemplate\":\"https:\\\/\\\/christian-works.org\\\/?s={search_term_string}\"},\"query-input\":{\"@type\":\"PropertyValueSpecification\",\"valueRequired\":true,\"valueName\":\"search_term_string\"}}],\"inLanguage\":\"es\"}]}<\/script>\n<!-- \/ Yoast SEO plugin. -->","yoast_head_json":{"title":"CounselingWorks | ChristianWorks Counseling Center","description":"CounselingWorks is a Christian counseling center with a team of licensed therapists. Our services include individual, couple, marital, premarital, family counseling and play therapy for ages 3 and older.","robots":{"index":"index","follow":"follow","max-snippet":"max-snippet:-1","max-image-preview":"max-image-preview:large","max-video-preview":"max-video-preview:-1"},"canonical":"https:\/\/christian-works.org\/es\/counseling-works\/","og_locale":"es_ES","og_type":"article","og_title":"CounselingWorks | ChristianWorks Counseling Center","og_description":"CounselingWorks is a Christian counseling center with a team of licensed therapists. Our services include individual, couple, marital, premarital, family counseling and play therapy for ages 3 and older.","og_url":"https:\/\/christian-works.org\/es\/counseling-works\/","og_site_name":"ChristianWorks","article_modified_time":"2025-06-13T15:53:44+00:00","og_image":[{"width":1920,"height":400,"url":"https:\/\/christian-works.org\/wp-content\/uploads\/2022\/03\/Group-14179-min.jpg","type":"image\/jpeg"}],"twitter_card":"summary_large_image","twitter_misc":{"Tiempo de lectura":"5 minutos"},"schema":{"@context":"https:\/\/schema.org","@graph":[{"@type":"WebPage","@id":"https:\/\/christian-works.org\/es\/counseling-works\/","url":"https:\/\/christian-works.org\/es\/counseling-works\/","name":"CounselingWorks | ChristianWorks Counseling Center","isPartOf":{"@id":"https:\/\/christian-works.org\/#website"},"primaryImageOfPage":{"@id":"https:\/\/christian-works.org\/es\/counseling-works\/#primaryimage"},"image":{"@id":"https:\/\/christian-works.org\/es\/counseling-works\/#primaryimage"},"thumbnailUrl":"https:\/\/christian-works.org\/wp-content\/uploads\/2022\/03\/Group-14179-min.jpg?wsr","datePublished":"2022-03-25T13:49:08+00:00","dateModified":"2025-06-13T15:53:44+00:00","description":"CounselingWorks is a Christian counseling center with a team of licensed therapists. Our services include individual, couple, marital, premarital, family counseling and play therapy for ages 3 and older.","breadcrumb":{"@id":"https:\/\/christian-works.org\/es\/counseling-works\/#breadcrumb"},"inLanguage":"es","potentialAction":[{"@type":"ReadAction","target":["https:\/\/christian-works.org\/es\/counseling-works\/"]}]},{"@type":"ImageObject","inLanguage":"es","@id":"https:\/\/christian-works.org\/es\/counseling-works\/#primaryimage","url":"https:\/\/christian-works.org\/wp-content\/uploads\/2022\/03\/Group-14179-min.jpg?wsr","contentUrl":"https:\/\/christian-works.org\/wp-content\/uploads\/2022\/03\/Group-14179-min.jpg?wsr","width":1920,"height":400},{"@type":"BreadcrumbList","@id":"https:\/\/christian-works.org\/es\/counseling-works\/#breadcrumb","itemListElement":[{"@type":"ListItem","position":1,"name":"Home","item":"https:\/\/christian-works.org\/es\/"},{"@type":"ListItem","position":2,"name":"CounselingWorks Espanol"}]},{"@type":"WebSite","@id":"https:\/\/christian-works.org\/#website","url":"https:\/\/christian-works.org\/","name":"ChristianWorks","description":"","potentialAction":[{"@type":"SearchAction","target":{"@type":"EntryPoint","urlTemplate":"https:\/\/christian-works.org\/?s={search_term_string}"},"query-input":{"@type":"PropertyValueSpecification","valueRequired":true,"valueName":"search_term_string"}}],"inLanguage":"es"}]}},"_links":{"self":[{"href":"https:\/\/christian-works.org\/es\/wp-json\/wp\/v2\/pages\/6810","targetHints":{"allow":["GET"]}}],"collection":[{"href":"https:\/\/christian-works.org\/es\/wp-json\/wp\/v2\/pages"}],"about":[{"href":"https:\/\/christian-works.org\/es\/wp-json\/wp\/v2\/types\/page"}],"author":[{"embeddable":true,"href":"https:\/\/christian-works.org\/es\/wp-json\/wp\/v2\/users\/4"}],"replies":[{"embeddable":true,"href":"https:\/\/christian-works.org\/es\/wp-json\/wp\/v2\/comments?post=6810"}],"version-history":[{"count":20,"href":"https:\/\/christian-works.org\/es\/wp-json\/wp\/v2\/pages\/6810\/revisions"}],"predecessor-version":[{"id":10259,"href":"https:\/\/christian-works.org\/es\/wp-json\/wp\/v2\/pages\/6810\/revisions\/10259"}],"wp:featuredmedia":[{"embeddable":true,"href":"https:\/\/christian-works.org\/es\/wp-json\/wp\/v2\/media\/825"}],"wp:attachment":[{"href":"https:\/\/christian-works.org\/es\/wp-json\/wp\/v2\/media?parent=6810"}],"curies":[{"name":"wp","href":"https:\/\/api.w.org\/{rel}","templated":true}]}}