{"id":6813,"date":"2022-03-25T17:04:44","date_gmt":"2022-03-25T17:04:44","guid":{"rendered":"https:\/\/christian-works.org\/kidsworks\/"},"modified":"2025-06-13T15:52:27","modified_gmt":"2025-06-13T15:52:27","slug":"kidsworks","status":"publish","type":"page","link":"https:\/\/christian-works.org\/es\/kidsworks\/","title":{"rendered":"KidWorks"},"content":{"rendered":"<div class=\"wpb-content-wrapper\"><p>[vc_section full_width=\u00bbstretch_row\u00bb el_class=\u00bbwhat-kids-section\u00bb][vc_row][vc_column width=\u00bb1\/2&#8243;][vc_custom_heading text=\u00bb\u00bfQu\u00e9 es KIDWorks?\u00bb font_container=\u00bbtag:h3|text_align:left\u00bb use_theme_fonts=\u00bbyes\u00bb][vc_column_text]KID significa Ni\u00f1os en Divorcio. KIDWorks es un programa de grupo de apoyo gratuito para ni\u00f1os de cinco a dieciocho a\u00f1os que est\u00e1n experimentando el divorcio de sus padres. En KIDWorks creemos que los ni\u00f1os necesitan ayuda especial para superar las p\u00e9rdidas y cambios en su vida debido a un divorcio. Creemos que honrar el proceso de curaci\u00f3n de la p\u00e9rdida es un componente necesario para mantener relaciones saludables en el futuro.<\/p>\n<p>Las sesiones de primavera comienzan el 13 de septiembre en Dallas y Ft. Valor. Llama al <a style=\"color: #ffffff !important;\" href=\"tel:972 960 9981\"> 972.960.9981 <\/a> o al <a style=\"color: #ffffff !important;\" href=\"tel:817 502 7789\"> 817.502.7789 <\/a> para asegurar tu lugar.[\/vc_column_text][vc_btn title=\u00bbContacto KidWorks\u00bb link=\u00bburl:https%3A%2F%2Fchristian-works.org%2Fcontact-us%2F\u00bb el_class=\u00bbwhite-btn white-purple\u00bb][\/vc_column][vc_column width=\u00bb1\/2&#8243;]<div id=\"ultimate-video-215569d3874f1d207\" class=\"ult-video  ult-adjust-bottom-margin ultimate-video-215569d3874f1d207 ultv-2624 \"><div class=\"ultv-video ultv-aspect-ratio-16_9 ultv-subscribe-responsive-none\" data-videotype=\"uv_iframe\">\n\t\t\t\t\t\t<div class=\"ultv-video__outer-wrap\" data-autoplay=\"0\" data-device=\"false\"  data-iconbg=\"#3A3A3A\" data-overcolor=\"\" data-defaultbg=\"#1f1f1e\" data-defaultplay=\"defaulticon\"><div class=\"ultv-video__play\" data-src=\"https:\/\/www.youtube.com\/embed\/Lk_osWUOhQA?rel=0&#038;start&#038;end&#038;controls=1&#038;mute=0&#038;modestbranding=0&#038;autoplay=1\">\n\t\t\t\t\t\t\t\t<img decoding=\"async\" class=\"ultv-video__thumb\" src=\"https:\/\/christian-works.org\/wp-content\/uploads\/2022\/03\/Group-14151-min.jpg?wsr\"\/>\n\t\t\t\t\t\t\t\t<div class=\"ultv-video__play-icon  ultv-animation-none\" style=\"width:75px\"><svg height=\"100%\" version=\"1.1\" viewBox=\"0 0 68 48\" width=\"100%\"><path class=\"ultv-youtube-icon-bg\" d=\"m .66,37.62 c 0,0 .66,4.70 2.70,6.77 2.58,2.71 5.98,2.63 7.49,2.91 5.43,.52 23.10,.68 23.12,.68 .00,-1.3e-5 14.29,-0.02 23.81,-0.71 1.32,-0.15 4.22,-0.17 6.81,-2.89 2.03,-2.07 2.70,-6.77 2.70,-6.77 0,0 .67,-5.52 .67,-11.04 l 0,-5.17 c 0,-5.52 -0.67,-11.04 -0.67,-11.04 0,0 -0.66,-4.70 -2.70,-6.77 C 62.03,.86 59.13,.84 57.80,.69 48.28,0 34.00,0 34.00,0 33.97,0 19.69,0 10.18,.69 8.85,.84 5.95,.86 3.36,3.58 1.32,5.65 .66,10.35 .66,10.35 c 0,0 -0.55,4.50 -0.66,9.45 l 0,8.36 c .10,4.94 .66,9.45 .66,9.45 z\" fill=\"#1f1f1e\" ><\/path><path d=\"m 26.96,13.67 18.37,9.62 -18.37,9.55 -0.00,-19.17 z\" fill=\"#fff\"><\/path><path d=\"M 45.02,23.46 45.32,23.28 26.96,13.67 43.32,22.34 45.02,23.46 z\" fill=\"#ccc\"><\/path><\/svg><\/div> <\/div> <\/div><\/div><\/div>[\/vc_column][\/vc_row][\/vc_section][vc_section full_width=\u00bbstretch_row\u00bb el_class=\u00bblearn-kids-section\u00bb][vc_row content_placement=\u00bbmiddle\u00bb el_class=\u00bblearn-more-row\u00bb][vc_column width=\u00bb1\/2&#8243; el_class=\u00bbhistory-image\u00bb][\/vc_column][vc_column width=\u00bb1\/2&#8243; el_class=\u00bbkids-content\u00bb][vc_custom_heading text=\u00bbM\u00e1s informaci\u00f3n sobre KIDWorks\u00bb font_container=\u00bbtag:h3|text_align:left\u00bb use_theme_fonts=\u00bbyes\u00bb][vc_column_text]Mientras est\u00e9n en KIDWorks, los ni\u00f1os tendr\u00e1n la libertad de explorar, identificarse y expresarse y sanar del trauma del divorcio a trav\u00e9s de la experiencia compartida de p\u00e9rdida y cambios importantes.<\/p>\n<p>KidWorks es un programa de 8 semanas que se ofrece tres veces al a\u00f1o en primavera, oto\u00f1o e invierno y se re\u00fane los lunes por la noche de 7:00 p. m. a 8:00 p. m. en nuestro Dallas &amp; Ft. Lugares dignos.<\/p>\n<p>Nuestro equipo de KidWorks apoya a los ni\u00f1os de padres divorciados al escuchar a cada ni\u00f1o compartir pensamientos y experiencias, lo que a menudo brinda beneficios para su proceso de curaci\u00f3n. Nuestro equipo no diagnosticar\u00e1 ni tratar\u00e1 problemas de salud mental durante el transcurso de las sesiones.[\/vc_column_text][vc_single_image image=\u00bb18&#8243; img_size=\u00bbfull\u00bb][\/vc_column][\/vc_row][vc_row el_class=\u00bbhow-child\u00bb][vc_column width=\u00bb1\/2&#8243;][vc_custom_heading text=\u00bbHow can a child learn more<br \/>\nabout How CounselingWorks?\u00bb font_container=\u00bbtag:h3|text_align:left\u00bb use_theme_fonts=\u00bbyes\u00bb][vc_btn title=\u00bbConsejer\u00edaObras\u00bb link=\u00bburl:https%3A%2F%2Fchristian-works.org%2Fes%2Fcounseling-works%2F\u00bb el_class=\u00bbred-btn\u00bb][\/vc_column][vc_column width=\u00bb1\/2&#8243;][vc_column_text]Si un ni\u00f1o ha asistido a KidWorks y su facilitador siente que podr\u00eda necesitar apoyo adicional, podemos remitirlo a CounselingWorks, donde contamos con una variedad de consejeros profesionales autorizados en el personal disponibles para brindar servicios terap\u00e9uticos individuales.[\/vc_column_text][\/vc_column][\/vc_row][\/vc_section][vc_section el_class=\u00bbcta-support-section\u00bb][vc_row content_placement=\u00bbmiddle\u00bb css=\u00bb.vc_custom_1649787329689{background-image: url(https:\/\/christian-works.org\/wp-content\/uploads\/2022\/04\/Group-14138.png?id=1998) !important;background-position: 0 0 !important;background-repeat: no-repeat !important;}\u00bb][vc_column width=\u00bb3\/4&#8243;][vc_custom_heading text=\u00bbAy\u00fadanos a construir hogares y familias saludables.\u00bb use_theme_fonts=\u00bbyes\u00bb][vc_column_text]ChristianWorks for Children es una organizaci\u00f3n sin fines de lucro 501(c)(3) \u2014 EIN: 75-1246028.<br \/>\nCon su apoyo, podemos continuar con el ejemplo de servicio de Jesucristo. \u00a1As\u00f3ciese con nosotros hoy![\/vc_column_text][\/vc_column][vc_column width=\u00bb1\/4&#8243;][vc_btn title=\u00bbApoyanos\u00bb align=\u00bbcenter\u00bb link=\u00bburl:https%3A%2F%2Fchristian-works.org%2Fdonate-2%2F\u00bb el_class=\u00bbwhite-btn\u00bb][\/vc_column][\/vc_row][\/vc_section]<\/p>\n<\/div>","protected":false},"excerpt":{"rendered":"<p>[vc_section full_width=\u00bbstretch_row\u00bb el_class=\u00bbwhat-kids-section\u00bb][vc_row][vc_column width=\u00bb1\/2&#8243;][vc_custom_heading text=\u00bb\u00bfQu\u00e9 es KIDWorks?\u00bb font_container=\u00bbtag:h3|text_align:left\u00bb use_theme_fonts=\u00bbyes\u00bb][vc_column_text]KID significa Ni\u00f1os en Divorcio. KIDWorks es un programa de grupo de apoyo gratuito para ni\u00f1os de cinco a dieciocho a\u00f1os que est\u00e1n experimentando el divorcio de sus padres. En KIDWorks creemos que los ni\u00f1os necesitan ayuda especial para superar las p\u00e9rdidas y cambios en su vida [&hellip;]<\/p>\n","protected":false},"author":4,"featured_media":836,"parent":0,"menu_order":0,"comment_status":"closed","ping_status":"closed","template":"fullwidth.php","meta":{"_acf_changed":false,"inline_featured_image":false,"footnotes":""},"class_list":["post-6813","page","type-page","status-publish","has-post-thumbnail","hentry"],"acf":[],"yoast_head":"<!-- This site is optimized with the Yoast SEO plugin v27.1.1 - https:\/\/yoast.com\/product\/yoast-seo-wordpress\/ -->\n<title>KIDWorks - ChristianWorks<\/title>\n<meta name=\"robots\" content=\"index, follow, max-snippet:-1, max-image-preview:large, max-video-preview:-1\" \/>\n<link rel=\"canonical\" href=\"https:\/\/christian-works.org\/es\/kidsworks\/\" \/>\n<meta property=\"og:locale\" content=\"es_ES\" \/>\n<meta property=\"og:type\" content=\"article\" \/>\n<meta property=\"og:title\" content=\"KIDWorks - ChristianWorks\" \/>\n<meta property=\"og:description\" content=\"[vc_section full_width=\u00bbstretch_row\u00bb el_class=\u00bbwhat-kids-section\u00bb][vc_row][vc_column width=\u00bb1\/2&#8243;][vc_custom_heading text=\u00bb\u00bfQu\u00e9 es KIDWorks?\u00bb font_container=\u00bbtag:h3|text_align:left\u00bb use_theme_fonts=\u00bbyes\u00bb][vc_column_text]KID significa Ni\u00f1os en Divorcio. KIDWorks es un programa de grupo de apoyo gratuito para ni\u00f1os de cinco a dieciocho a\u00f1os que est\u00e1n experimentando el divorcio de sus padres. En KIDWorks creemos que los ni\u00f1os necesitan ayuda especial para superar las p\u00e9rdidas y cambios en su vida [&hellip;]\" \/>\n<meta property=\"og:url\" content=\"https:\/\/christian-works.org\/es\/kidsworks\/\" \/>\n<meta property=\"og:site_name\" content=\"ChristianWorks\" \/>\n<meta property=\"article:modified_time\" content=\"2025-06-13T15:52:27+00:00\" \/>\n<meta property=\"og:image\" content=\"https:\/\/christian-works.org\/wp-content\/uploads\/2022\/03\/Group-14152-min.jpg\" \/>\n\t<meta property=\"og:image:width\" content=\"1920\" \/>\n\t<meta property=\"og:image:height\" content=\"400\" \/>\n\t<meta property=\"og:image:type\" content=\"image\/jpeg\" \/>\n<meta name=\"twitter:card\" content=\"summary_large_image\" \/>\n<meta name=\"twitter:label1\" content=\"Tiempo de lectura\" \/>\n\t<meta name=\"twitter:data1\" content=\"3 minutos\" \/>\n<script type=\"application\/ld+json\" class=\"yoast-schema-graph\">{\"@context\":\"https:\/\/schema.org\",\"@graph\":[{\"@type\":\"WebPage\",\"@id\":\"https:\/\/christian-works.org\/es\/kidsworks\/\",\"url\":\"https:\/\/christian-works.org\/es\/kidsworks\/\",\"name\":\"KIDWorks - ChristianWorks\",\"isPartOf\":{\"@id\":\"https:\/\/christian-works.org\/#website\"},\"primaryImageOfPage\":{\"@id\":\"https:\/\/christian-works.org\/es\/kidsworks\/#primaryimage\"},\"image\":{\"@id\":\"https:\/\/christian-works.org\/es\/kidsworks\/#primaryimage\"},\"thumbnailUrl\":\"https:\/\/christian-works.org\/wp-content\/uploads\/2022\/03\/Group-14152-min.jpg?wsr\",\"datePublished\":\"2022-03-25T17:04:44+00:00\",\"dateModified\":\"2025-06-13T15:52:27+00:00\",\"breadcrumb\":{\"@id\":\"https:\/\/christian-works.org\/es\/kidsworks\/#breadcrumb\"},\"inLanguage\":\"es\",\"potentialAction\":[{\"@type\":\"ReadAction\",\"target\":[\"https:\/\/christian-works.org\/es\/kidsworks\/\"]}]},{\"@type\":\"ImageObject\",\"inLanguage\":\"es\",\"@id\":\"https:\/\/christian-works.org\/es\/kidsworks\/#primaryimage\",\"url\":\"https:\/\/christian-works.org\/wp-content\/uploads\/2022\/03\/Group-14152-min.jpg?wsr\",\"contentUrl\":\"https:\/\/christian-works.org\/wp-content\/uploads\/2022\/03\/Group-14152-min.jpg?wsr\",\"width\":1920,\"height\":400},{\"@type\":\"BreadcrumbList\",\"@id\":\"https:\/\/christian-works.org\/es\/kidsworks\/#breadcrumb\",\"itemListElement\":[{\"@type\":\"ListItem\",\"position\":1,\"name\":\"Home\",\"item\":\"https:\/\/christian-works.org\/es\/\"},{\"@type\":\"ListItem\",\"position\":2,\"name\":\"KidWorks\"}]},{\"@type\":\"WebSite\",\"@id\":\"https:\/\/christian-works.org\/#website\",\"url\":\"https:\/\/christian-works.org\/\",\"name\":\"ChristianWorks\",\"description\":\"\",\"potentialAction\":[{\"@type\":\"SearchAction\",\"target\":{\"@type\":\"EntryPoint\",\"urlTemplate\":\"https:\/\/christian-works.org\/?s={search_term_string}\"},\"query-input\":{\"@type\":\"PropertyValueSpecification\",\"valueRequired\":true,\"valueName\":\"search_term_string\"}}],\"inLanguage\":\"es\"}]}<\/script>\n<!-- \/ Yoast SEO plugin. -->","yoast_head_json":{"title":"KIDWorks - ChristianWorks","robots":{"index":"index","follow":"follow","max-snippet":"max-snippet:-1","max-image-preview":"max-image-preview:large","max-video-preview":"max-video-preview:-1"},"canonical":"https:\/\/christian-works.org\/es\/kidsworks\/","og_locale":"es_ES","og_type":"article","og_title":"KIDWorks - ChristianWorks","og_description":"[vc_section full_width=\u00bbstretch_row\u00bb el_class=\u00bbwhat-kids-section\u00bb][vc_row][vc_column width=\u00bb1\/2&#8243;][vc_custom_heading text=\u00bb\u00bfQu\u00e9 es KIDWorks?\u00bb font_container=\u00bbtag:h3|text_align:left\u00bb use_theme_fonts=\u00bbyes\u00bb][vc_column_text]KID significa Ni\u00f1os en Divorcio. KIDWorks es un programa de grupo de apoyo gratuito para ni\u00f1os de cinco a dieciocho a\u00f1os que est\u00e1n experimentando el divorcio de sus padres. En KIDWorks creemos que los ni\u00f1os necesitan ayuda especial para superar las p\u00e9rdidas y cambios en su vida [&hellip;]","og_url":"https:\/\/christian-works.org\/es\/kidsworks\/","og_site_name":"ChristianWorks","article_modified_time":"2025-06-13T15:52:27+00:00","og_image":[{"width":1920,"height":400,"url":"https:\/\/christian-works.org\/wp-content\/uploads\/2022\/03\/Group-14152-min.jpg","type":"image\/jpeg"}],"twitter_card":"summary_large_image","twitter_misc":{"Tiempo de lectura":"3 minutos"},"schema":{"@context":"https:\/\/schema.org","@graph":[{"@type":"WebPage","@id":"https:\/\/christian-works.org\/es\/kidsworks\/","url":"https:\/\/christian-works.org\/es\/kidsworks\/","name":"KIDWorks - ChristianWorks","isPartOf":{"@id":"https:\/\/christian-works.org\/#website"},"primaryImageOfPage":{"@id":"https:\/\/christian-works.org\/es\/kidsworks\/#primaryimage"},"image":{"@id":"https:\/\/christian-works.org\/es\/kidsworks\/#primaryimage"},"thumbnailUrl":"https:\/\/christian-works.org\/wp-content\/uploads\/2022\/03\/Group-14152-min.jpg?wsr","datePublished":"2022-03-25T17:04:44+00:00","dateModified":"2025-06-13T15:52:27+00:00","breadcrumb":{"@id":"https:\/\/christian-works.org\/es\/kidsworks\/#breadcrumb"},"inLanguage":"es","potentialAction":[{"@type":"ReadAction","target":["https:\/\/christian-works.org\/es\/kidsworks\/"]}]},{"@type":"ImageObject","inLanguage":"es","@id":"https:\/\/christian-works.org\/es\/kidsworks\/#primaryimage","url":"https:\/\/christian-works.org\/wp-content\/uploads\/2022\/03\/Group-14152-min.jpg?wsr","contentUrl":"https:\/\/christian-works.org\/wp-content\/uploads\/2022\/03\/Group-14152-min.jpg?wsr","width":1920,"height":400},{"@type":"BreadcrumbList","@id":"https:\/\/christian-works.org\/es\/kidsworks\/#breadcrumb","itemListElement":[{"@type":"ListItem","position":1,"name":"Home","item":"https:\/\/christian-works.org\/es\/"},{"@type":"ListItem","position":2,"name":"KidWorks"}]},{"@type":"WebSite","@id":"https:\/\/christian-works.org\/#website","url":"https:\/\/christian-works.org\/","name":"ChristianWorks","description":"","potentialAction":[{"@type":"SearchAction","target":{"@type":"EntryPoint","urlTemplate":"https:\/\/christian-works.org\/?s={search_term_string}"},"query-input":{"@type":"PropertyValueSpecification","valueRequired":true,"valueName":"search_term_string"}}],"inLanguage":"es"}]}},"_links":{"self":[{"href":"https:\/\/christian-works.org\/es\/wp-json\/wp\/v2\/pages\/6813","targetHints":{"allow":["GET"]}}],"collection":[{"href":"https:\/\/christian-works.org\/es\/wp-json\/wp\/v2\/pages"}],"about":[{"href":"https:\/\/christian-works.org\/es\/wp-json\/wp\/v2\/types\/page"}],"author":[{"embeddable":true,"href":"https:\/\/christian-works.org\/es\/wp-json\/wp\/v2\/users\/4"}],"replies":[{"embeddable":true,"href":"https:\/\/christian-works.org\/es\/wp-json\/wp\/v2\/comments?post=6813"}],"version-history":[{"count":5,"href":"https:\/\/christian-works.org\/es\/wp-json\/wp\/v2\/pages\/6813\/revisions"}],"predecessor-version":[{"id":10253,"href":"https:\/\/christian-works.org\/es\/wp-json\/wp\/v2\/pages\/6813\/revisions\/10253"}],"wp:featuredmedia":[{"embeddable":true,"href":"https:\/\/christian-works.org\/es\/wp-json\/wp\/v2\/media\/836"}],"wp:attachment":[{"href":"https:\/\/christian-works.org\/es\/wp-json\/wp\/v2\/media?parent=6813"}],"curies":[{"name":"wp","href":"https:\/\/api.w.org\/{rel}","templated":true}]}}