{"id":6814,"date":"2022-03-28T12:40:15","date_gmt":"2022-03-28T12:40:15","guid":{"rendered":"https:\/\/christian-works.org\/apoyo-de-duelo\/"},"modified":"2025-06-13T15:47:53","modified_gmt":"2025-06-13T15:47:53","slug":"grief-support","status":"publish","type":"page","link":"https:\/\/christian-works.org\/es\/grief-support\/","title":{"rendered":"Apoyo de duelo"},"content":{"rendered":"<div class=\"wpb-content-wrapper\"><p>[vc_section full_width=\u00bbstretch_row\u00bb el_class=\u00bbgrief-support-section\u00bb][vc_row][vc_column width=\u00bb1\/2&#8243;][vc_custom_heading text=\u00bbApoyo de duelo\u00bb font_container=\u00bbtag:h3|text_align:left\u00bb use_theme_fonts=\u00bbyes\u00bb][vc_column_text]ChristianWorks cree que restaurar la esperanza despu\u00e9s de experimentar una muerte les permitir\u00e1 tener relaciones futuras saludables. Tenemos una variedad de programas durante todo el a\u00f1o para ayudar a abordar el duelo de los ni\u00f1os y sus familias en el camino hacia la restauraci\u00f3n.[\/vc_column_text][vc_custom_heading text=\u00bbGriefWorks\u00bb font_container=\u00bbtag:h4|text_align:left\u00bb use_theme_fonts=\u00bbyes\u00bb][vc_column_text]A trav\u00e9s de nuestro programa insignia, GriefWorks, brindamos un entorno seguro y amoroso donde los ni\u00f1os y adolescentes pueden compartir sus historias de p\u00e9rdida y explorar su duelo abiertamente. Nuestro programa GriefWorks es un grupo de apoyo de duelo gratuito para ni\u00f1os de 5 a 18 a\u00f1os y sus familias.<\/p>\n<p>Como novedad en 2021, ChristianWorks lanzar\u00e1 su propio campamento de duelo de verano para ni\u00f1os. Haga clic a continuaci\u00f3n para obtener m\u00e1s informaci\u00f3n sobre nuestros programas.[\/vc_column_text][\/vc_column][vc_column width=\u00bb1\/2&#8243;][vc_single_image image=\u00bb7946&#8243; img_size=\u00bblarge\u00bb alignment=\u00bbright\u00bb][\/vc_column][\/vc_row][\/vc_section][vc_section full_width=\u00bbstretch_row\u00bb el_class=\u00bbgrief-location\u00bb][vc_row css=\u00bb.vc_custom_1651171056223{background-color: #297764 !important;}\u00bb el_class=\u00bblocations-section\u00bb][vc_column][vc_row_inner][vc_column_inner width=\u00bb2\/3&#8243;][vc_custom_heading text=\u00bbGriefWorks Now In Ft. Worth\u00bb font_container=\u00bbtag:h4|text_align:left|color:%23ffffff\u00bb use_theme_fonts=\u00bbyes\u00bb][vc_column_text]<\/p>\n<p style=\"color: #ffffff;\">Nuestro grupo de apoyo gratuito para ni\u00f1os y sus familias<br \/>\nya est\u00e1 disponible en nuestras sucursales de Dallas y Ft. Ubicaciones que valen la pena.<\/p>\n<p>[\/vc_column_text][\/vc_column_inner][vc_column_inner el_class=\u00bbtext-right\u00bb width=\u00bb1\/3&#8243;][vc_btn title=\u00bbReg\u00edstrese en el programa GriefWorks\u00bb link=\u00bburl:https%3A%2F%2Fchristian-works.org%2Fes%2Fcontact-us%2F\u00bb el_class=\u00bbwhite-btn\u00bb][\/vc_column_inner][\/vc_row_inner][vc_row_inner gap=\u00bb30&#8243;][vc_column_inner width=\u00bb1\/2&#8243;][vc_custom_heading text=\u00bbUbicaci\u00f3n de Dallas\u00bb font_container=\u00bbtag:h5|text_align:left|color:%23ffffff\u00bb use_theme_fonts=\u00bbyes\u00bb][vc_gmaps link=\u00bb#E-8_JTNDaWZyYW1lJTIwc3JjJTNEJTIyaHR0cHMlM0ElMkYlMkZ3d3cuZ29vZ2xlLmNvbSUyRm1hcHMlMkZlbWJlZCUzRnBiJTNEJTIxMW0xOCUyMTFtMTIlMjExbTMlMjExZDMzNDkuMTE1Nzc0NzQ4NjAyJTIxMmQtOTYuODE3Nzc2NTg0ODE0MjUlMjEzZDMyLjkyMTUzOTI4MDkyODU1NiUyMTJtMyUyMTFmMCUyMTJmMCUyMTNmMCUyMTNtMiUyMTFpMTAyNCUyMTJpNzY4JTIxNGYxMy4xJTIxM20zJTIxMW0yJTIxMXMweDg2NGMyMGMyMjdiNjFiMTklMjUzQTB4YjBmMzA0ZjBiMWU1Zjk0NSUyMTJzNTQ0MCUyNTIwSGFydmVzdCUyNTIwSGlsbCUyNTIwJTI1MjMxNDAlMjUyQyUyNTIwRGFsbGFzJTI1MkMlMjUyMFRYJTI1MjA3NTIzMCUyNTJDJTI1MjBVU0ElMjE1ZTAlMjEzbTIlMjExc2VuJTIxMnMlMjE0djE2NDgyMzM3NTQ3NjQlMjE1bTIlMjExc2VuJTIxMnMlMjIlMjB3aWR0aCUzRCUyMjYwMCUyMiUyMGhlaWdodCUzRCUyMjM2MCUyMiUyMHN0eWxlJTNEJTIyYm9yZGVyJTNBMCUzQiUyMiUyMGFsbG93ZnVsbHNjcmVlbiUzRCUyMiUyMiUyMGxvYWRpbmclM0QlMjJsYXp5JTIyJTIwcmVmZXJyZXJwb2xpY3klM0QlMjJuby1yZWZlcnJlci13aGVuLWRvd25ncmFkZSUyMiUzRSUzQyUyRmlmcmFtZSUzRQ==\u00bb][\/vc_column_inner][vc_column_inner width=\u00bb1\/2&#8243;][vc_custom_heading text=\u00bbUbicaci\u00f3n de Fort Worth\u00bb font_container=\u00bbtag:h5|text_align:left|color:%23ffffff\u00bb use_theme_fonts=\u00bbyes\u00bb][vc_gmaps link=\u00bb#E-8_JTNDaWZyYW1lJTIwc3JjJTNEJTIyaHR0cHMlM0ElMkYlMkZ3d3cuZ29vZ2xlLmNvbSUyRm1hcHMlMkZlbWJlZCUzRnBiJTNEJTIxMW0xOCUyMTFtMTIlMjExbTMlMjExZDMzNTYuNzMxOTEyOTYyMTgzMyUyMTJkLTk3LjMzNDE0MDA4NDgxOTQlMjEzZDMyLjcxOTc1MDc4MDk4OTQxJTIxMm0zJTIxMWYwJTIxMmYwJTIxM2YwJTIxM20yJTIxMWkxMDI0JTIxMmk3NjglMjE0ZjEzLjElMjEzbTMlMjExbTIlMjExczB4ODY0ZTcxOTg0ODc4NmJiOSUyNTNBMHhiNjU1NTdkZmE4ZjA0ZmE4JTIxMnMyMjE0JTI1MjBIZW1waGlsbCUyNTIwU3QlMjUyQyUyNTIwRm9ydCUyNTIwV29ydGglMjUyQyUyNTIwVFglMjUyMDc2MTEwJTI1MkMlMjUyMFVTQSUyMTVlMCUyMTNtMiUyMTFzZW4lMjEycyUyMTR2MTY0ODIzMzc3NzUxOCUyMTVtMiUyMTFzZW4lMjEycyUyMiUyMHdpZHRoJTNEJTIyNjAwJTIyJTIwaGVpZ2h0JTNEJTIyMzYwJTIyJTIwc3R5bGUlM0QlMjJib3JkZXIlM0EwJTNCJTIyJTIwYWxsb3dmdWxsc2NyZWVuJTNEJTIyJTIyJTIwbG9hZGluZyUzRCUyMmxhenklMjIlMjByZWZlcnJlcnBvbGljeSUzRCUyMm5vLXJlZmVycmVyLXdoZW4tZG93bmdyYWRlJTIyJTNFJTNDJTJGaWZyYW1lJTNF\u00bb][\/vc_column_inner][\/vc_row_inner][\/vc_column][\/vc_row][vc_row gap=\u00bb30&#8243; el_class=\u00bbaprende-row\u00bb][vc_column width=\u00bb1\/2&#8243;][vc_single_image image=\u00bb7220&#8243; img_size=\u00bbfull\u00bb][vc_row_inner][vc_column_inner width=\u00bb2\/3&#8243;][vc_custom_heading text=\u00bbGriefWorks\u00bb font_container=\u00bbtag:h4|text_align:left\u00bb use_theme_fonts=\u00bbyes\u00bb][\/vc_column_inner][vc_column_inner width=\u00bb1\/3&#8243;][vc_btn title=\u00bbAprende m\u00e1s\u00bb align=\u00bbright\u00bb link=\u00bburl:https%3A%2F%2Fchristian-works.org%2Fes%2Fgrief%2Fgriefworks%2F\u00bb][\/vc_column_inner][\/vc_row_inner][\/vc_column][vc_column width=\u00bb1\/2&#8243;][vc_single_image image=\u00bb2400&#8243; img_size=\u00bbfull\u00bb][vc_row_inner][vc_column_inner width=\u00bb2\/3&#8243;][vc_custom_heading text=\u00bbcampamento amanecer\u00bb font_container=\u00bbtag:h4|text_align:left\u00bb use_theme_fonts=\u00bbyes\u00bb][\/vc_column_inner][vc_column_inner width=\u00bb1\/3&#8243;][vc_btn title=\u00bbAprende m\u00e1s\u00bb align=\u00bbright\u00bb link=\u00bburl:https%3A%2F%2Fchristian-works.org%2Fes%2Fcampamento-amanecer%2F\u00bb][\/vc_column_inner][\/vc_row_inner][\/vc_column][\/vc_row][vc_row el_class=\u00bbgrief-partner\u00bb][vc_column][vc_custom_heading text=\u00bbProgramas de asociaci\u00f3n de duelo\u00bb font_container=\u00bbtag:h3|text_align:left\u00bb use_theme_fonts=\u00bbyes\u00bb][vc_custom_heading text=\u00bbcampamento amanecer\u00bb font_container=\u00bbtag:h4|text_align:left\u00bb use_theme_fonts=\u00bbyes\u00bb][vc_column_text]Camp Sunrise es nuestro nuevo campamento de verano gratuito de un fin de semana para ni\u00f1os y adolescentes (de 6 a 17 a\u00f1os) que han sufrido la muerte de alguien cercano. Es un campamento tradicional, divertido y lleno de energ\u00eda que se combina con educaci\u00f3n sobre el duelo, v\u00ednculos entre pares y apoyo emocional.[\/vc_column_text][\/vc_column][\/vc_row][\/vc_section][vc_section el_class=\u00bbcta-support-section cta-grief-section\u00bb][vc_row content_placement=\u00bbmiddle\u00bb css=\u00bb.vc_custom_1649782971313{background-image: url(https:\/\/christian-works.org\/wp-content\/uploads\/2022\/04\/Group-14138.png?id=1998) !important;background-position: 0 0 !important;background-repeat: no-repeat !important;}\u00bb][vc_column width=\u00bb3\/4&#8243;][vc_custom_heading text=\u00bbAy\u00fadanos a construir hogares y familias saludables.\u00bb use_theme_fonts=\u00bbyes\u00bb][vc_column_text]ChristianWorks for Children es una organizaci\u00f3n sin fines de lucro 501(c)(3) \u2014 EIN: 75-1246028.<br \/>\nCon su apoyo, podemos continuar con el ejemplo de servicio de Jesucristo. \u00a1As\u00f3ciese con nosotros hoy![\/vc_column_text][\/vc_column][vc_column width=\u00bb1\/4&#8243;][vc_btn title=\u00bbApoyanos\u00bb align=\u00bbcenter\u00bb link=\u00bburl:https%3A%2F%2Fchristian-works.org%2Fes%2Fdonate-2%2F\u00bb el_class=\u00bbwhite-btn\u00bb][\/vc_column][\/vc_row][\/vc_section]<\/p>\n<\/div>","protected":false},"excerpt":{"rendered":"<p>[vc_section full_width=\u00bbstretch_row\u00bb el_class=\u00bbgrief-support-section\u00bb][vc_row][vc_column width=\u00bb1\/2&#8243;][vc_custom_heading text=\u00bbApoyo de duelo\u00bb font_container=\u00bbtag:h3|text_align:left\u00bb use_theme_fonts=\u00bbyes\u00bb][vc_column_text]ChristianWorks cree que restaurar la esperanza despu\u00e9s de experimentar una muerte les permitir\u00e1 tener relaciones futuras saludables. Tenemos una variedad de programas durante todo el a\u00f1o para ayudar a abordar el duelo de los ni\u00f1os y sus familias en el camino hacia la restauraci\u00f3n.[\/vc_column_text][vc_custom_heading text=\u00bbGriefWorks\u00bb font_container=\u00bbtag:h4|text_align:left\u00bb use_theme_fonts=\u00bbyes\u00bb][vc_column_text]A [&hellip;]<\/p>\n","protected":false},"author":4,"featured_media":869,"parent":0,"menu_order":0,"comment_status":"closed","ping_status":"closed","template":"fullwidth.php","meta":{"_acf_changed":false,"inline_featured_image":false,"footnotes":""},"class_list":["post-6814","page","type-page","status-publish","has-post-thumbnail","hentry"],"acf":[],"yoast_head":"<!-- This site is optimized with the Yoast SEO plugin v27.1.1 - https:\/\/yoast.com\/product\/yoast-seo-wordpress\/ -->\n<title>Grief - ChristianWorks<\/title>\n<meta name=\"robots\" content=\"index, follow, max-snippet:-1, max-image-preview:large, max-video-preview:-1\" \/>\n<link rel=\"canonical\" href=\"https:\/\/christian-works.org\/es\/grief-support\/\" \/>\n<meta property=\"og:locale\" content=\"es_ES\" \/>\n<meta property=\"og:type\" content=\"article\" \/>\n<meta property=\"og:title\" content=\"Grief - ChristianWorks\" \/>\n<meta property=\"og:description\" content=\"[vc_section full_width=\u00bbstretch_row\u00bb el_class=\u00bbgrief-support-section\u00bb][vc_row][vc_column width=\u00bb1\/2&#8243;][vc_custom_heading text=\u00bbApoyo de duelo\u00bb font_container=\u00bbtag:h3|text_align:left\u00bb use_theme_fonts=\u00bbyes\u00bb][vc_column_text]ChristianWorks cree que restaurar la esperanza despu\u00e9s de experimentar una muerte les permitir\u00e1 tener relaciones futuras saludables. Tenemos una variedad de programas durante todo el a\u00f1o para ayudar a abordar el duelo de los ni\u00f1os y sus familias en el camino hacia la restauraci\u00f3n.[\/vc_column_text][vc_custom_heading text=\u00bbGriefWorks\u00bb font_container=\u00bbtag:h4|text_align:left\u00bb use_theme_fonts=\u00bbyes\u00bb][vc_column_text]A [&hellip;]\" \/>\n<meta property=\"og:url\" content=\"https:\/\/christian-works.org\/es\/grief-support\/\" \/>\n<meta property=\"og:site_name\" content=\"ChristianWorks\" \/>\n<meta property=\"article:modified_time\" content=\"2025-06-13T15:47:53+00:00\" \/>\n<meta property=\"og:image\" content=\"https:\/\/christian-works.org\/wp-content\/uploads\/2022\/03\/Group-14174-min.jpg\" \/>\n\t<meta property=\"og:image:width\" content=\"1920\" \/>\n\t<meta property=\"og:image:height\" content=\"400\" \/>\n\t<meta property=\"og:image:type\" content=\"image\/jpeg\" \/>\n<meta name=\"twitter:card\" content=\"summary_large_image\" \/>\n<meta name=\"twitter:label1\" content=\"Tiempo de lectura\" \/>\n\t<meta name=\"twitter:data1\" content=\"4 minutos\" \/>\n<script type=\"application\/ld+json\" class=\"yoast-schema-graph\">{\"@context\":\"https:\/\/schema.org\",\"@graph\":[{\"@type\":\"WebPage\",\"@id\":\"https:\/\/christian-works.org\/es\/grief-support\/\",\"url\":\"https:\/\/christian-works.org\/es\/grief-support\/\",\"name\":\"Grief - ChristianWorks\",\"isPartOf\":{\"@id\":\"https:\/\/christian-works.org\/#website\"},\"primaryImageOfPage\":{\"@id\":\"https:\/\/christian-works.org\/es\/grief-support\/#primaryimage\"},\"image\":{\"@id\":\"https:\/\/christian-works.org\/es\/grief-support\/#primaryimage\"},\"thumbnailUrl\":\"https:\/\/christian-works.org\/wp-content\/uploads\/2022\/03\/Group-14174-min.jpg?wsr\",\"datePublished\":\"2022-03-28T12:40:15+00:00\",\"dateModified\":\"2025-06-13T15:47:53+00:00\",\"breadcrumb\":{\"@id\":\"https:\/\/christian-works.org\/es\/grief-support\/#breadcrumb\"},\"inLanguage\":\"es\",\"potentialAction\":[{\"@type\":\"ReadAction\",\"target\":[\"https:\/\/christian-works.org\/es\/grief-support\/\"]}]},{\"@type\":\"ImageObject\",\"inLanguage\":\"es\",\"@id\":\"https:\/\/christian-works.org\/es\/grief-support\/#primaryimage\",\"url\":\"https:\/\/christian-works.org\/wp-content\/uploads\/2022\/03\/Group-14174-min.jpg?wsr\",\"contentUrl\":\"https:\/\/christian-works.org\/wp-content\/uploads\/2022\/03\/Group-14174-min.jpg?wsr\",\"width\":1920,\"height\":400},{\"@type\":\"BreadcrumbList\",\"@id\":\"https:\/\/christian-works.org\/es\/grief-support\/#breadcrumb\",\"itemListElement\":[{\"@type\":\"ListItem\",\"position\":1,\"name\":\"Home\",\"item\":\"https:\/\/christian-works.org\/es\/\"},{\"@type\":\"ListItem\",\"position\":2,\"name\":\"Apoyo de duelo\"}]},{\"@type\":\"WebSite\",\"@id\":\"https:\/\/christian-works.org\/#website\",\"url\":\"https:\/\/christian-works.org\/\",\"name\":\"ChristianWorks\",\"description\":\"\",\"potentialAction\":[{\"@type\":\"SearchAction\",\"target\":{\"@type\":\"EntryPoint\",\"urlTemplate\":\"https:\/\/christian-works.org\/?s={search_term_string}\"},\"query-input\":{\"@type\":\"PropertyValueSpecification\",\"valueRequired\":true,\"valueName\":\"search_term_string\"}}],\"inLanguage\":\"es\"}]}<\/script>\n<!-- \/ Yoast SEO plugin. -->","yoast_head_json":{"title":"Grief - ChristianWorks","robots":{"index":"index","follow":"follow","max-snippet":"max-snippet:-1","max-image-preview":"max-image-preview:large","max-video-preview":"max-video-preview:-1"},"canonical":"https:\/\/christian-works.org\/es\/grief-support\/","og_locale":"es_ES","og_type":"article","og_title":"Grief - ChristianWorks","og_description":"[vc_section full_width=\u00bbstretch_row\u00bb el_class=\u00bbgrief-support-section\u00bb][vc_row][vc_column width=\u00bb1\/2&#8243;][vc_custom_heading text=\u00bbApoyo de duelo\u00bb font_container=\u00bbtag:h3|text_align:left\u00bb use_theme_fonts=\u00bbyes\u00bb][vc_column_text]ChristianWorks cree que restaurar la esperanza despu\u00e9s de experimentar una muerte les permitir\u00e1 tener relaciones futuras saludables. Tenemos una variedad de programas durante todo el a\u00f1o para ayudar a abordar el duelo de los ni\u00f1os y sus familias en el camino hacia la restauraci\u00f3n.[\/vc_column_text][vc_custom_heading text=\u00bbGriefWorks\u00bb font_container=\u00bbtag:h4|text_align:left\u00bb use_theme_fonts=\u00bbyes\u00bb][vc_column_text]A [&hellip;]","og_url":"https:\/\/christian-works.org\/es\/grief-support\/","og_site_name":"ChristianWorks","article_modified_time":"2025-06-13T15:47:53+00:00","og_image":[{"width":1920,"height":400,"url":"https:\/\/christian-works.org\/wp-content\/uploads\/2022\/03\/Group-14174-min.jpg","type":"image\/jpeg"}],"twitter_card":"summary_large_image","twitter_misc":{"Tiempo de lectura":"4 minutos"},"schema":{"@context":"https:\/\/schema.org","@graph":[{"@type":"WebPage","@id":"https:\/\/christian-works.org\/es\/grief-support\/","url":"https:\/\/christian-works.org\/es\/grief-support\/","name":"Grief - ChristianWorks","isPartOf":{"@id":"https:\/\/christian-works.org\/#website"},"primaryImageOfPage":{"@id":"https:\/\/christian-works.org\/es\/grief-support\/#primaryimage"},"image":{"@id":"https:\/\/christian-works.org\/es\/grief-support\/#primaryimage"},"thumbnailUrl":"https:\/\/christian-works.org\/wp-content\/uploads\/2022\/03\/Group-14174-min.jpg?wsr","datePublished":"2022-03-28T12:40:15+00:00","dateModified":"2025-06-13T15:47:53+00:00","breadcrumb":{"@id":"https:\/\/christian-works.org\/es\/grief-support\/#breadcrumb"},"inLanguage":"es","potentialAction":[{"@type":"ReadAction","target":["https:\/\/christian-works.org\/es\/grief-support\/"]}]},{"@type":"ImageObject","inLanguage":"es","@id":"https:\/\/christian-works.org\/es\/grief-support\/#primaryimage","url":"https:\/\/christian-works.org\/wp-content\/uploads\/2022\/03\/Group-14174-min.jpg?wsr","contentUrl":"https:\/\/christian-works.org\/wp-content\/uploads\/2022\/03\/Group-14174-min.jpg?wsr","width":1920,"height":400},{"@type":"BreadcrumbList","@id":"https:\/\/christian-works.org\/es\/grief-support\/#breadcrumb","itemListElement":[{"@type":"ListItem","position":1,"name":"Home","item":"https:\/\/christian-works.org\/es\/"},{"@type":"ListItem","position":2,"name":"Apoyo de duelo"}]},{"@type":"WebSite","@id":"https:\/\/christian-works.org\/#website","url":"https:\/\/christian-works.org\/","name":"ChristianWorks","description":"","potentialAction":[{"@type":"SearchAction","target":{"@type":"EntryPoint","urlTemplate":"https:\/\/christian-works.org\/?s={search_term_string}"},"query-input":{"@type":"PropertyValueSpecification","valueRequired":true,"valueName":"search_term_string"}}],"inLanguage":"es"}]}},"_links":{"self":[{"href":"https:\/\/christian-works.org\/es\/wp-json\/wp\/v2\/pages\/6814","targetHints":{"allow":["GET"]}}],"collection":[{"href":"https:\/\/christian-works.org\/es\/wp-json\/wp\/v2\/pages"}],"about":[{"href":"https:\/\/christian-works.org\/es\/wp-json\/wp\/v2\/types\/page"}],"author":[{"embeddable":true,"href":"https:\/\/christian-works.org\/es\/wp-json\/wp\/v2\/users\/4"}],"replies":[{"embeddable":true,"href":"https:\/\/christian-works.org\/es\/wp-json\/wp\/v2\/comments?post=6814"}],"version-history":[{"count":9,"href":"https:\/\/christian-works.org\/es\/wp-json\/wp\/v2\/pages\/6814\/revisions"}],"predecessor-version":[{"id":10238,"href":"https:\/\/christian-works.org\/es\/wp-json\/wp\/v2\/pages\/6814\/revisions\/10238"}],"wp:featuredmedia":[{"embeddable":true,"href":"https:\/\/christian-works.org\/es\/wp-json\/wp\/v2\/media\/869"}],"wp:attachment":[{"href":"https:\/\/christian-works.org\/es\/wp-json\/wp\/v2\/media?parent=6814"}],"curies":[{"name":"wp","href":"https:\/\/api.w.org\/{rel}","templated":true}]}}