{"id":6815,"date":"2022-03-29T11:18:24","date_gmt":"2022-03-29T11:18:24","guid":{"rendered":"https:\/\/christian-works.org\/solo-familia\/"},"modified":"2025-06-13T15:47:20","modified_gmt":"2025-06-13T15:47:20","slug":"justfamily","status":"publish","type":"page","link":"https:\/\/christian-works.org\/es\/justfamily\/","title":{"rendered":"solo familia"},"content":{"rendered":"<div class=\"wpb-content-wrapper\"><p>[vc_section el_class=\u00bbwhat-just-section\u00bb][vc_row][vc_column width=\u00bb1\/2&#8243;][vc_custom_heading text=\u00bb\u00bfQu\u00e9 es Just Family?\u00bb font_container=\u00bbtag:h3|text_align:left\u00bb use_theme_fonts=\u00bbyes\u00bb][vc_column_text]JustFamily es un lugar seguro y de apoyo para que las familias mezcladas sean solo una familia. Es un programa de ocho semanas proporcionado sin cargo en ChristianWorks for Children.[\/vc_column_text][vc_btn title=\u00bbReg\u00edstrese en JustFamily\u00bb link=\u00bburl:https%3A%2F%2Fchristian-works.org%2Fes%2Fcontact-us%2F\u00bb el_class=\u00bbred-btn\u00bb][\/vc_column][vc_column width=\u00bb1\/2&#8243;]<div id=\"ultimate-video-577369d3a2c68423d\" class=\"ult-video  ult-adjust-bottom-margin ultimate-video-577369d3a2c68423d ultv-3148 \"><div class=\"ultv-video ultv-aspect-ratio-16_9 ultv-subscribe-responsive-none\" data-videotype=\"uv_iframe\">\n\t\t\t\t\t\t<div class=\"ultv-video__outer-wrap\" data-autoplay=\"0\" data-device=\"false\"  data-iconbg=\"#3A3A3A\" data-overcolor=\"\" data-defaultbg=\"#ff0000\" data-defaultplay=\"defaulticon\"><div class=\"ultv-video__play\" data-src=\"https:\/\/www.youtube.com\/embed\/JruopCDlBTA?rel=0&#038;start&#038;end&#038;controls=1&#038;mute=0&#038;modestbranding=0&#038;autoplay=1\">\n\t\t\t\t\t\t\t\t<img decoding=\"async\" class=\"ultv-video__thumb\" src=\"https:\/\/christian-works.org\/wp-content\/uploads\/2022\/03\/Group-14154-min.jpg?wsr\"\/>\n\t\t\t\t\t\t\t\t<div class=\"ultv-video__play-icon  ultv-animation-none\" style=\"width:75px\"><svg height=\"100%\" version=\"1.1\" viewBox=\"0 0 68 48\" width=\"100%\"><path class=\"ultv-youtube-icon-bg\" d=\"m .66,37.62 c 0,0 .66,4.70 2.70,6.77 2.58,2.71 5.98,2.63 7.49,2.91 5.43,.52 23.10,.68 23.12,.68 .00,-1.3e-5 14.29,-0.02 23.81,-0.71 1.32,-0.15 4.22,-0.17 6.81,-2.89 2.03,-2.07 2.70,-6.77 2.70,-6.77 0,0 .67,-5.52 .67,-11.04 l 0,-5.17 c 0,-5.52 -0.67,-11.04 -0.67,-11.04 0,0 -0.66,-4.70 -2.70,-6.77 C 62.03,.86 59.13,.84 57.80,.69 48.28,0 34.00,0 34.00,0 33.97,0 19.69,0 10.18,.69 8.85,.84 5.95,.86 3.36,3.58 1.32,5.65 .66,10.35 .66,10.35 c 0,0 -0.55,4.50 -0.66,9.45 l 0,8.36 c .10,4.94 .66,9.45 .66,9.45 z\" fill=\"#1f1f1e\" ><\/path><path d=\"m 26.96,13.67 18.37,9.62 -18.37,9.55 -0.00,-19.17 z\" fill=\"#fff\"><\/path><path d=\"M 45.02,23.46 45.32,23.28 26.96,13.67 43.32,22.34 45.02,23.46 z\" fill=\"#ccc\"><\/path><\/svg><\/div> <\/div> <\/div><\/div><\/div>[\/vc_column][\/vc_row][\/vc_section][vc_section full_width=\u00bbstretch_row\u00bb el_class=\u00bbjust-family-section\u00bb][vc_row el_class=\u00bbjust-fam-top\u00bb][vc_column][vc_custom_heading text=\u00bbSolo servicios familiares\u00bb font_container=\u00bbtag:h3|text_align:left\u00bb use_theme_fonts=\u00bbyes\u00bb][vc_column_text]JustFamily busca proporcionar un lugar seguro para las familias mixtas donde cambien las cuestiones relacionadas con la seguridad, la posici\u00f3n y la vida.<br \/>\nse exploran, identifican y expresan con la esperanza de mitigar cualquiera de los escollos de unir una familia.[\/vc_column_text][vc_row_inner gap=\u00bb30&#8243; el_class=\u00bbjust-family-1&#8243;][vc_column_inner width=\u00bb1\/2&#8243;][vc_custom_heading text=\u00bb\u00bfQui\u00e9n deber\u00eda venir a JustFamily?\u00bb font_container=\u00bbtag:h6|text_align:left\u00bb use_theme_fonts=\u00bbyes\u00bb][vc_column_text]Ni\u00f1os de 5 a 18 a\u00f1os y sus padres\/padrastros que deseen cultivar un lugar de pertenencia dentro de la familia. Los grupos se dividen en 5-8, 9-12, 13-18 y adultos. Es importante y obligatorio que ambos c\u00f3nyuges asistan al grupo de parejas para que puedan discutir las necesidades de cada miembro de la familia, las habilidades de crianza efectivas y sus propios deseos dentro de la unidad familiar.[\/vc_column_text][\/vc_column_inner][vc_column_inner width=\u00bb1\/2&#8243;][vc_custom_heading text=\u00bb\u00bfQu\u00e9 har\u00e9 en JustFamily?\u00bb font_container=\u00bbtag:h6|text_align:left\u00bb use_theme_fonts=\u00bbyes\u00bb][vc_column_text]Los ni\u00f1os pueden compartir sus experiencias y expresar sus sentimientos a trav\u00e9s de juegos que incluyen arte, t\u00edteres, libros, juegos y otras actividades creativas bajo la supervisi\u00f3n de facilitadores capacitados y atentos. Y los padres aprender\u00e1n consejos \u00fatiles con sus hijos y compartir\u00e1n sus propias historias y deseos entre ellos.<\/p>\n<p>Cada semana, los grupos se centrar\u00e1n en un tema diferente relacionado con las familias mixtas:[\/vc_column_text][vc_column_text el_class=\u00bbcolumn-count-3&#8243;]<\/p>\n<ul>\n<li>Familia<\/li>\n<li>miedos y preocupaciones<\/li>\n<li>pertenencia<\/li>\n<li>Cambios<\/li>\n<li>Confianza<\/li>\n<li>solo familia<\/li>\n<li>Sentimientos<\/li>\n<li>Intercambio<\/li>\n<\/ul>\n<p>[\/vc_column_text][\/vc_column_inner][\/vc_row_inner][vc_row_inner gap=\u00bb30&#8243; el_class=\u00bbjust-family-2&#8243;][vc_column_inner width=\u00bb1\/2&#8243;][vc_custom_heading text=\u00bbHow does group support help blended families become stronger?\u00bb font_container=\u00bbtag:h6|text_align:left\u00bb use_theme_fonts=\u00bbyes\u00bb][vc_column_text]Las investigaciones muestran que las parejas en familias reconstituidas tienen tres veces m\u00e1s estr\u00e9s que las parejas en primeros matrimonios durante los primeros a\u00f1os y que los ni\u00f1os experimentan un menor bienestar emocional, psicol\u00f3gico y acad\u00e9mico general cuando se exponen a numerosas asociaciones con los padres.<\/p>\n<p>JustFamily busca brindar un lugar seguro para las familias mixtas donde se exploren, identifiquen y expresen las cuestiones relacionadas con la seguridad, la posici\u00f3n y los cambios de vida con la esperanza de mitigar cualquiera de los peligros de fusionar una familia.[\/vc_column_text][\/vc_column_inner][vc_column_inner width=\u00bb1\/2&#8243;][vc_custom_heading text=\u00bb\u00bfCu\u00e1nto cuesta JustFamily?\u00bb font_container=\u00bbtag:h6|text_align:left\u00bb use_theme_fonts=\u00bbyes\u00bb][vc_column_text]Los grupos de apoyo de JustFamily son gratuitos para los ni\u00f1os y sus padres. Nos financiamos a trav\u00e9s de donantes generosos y fondos privados para proporcionar a estos grupos. Pedimos que cada persona\/familia seleccionada considere seriamente la administraci\u00f3n de aquellos que gentilmente financian este programa al comprometer su tiempo y energ\u00eda a la totalidad del programa.[\/vc_column_text][\/vc_column_inner][\/vc_row_inner][vc_row_inner gap=\u00bb30&#8243; el_class=\u00bbjust-family-3&#8243;][vc_column_inner width=\u00bb1\/2&#8243;][vc_custom_heading text=\u00bb\u00bfCu\u00e1ndo se ofrece JustFamily?\u00bb font_container=\u00bbtag:h6|text_align:left\u00bb use_theme_fonts=\u00bbyes\u00bb][vc_column_text]JustFamily se re\u00fane los mi\u00e9rcoles por la noche de 8:00 p. m. a 9:00 p. m. JustFamily es un programa de 5 semanas que se ofrece dos veces al a\u00f1o en primavera y oto\u00f1o. Actualmente, nos estamos reuniendo virtualmente.[\/vc_column_text][\/vc_column_inner][vc_column_inner width=\u00bb1\/2&#8243;][vc_custom_heading text=\u00bb\u00bfD\u00f3nde se ofrece JustFamily?\u00bb font_container=\u00bbtag:h6|text_align:left\u00bb use_theme_fonts=\u00bbyes\u00bb][vc_column_text]Los grupos de apoyo de JustFamily se re\u00fanen en la oficina de ChristianWorks Dallas.[\/vc_column_text][\/vc_column_inner][\/vc_row_inner][vc_row_inner gap=\u00bb30&#8243; el_class=\u00bbjust-family-4&#8243;][vc_column_inner width=\u00bb1\/2&#8243;][vc_custom_heading text=\u00bb\u00bfC\u00f3mo puede mi familia obtener m\u00e1s informaci\u00f3n sobre la participaci\u00f3n en JustFamily?\u00bb font_container=\u00bbtag:h6|text_align:left\u00bb use_theme_fonts=\u00bbyes\u00bb][vc_column_text]Se requiere que las nuevas familias asistan a una orientaci\u00f3n antes de asistir a un grupo. Esta reuni\u00f3n nos ayudar\u00e1 a ubicarlo en un grupo que creemos ayudar\u00e1 a las necesidades de su familia. Tambi\u00e9n le proporcionar\u00e1 a usted ya su familia la informaci\u00f3n necesaria para participar. Si est\u00e1 interesado en inscribir a su familia en JustFamily, complete nuestro <span style=\"color: #0066c7;\"><a style=\"color: #0066c7;\" href=\"#\">formulario<\/a><\/span> de contacto o comun\u00edquese con nuestra coordinadora del programa Paola Thompson en <span style=\"color: #0066c7;\"><a style=\"color: #0066c7;\" href=\"mailto:pthompson@christian-works.org\">pthompson@christian-works.org<\/a><\/span> o <span style=\"color: #d7282f;\"><a style=\"color: #d7282f;\" href=\"tel:972-960-9981\">972-960-9981<\/a><\/span> ext. <span style=\"color: #d7282f;\"><a style=\"color: #d7282f;\" href=\"tel:115\">115<\/a><\/span> .[\/vc_column_text][\/vc_column_inner][vc_column_inner width=\u00bb1\/2&#8243;][vc_custom_heading text=\u00bbWhat is the difference in support for blending families and counseling?\u00bb font_container=\u00bbtag:h6|text_align:left\u00bb use_theme_fonts=\u00bbyes\u00bb][vc_column_text]Las familias mezcladas no son familias rotas que deben arreglarse. Son familias que necesitan que se les d\u00e9 un lugar donde se sientan lo suficientemente c\u00f3modas para expresar esperanzas y dolores. Por lo tanto, los servicios de apoyo no son tratamiento ni asesoramiento. El apoyo es escuchar, estar presente para los ni\u00f1os y sus padres mientras comparten pensamientos y experiencias, expresan sentimientos y deseos y hacen preguntas importantes. Si un miembro de la familia ha asistido a JustFamily y su facilitador siente que podr\u00eda necesitar apoyo adicional, podemos remitirlo a CounselingWorks, donde contamos con una variedad de consejeros profesionales autorizados en el personal disponibles para brindar servicios terap\u00e9uticos individuales.[\/vc_column_text][\/vc_column_inner][\/vc_row_inner][\/vc_column][\/vc_row][\/vc_section][vc_section el_class=\u00bbcta-support-section cta-just-section\u00bb][vc_row content_placement=\u00bbmiddle\u00bb css=\u00bb.vc_custom_1649787238145{background-image: url(https:\/\/christian-works.org\/wp-content\/uploads\/2022\/04\/Group-14138.png?id=1998) !important;background-position: 0 0 !important;background-repeat: no-repeat !important;}\u00bb][vc_column width=\u00bb3\/4&#8243;][vc_custom_heading text=\u00bbAy\u00fadanos a construir hogares y familias saludables.\u00bb use_theme_fonts=\u00bbyes\u00bb][vc_column_text]ChristianWorks for Children es una organizaci\u00f3n sin fines de lucro 501(c)(3) \u2014 EIN: 75-1246028.<br \/>\nCon su apoyo, podemos continuar con el ejemplo de servicio de Jesucristo. \u00a1As\u00f3ciese con nosotros hoy![\/vc_column_text][\/vc_column][vc_column width=\u00bb1\/4&#8243;][vc_btn title=\u00bbApoyanos\u00bb align=\u00bbcenter\u00bb link=\u00bburl:https%3A%2F%2Fchristian-works.org%2Fes%2Fdonate-2%2F\u00bb el_class=\u00bbwhite-btn\u00bb][\/vc_column][\/vc_row][\/vc_section]<\/p>\n<\/div>","protected":false},"excerpt":{"rendered":"<p>[vc_section el_class=\u00bbwhat-just-section\u00bb][vc_row][vc_column width=\u00bb1\/2&#8243;][vc_custom_heading text=\u00bb\u00bfQu\u00e9 es Just Family?\u00bb font_container=\u00bbtag:h3|text_align:left\u00bb use_theme_fonts=\u00bbyes\u00bb][vc_column_text]JustFamily es un lugar seguro y de apoyo para que las familias mezcladas sean solo una familia. Es un programa de ocho semanas proporcionado sin cargo en ChristianWorks for Children.[\/vc_column_text][vc_btn title=\u00bbReg\u00edstrese en JustFamily\u00bb link=\u00bburl:https%3A%2F%2Fchristian-works.org%2Fes%2Fcontact-us%2F\u00bb el_class=\u00bbred-btn\u00bb][\/vc_column][vc_column width=\u00bb1\/2&#8243;][\/vc_column][\/vc_row][\/vc_section][vc_section full_width=\u00bbstretch_row\u00bb el_class=\u00bbjust-family-section\u00bb][vc_row el_class=\u00bbjust-fam-top\u00bb][vc_column][vc_custom_heading text=\u00bbSolo servicios familiares\u00bb font_container=\u00bbtag:h3|text_align:left\u00bb use_theme_fonts=\u00bbyes\u00bb][vc_column_text]JustFamily busca proporcionar un [&hellip;]<\/p>\n","protected":false},"author":4,"featured_media":887,"parent":0,"menu_order":0,"comment_status":"closed","ping_status":"closed","template":"fullwidth.php","meta":{"_acf_changed":false,"inline_featured_image":false,"footnotes":""},"class_list":["post-6815","page","type-page","status-publish","has-post-thumbnail","hentry"],"acf":[],"yoast_head":"<!-- This site is optimized with the Yoast SEO plugin v27.1.1 - https:\/\/yoast.com\/product\/yoast-seo-wordpress\/ -->\n<title>JustFamily - ChristianWorks<\/title>\n<meta name=\"robots\" content=\"index, follow, max-snippet:-1, max-image-preview:large, max-video-preview:-1\" \/>\n<link rel=\"canonical\" href=\"https:\/\/christian-works.org\/es\/justfamily\/\" \/>\n<meta property=\"og:locale\" content=\"es_ES\" \/>\n<meta property=\"og:type\" content=\"article\" \/>\n<meta property=\"og:title\" content=\"JustFamily - ChristianWorks\" \/>\n<meta property=\"og:description\" content=\"[vc_section el_class=\u00bbwhat-just-section\u00bb][vc_row][vc_column width=\u00bb1\/2&#8243;][vc_custom_heading text=\u00bb\u00bfQu\u00e9 es Just Family?\u00bb font_container=\u00bbtag:h3|text_align:left\u00bb use_theme_fonts=\u00bbyes\u00bb][vc_column_text]JustFamily es un lugar seguro y de apoyo para que las familias mezcladas sean solo una familia. Es un programa de ocho semanas proporcionado sin cargo en ChristianWorks for Children.[\/vc_column_text][vc_btn title=\u00bbReg\u00edstrese en JustFamily\u00bb link=\u00bburl:https%3A%2F%2Fchristian-works.org%2Fes%2Fcontact-us%2F\u00bb el_class=\u00bbred-btn\u00bb][\/vc_column][vc_column width=\u00bb1\/2&#8243;][\/vc_column][\/vc_row][\/vc_section][vc_section full_width=\u00bbstretch_row\u00bb el_class=\u00bbjust-family-section\u00bb][vc_row el_class=\u00bbjust-fam-top\u00bb][vc_column][vc_custom_heading text=\u00bbSolo servicios familiares\u00bb font_container=\u00bbtag:h3|text_align:left\u00bb use_theme_fonts=\u00bbyes\u00bb][vc_column_text]JustFamily busca proporcionar un [&hellip;]\" \/>\n<meta property=\"og:url\" content=\"https:\/\/christian-works.org\/es\/justfamily\/\" \/>\n<meta property=\"og:site_name\" content=\"ChristianWorks\" \/>\n<meta property=\"article:modified_time\" content=\"2025-06-13T15:47:20+00:00\" \/>\n<meta property=\"og:image\" content=\"https:\/\/christian-works.org\/wp-content\/uploads\/2022\/03\/Group-14153-min.jpg\" \/>\n\t<meta property=\"og:image:width\" content=\"1920\" \/>\n\t<meta property=\"og:image:height\" content=\"400\" \/>\n\t<meta property=\"og:image:type\" content=\"image\/jpeg\" \/>\n<meta name=\"twitter:card\" content=\"summary_large_image\" \/>\n<meta name=\"twitter:label1\" content=\"Tiempo de lectura\" \/>\n\t<meta name=\"twitter:data1\" content=\"6 minutos\" \/>\n<script type=\"application\/ld+json\" class=\"yoast-schema-graph\">{\"@context\":\"https:\/\/schema.org\",\"@graph\":[{\"@type\":\"WebPage\",\"@id\":\"https:\/\/christian-works.org\/es\/justfamily\/\",\"url\":\"https:\/\/christian-works.org\/es\/justfamily\/\",\"name\":\"JustFamily - ChristianWorks\",\"isPartOf\":{\"@id\":\"https:\/\/christian-works.org\/#website\"},\"primaryImageOfPage\":{\"@id\":\"https:\/\/christian-works.org\/es\/justfamily\/#primaryimage\"},\"image\":{\"@id\":\"https:\/\/christian-works.org\/es\/justfamily\/#primaryimage\"},\"thumbnailUrl\":\"https:\/\/christian-works.org\/wp-content\/uploads\/2022\/03\/Group-14153-min.jpg?wsr\",\"datePublished\":\"2022-03-29T11:18:24+00:00\",\"dateModified\":\"2025-06-13T15:47:20+00:00\",\"breadcrumb\":{\"@id\":\"https:\/\/christian-works.org\/es\/justfamily\/#breadcrumb\"},\"inLanguage\":\"es\",\"potentialAction\":[{\"@type\":\"ReadAction\",\"target\":[\"https:\/\/christian-works.org\/es\/justfamily\/\"]}]},{\"@type\":\"ImageObject\",\"inLanguage\":\"es\",\"@id\":\"https:\/\/christian-works.org\/es\/justfamily\/#primaryimage\",\"url\":\"https:\/\/christian-works.org\/wp-content\/uploads\/2022\/03\/Group-14153-min.jpg?wsr\",\"contentUrl\":\"https:\/\/christian-works.org\/wp-content\/uploads\/2022\/03\/Group-14153-min.jpg?wsr\",\"width\":1920,\"height\":400},{\"@type\":\"BreadcrumbList\",\"@id\":\"https:\/\/christian-works.org\/es\/justfamily\/#breadcrumb\",\"itemListElement\":[{\"@type\":\"ListItem\",\"position\":1,\"name\":\"Home\",\"item\":\"https:\/\/christian-works.org\/es\/\"},{\"@type\":\"ListItem\",\"position\":2,\"name\":\"solo familia\"}]},{\"@type\":\"WebSite\",\"@id\":\"https:\/\/christian-works.org\/#website\",\"url\":\"https:\/\/christian-works.org\/\",\"name\":\"ChristianWorks\",\"description\":\"\",\"potentialAction\":[{\"@type\":\"SearchAction\",\"target\":{\"@type\":\"EntryPoint\",\"urlTemplate\":\"https:\/\/christian-works.org\/?s={search_term_string}\"},\"query-input\":{\"@type\":\"PropertyValueSpecification\",\"valueRequired\":true,\"valueName\":\"search_term_string\"}}],\"inLanguage\":\"es\"}]}<\/script>\n<!-- \/ Yoast SEO plugin. -->","yoast_head_json":{"title":"JustFamily - ChristianWorks","robots":{"index":"index","follow":"follow","max-snippet":"max-snippet:-1","max-image-preview":"max-image-preview:large","max-video-preview":"max-video-preview:-1"},"canonical":"https:\/\/christian-works.org\/es\/justfamily\/","og_locale":"es_ES","og_type":"article","og_title":"JustFamily - ChristianWorks","og_description":"[vc_section el_class=\u00bbwhat-just-section\u00bb][vc_row][vc_column width=\u00bb1\/2&#8243;][vc_custom_heading text=\u00bb\u00bfQu\u00e9 es Just Family?\u00bb font_container=\u00bbtag:h3|text_align:left\u00bb use_theme_fonts=\u00bbyes\u00bb][vc_column_text]JustFamily es un lugar seguro y de apoyo para que las familias mezcladas sean solo una familia. Es un programa de ocho semanas proporcionado sin cargo en ChristianWorks for Children.[\/vc_column_text][vc_btn title=\u00bbReg\u00edstrese en JustFamily\u00bb link=\u00bburl:https%3A%2F%2Fchristian-works.org%2Fes%2Fcontact-us%2F\u00bb el_class=\u00bbred-btn\u00bb][\/vc_column][vc_column width=\u00bb1\/2&#8243;][\/vc_column][\/vc_row][\/vc_section][vc_section full_width=\u00bbstretch_row\u00bb el_class=\u00bbjust-family-section\u00bb][vc_row el_class=\u00bbjust-fam-top\u00bb][vc_column][vc_custom_heading text=\u00bbSolo servicios familiares\u00bb font_container=\u00bbtag:h3|text_align:left\u00bb use_theme_fonts=\u00bbyes\u00bb][vc_column_text]JustFamily busca proporcionar un [&hellip;]","og_url":"https:\/\/christian-works.org\/es\/justfamily\/","og_site_name":"ChristianWorks","article_modified_time":"2025-06-13T15:47:20+00:00","og_image":[{"width":1920,"height":400,"url":"https:\/\/christian-works.org\/wp-content\/uploads\/2022\/03\/Group-14153-min.jpg","type":"image\/jpeg"}],"twitter_card":"summary_large_image","twitter_misc":{"Tiempo de lectura":"6 minutos"},"schema":{"@context":"https:\/\/schema.org","@graph":[{"@type":"WebPage","@id":"https:\/\/christian-works.org\/es\/justfamily\/","url":"https:\/\/christian-works.org\/es\/justfamily\/","name":"JustFamily - ChristianWorks","isPartOf":{"@id":"https:\/\/christian-works.org\/#website"},"primaryImageOfPage":{"@id":"https:\/\/christian-works.org\/es\/justfamily\/#primaryimage"},"image":{"@id":"https:\/\/christian-works.org\/es\/justfamily\/#primaryimage"},"thumbnailUrl":"https:\/\/christian-works.org\/wp-content\/uploads\/2022\/03\/Group-14153-min.jpg?wsr","datePublished":"2022-03-29T11:18:24+00:00","dateModified":"2025-06-13T15:47:20+00:00","breadcrumb":{"@id":"https:\/\/christian-works.org\/es\/justfamily\/#breadcrumb"},"inLanguage":"es","potentialAction":[{"@type":"ReadAction","target":["https:\/\/christian-works.org\/es\/justfamily\/"]}]},{"@type":"ImageObject","inLanguage":"es","@id":"https:\/\/christian-works.org\/es\/justfamily\/#primaryimage","url":"https:\/\/christian-works.org\/wp-content\/uploads\/2022\/03\/Group-14153-min.jpg?wsr","contentUrl":"https:\/\/christian-works.org\/wp-content\/uploads\/2022\/03\/Group-14153-min.jpg?wsr","width":1920,"height":400},{"@type":"BreadcrumbList","@id":"https:\/\/christian-works.org\/es\/justfamily\/#breadcrumb","itemListElement":[{"@type":"ListItem","position":1,"name":"Home","item":"https:\/\/christian-works.org\/es\/"},{"@type":"ListItem","position":2,"name":"solo familia"}]},{"@type":"WebSite","@id":"https:\/\/christian-works.org\/#website","url":"https:\/\/christian-works.org\/","name":"ChristianWorks","description":"","potentialAction":[{"@type":"SearchAction","target":{"@type":"EntryPoint","urlTemplate":"https:\/\/christian-works.org\/?s={search_term_string}"},"query-input":{"@type":"PropertyValueSpecification","valueRequired":true,"valueName":"search_term_string"}}],"inLanguage":"es"}]}},"_links":{"self":[{"href":"https:\/\/christian-works.org\/es\/wp-json\/wp\/v2\/pages\/6815","targetHints":{"allow":["GET"]}}],"collection":[{"href":"https:\/\/christian-works.org\/es\/wp-json\/wp\/v2\/pages"}],"about":[{"href":"https:\/\/christian-works.org\/es\/wp-json\/wp\/v2\/types\/page"}],"author":[{"embeddable":true,"href":"https:\/\/christian-works.org\/es\/wp-json\/wp\/v2\/users\/4"}],"replies":[{"embeddable":true,"href":"https:\/\/christian-works.org\/es\/wp-json\/wp\/v2\/comments?post=6815"}],"version-history":[{"count":4,"href":"https:\/\/christian-works.org\/es\/wp-json\/wp\/v2\/pages\/6815\/revisions"}],"predecessor-version":[{"id":10235,"href":"https:\/\/christian-works.org\/es\/wp-json\/wp\/v2\/pages\/6815\/revisions\/10235"}],"wp:featuredmedia":[{"embeddable":true,"href":"https:\/\/christian-works.org\/es\/wp-json\/wp\/v2\/media\/887"}],"wp:attachment":[{"href":"https:\/\/christian-works.org\/es\/wp-json\/wp\/v2\/media?parent=6815"}],"curies":[{"name":"wp","href":"https:\/\/api.w.org\/{rel}","templated":true}]}}