{"id":6816,"date":"2022-03-26T12:47:44","date_gmt":"2022-03-26T12:47:44","guid":{"rendered":"https:\/\/christian-works.org\/nuestros-ministerios\/"},"modified":"2025-06-13T15:51:42","modified_gmt":"2025-06-13T15:51:42","slug":"how-we-work","status":"publish","type":"page","link":"https:\/\/christian-works.org\/es\/how-we-work\/","title":{"rendered":"Nuestros Ministerios"},"content":{"rendered":"<div class=\"wpb-content-wrapper\"><p>[vc_section el_class=\u00bbministry-section\u00bb][vc_row][vc_column][vc_column_text]Hemos ampliado nuestros programas y servicios para asegurarnos de que las familias reciban la atenci\u00f3n que necesitan.<br \/>\nLos servicios de ChristianWorks se pueden combinar para satisfacer las necesidades individuales de cada familia. Cont\u00e1ctenos hoy para aprender m\u00e1s.[\/vc_column_text][\/vc_column][\/vc_row][\/vc_section][vc_section el_class=\u00bbministries-sec\u00bb][vc_row gap=\u00bb30&#8243;][vc_column width=\u00bb1\/2&#8243; el_class=\u00bbministry\u00bb][vc_single_image image=\u00bb1752&#8243; img_size=\u00bbfull\u00bb][vc_custom_heading text=\u00bbAdoptionWorks\u00bb font_container=\u00bbtag:h4|text_align:left\u00bb use_theme_fonts=\u00bbyes\u00bb][vc_column_text]AdoptionWorks sabe que el amor es lo que hace a una familia. Tenemos m\u00e1s de 40 a\u00f1os de experiencia en servicios de adopci\u00f3n como agencia de colocaci\u00f3n de ni\u00f1os con licencia de Texas. Brindamos servicios completos de adopci\u00f3n abierta nacional a padres biol\u00f3gicos y parejas adoptivas. AdoptionWorks tambi\u00e9n ofrece grupos de apoyo posteriores a la adopci\u00f3n gratuitos para personas adoptadas de 5 a 17 a\u00f1os y sus padres. Nuestro personal satisface las necesidades \u00fanicas de mujeres que experimentan crisis de embarazo, parejas interesadas en adoptar y ni\u00f1os que necesitan familias.[\/vc_column_text][vc_btn title=\u00bbAprende m\u00e1s\u00bb align=\u00bbright\u00bb link=\u00bburl:https%3A%2F%2Fchristian-works.org%2Fes%2Fadoptionworks%2F|title:AdoptionWorks\u00bb][\/vc_column][vc_column width=\u00bb1\/2&#8243; el_class=\u00bbministry\u00bb][vc_single_image image=\u00bb434&#8243; img_size=\u00bbfull\u00bb][vc_custom_heading text=\u00bbCareWorks\u00bb font_container=\u00bbtag:h4|text_align:left\u00bb use_theme_fonts=\u00bbyes\u00bb][vc_column_text]CareWorks es un programa para ni\u00f1os econ\u00f3micamente desfavorecidos en pa\u00edses subdesarrollados y subdesarrollados. Muchos de estos ni\u00f1os sufren abandono, abuso y trauma. Proveemos comida, albergue, ropa, agua, educaci\u00f3n y cuidado de la salud f\u00edsica y emocional. En cada lugar, tenemos un conocimiento pr\u00e1ctico de la cultura y conocemos a los pueblos ind\u00edgenas en los que podemos confiar para proporcionar recursos y apoyo esenciales a diario.[\/vc_column_text][vc_btn title=\u00bbAprende m\u00e1s\u00bb align=\u00bbright\u00bb link=\u00bburl:https%3A%2F%2Fchristian-works.org%2Fes%2Fcareworks%2F|title:CareWorks\u00bb][\/vc_column][\/vc_row][vc_row gap=\u00bb30&#8243;][vc_column width=\u00bb1\/2&#8243; el_class=\u00bbministry ministry-2&#8243;][vc_single_image image=\u00bb430&#8243; img_size=\u00bbfull\u00bb][vc_custom_heading text=\u00bbConsejer\u00edaObras\u00bb font_container=\u00bbtag:h4|text_align:left\u00bb use_theme_fonts=\u00bbyes\u00bb][vc_column_text]En CounselingWorks, creemos que las relaciones y las personas se restauran cuando se satisfacen sus necesidades emocionales, f\u00edsicas, intelectuales y espirituales. La mejor manera de ayudar a un miembro de la familia que est\u00e1 sufriendo es tratar a toda la familia. Nos esforzamos por ayudar a cada miembro de la familia a utilizar sus fortalezas individuales. Nuestro programa incluye terapia intensa, educaci\u00f3n para padres y desarrollo de habilidades en comunicaci\u00f3n, afrontamiento, manejo del estr\u00e9s, toma de decisiones y resoluci\u00f3n de problemas. Servicios disponibles en ingl\u00e9s y espa\u00f1ol.[\/vc_column_text][vc_btn title=\u00bbAprende m\u00e1s\u00bb align=\u00bbright\u00bb link=\u00bburl:https%3A%2F%2Fchristian-works.org%2Fes%2Fcounseling-works%2F|title:CounselingWorks\u00bb][\/vc_column][vc_column width=\u00bb1\/2&#8243; el_class=\u00bbministry ministry-2&#8243;][vc_single_image image=\u00bb432&#8243; img_size=\u00bbfull\u00bb][vc_custom_heading text=\u00bbconvertirse en mam\u00e1\u00bb font_container=\u00bbtag:h4|text_align:left\u00bb use_theme_fonts=\u00bbyes\u00bb][vc_column_text]BecomingMom brinda servicios gratuitos a mujeres embarazadas en DFW. A trav\u00e9s de asesoramiento, clases y tutor\u00eda, BecomingMom acompa\u00f1a y empodera a las mujeres en su viaje hacia la paternidad.[\/vc_column_text][vc_btn title=\u00bbAprende m\u00e1s\u00bb align=\u00bbright\u00bb link=\u00bburl:https%3A%2F%2Fchristian-works.org%2Fes%2Fbecomingmom%2F|title:Free%20Support%20for%20Expectant%20%26%20New%20Parents\u00bb][\/vc_column][\/vc_row][vc_row gap=\u00bb30&#8243;][vc_column width=\u00bb1\/2&#8243; el_class=\u00bbministry ministry-3&#8243;][vc_single_image image=\u00bb427&#8243; img_size=\u00bbfull\u00bb][vc_custom_heading text=\u00bbGriefWorks\u00bb font_container=\u00bbtag:h4|text_align:left\u00bb use_theme_fonts=\u00bbyes\u00bb][vc_column_text]GriefWorks es un programa de grupo de apoyo gratuito para ni\u00f1os de 5 a 18 a\u00f1os que han experimentado la muerte de un ser querido. Los grupos participan en el intercambio, el juego, el teatro y el arte con el apoyo de facilitadores afectuosos y capacitados. Los ni\u00f1os pueden expresar sus sentimientos de dolor en un ambiente seguro y amoroso. Las estad\u00edsticas muestran que uno de cada siete ni\u00f1os experimentar\u00e1 la muerte de un ser querido a los 10 a\u00f1os. Creemos que restaurar la esperanza de un ni\u00f1o despu\u00e9s de experimentar una muerte les permitir\u00e1 tener relaciones saludables en el futuro.[\/vc_column_text][vc_btn title=\u00bbAprende m\u00e1s\u00bb align=\u00bbright\u00bb link=\u00bburl:https%3A%2F%2Fchristian-works.org%2Fes%2Fgrief%2Fgriefworks%2F|title:GriefWorks\u00bb][\/vc_column][vc_column width=\u00bb1\/2&#8243; el_class=\u00bbministry ministry-3&#8243;][vc_single_image image=\u00bb429&#8243; img_size=\u00bbfull\u00bb][vc_custom_heading text=\u00bbKidWorks\u00bb font_container=\u00bbtag:h4|text_align:left\u00bb use_theme_fonts=\u00bbyes\u00bb][vc_column_text]KIDWorks (Kids In Divorce) es un programa de grupo de apoyo gratuito para ni\u00f1os de 5 a 18 a\u00f1os que est\u00e1n experimentando los dolorosos efectos del divorcio. Los ni\u00f1os comparten a trav\u00e9s del juego, el teatro y el arte, con el apoyo de facilitadores capacitados. Los ni\u00f1os pueden expresar sus sentimientos compartidos de p\u00e9rdida y cambios importantes en la vida debido al divorcio. En KIDWorks creemos que los ni\u00f1os necesitan ayuda especial para superar la p\u00e9rdida y el cambio en su vida despu\u00e9s de un divorcio. Honrar ese proceso de curaci\u00f3n es un paso necesario para mantener relaciones saludables en el futuro.[\/vc_column_text][vc_btn title=\u00bbAprende m\u00e1s\u00bb align=\u00bbright\u00bb link=\u00bburl:https%3A%2F%2Fchristian-works.org%2Fes%2Fkidworks%2F|title:KidsWorks\u00bb][\/vc_column][\/vc_row][vc_row gap=\u00bb30&#8243;][vc_column width=\u00bb1\/2&#8243;][\/vc_column][vc_column width=\u00bb1\/2&#8243; el_class=\u00bbministry ministry-4&#8243;][vc_single_image image=\u00bb436&#8243; img_size=\u00bbfull\u00bb][vc_custom_heading text=\u00bbsolo familia\u00bb font_container=\u00bbtag:h4|text_align:left\u00bb use_theme_fonts=\u00bbyes\u00bb][vc_column_text]JustFamily es un lugar seguro y de apoyo para que las familias mezcladas sean solo una familia. Es un programa de ocho semanas proporcionado sin cargo en ChristianWorks for Children.[\/vc_column_text][vc_btn title=\u00bbAprende m\u00e1s\u00bb align=\u00bbright\u00bb link=\u00bburl:https%3A%2F%2Fchristian-works.org%2Fes%2Fjustfamily%2F|title:JustFamily\u00bb][\/vc_column][\/vc_row][\/vc_section][vc_section el_class=\u00bbcta-support-section\u00bb][vc_row content_placement=\u00bbmiddle\u00bb css=\u00bb.vc_custom_1653502354458{background-position: 0 0 !important;background-repeat: no-repeat !important;}\u00bb el_class=\u00bbbreakway-curriculum-cta\u00bb][vc_column width=\u00bb1\/6&#8243;][vc_single_image image=\u00bb7572&#8243; img_size=\u00bbfull\u00bb][\/vc_column][vc_column width=\u00bb7\/12&#8243;][vc_custom_heading text=\u00bbBreakway Curriculum\u00bb use_theme_fonts=\u00bbyes\u00bb][vc_column_text]Inicie un grupo de apoyo de duelo o divorcio en su iglesia u organizaci\u00f3n. Breakway Curriculum le proporcionar\u00e1 los mismos planes de lecciones y recursos que usamos en GriefWorks y KIDWorks.[\/vc_column_text][\/vc_column][vc_column width=\u00bb1\/4&#8243;][vc_btn title=\u00bbAprende m\u00e1s\u00bb align=\u00bbcenter\u00bb link=\u00bburl:https%3A%2F%2Fchristian-works.org%2Fes%2Fdescanso%2F\u00bb el_class=\u00bbwhite-btn\u00bb][\/vc_column][\/vc_row][\/vc_section][vc_section el_class=\u00bbcta-support-section\u00bb][vc_row content_placement=\u00bbmiddle\u00bb css=\u00bb.vc_custom_1653502728024{background-image: url(https:\/\/christian-works.org\/wp-content\/uploads\/2022\/04\/Group-14138.png?id=1999) !important;background-position: 0 0 !important;background-repeat: no-repeat !important;}\u00bb][vc_column width=\u00bb3\/4&#8243;][vc_custom_heading text=\u00bbAy\u00fadanos a construir hogares y familias saludables.\u00bb use_theme_fonts=\u00bbyes\u00bb][vc_column_text]ChristianWorks for Children es una organizaci\u00f3n sin fines de lucro 501(c)(3) \u2014 EIN: 75-1246028.<br \/>\nCon su apoyo, podemos continuar con el ejemplo de servicio de Jesucristo. \u00a1As\u00f3ciese con nosotros hoy![\/vc_column_text][\/vc_column][vc_column width=\u00bb1\/4&#8243;][vc_btn title=\u00bbApoyanos\u00bb align=\u00bbcenter\u00bb link=\u00bburl:https%3A%2F%2Fchristian-works.org%2Fes%2Fdonate-2%2F\u00bb el_class=\u00bbwhite-btn\u00bb][\/vc_column][\/vc_row][\/vc_section]<\/p>\n<\/div>","protected":false},"excerpt":{"rendered":"<p>[vc_section el_class=\u00bbministry-section\u00bb][vc_row][vc_column][vc_column_text]Hemos ampliado nuestros programas y servicios para asegurarnos de que las familias reciban la atenci\u00f3n que necesitan. Los servicios de ChristianWorks se pueden combinar para satisfacer las necesidades individuales de cada familia. Cont\u00e1ctenos hoy para aprender m\u00e1s.[\/vc_column_text][\/vc_column][\/vc_row][\/vc_section][vc_section el_class=\u00bbministries-sec\u00bb][vc_row gap=\u00bb30&#8243;][vc_column width=\u00bb1\/2&#8243; el_class=\u00bbministry\u00bb][vc_single_image image=\u00bb1752&#8243; img_size=\u00bbfull\u00bb][vc_custom_heading text=\u00bbAdoptionWorks\u00bb font_container=\u00bbtag:h4|text_align:left\u00bb use_theme_fonts=\u00bbyes\u00bb][vc_column_text]AdoptionWorks sabe que el amor es lo que hace [&hellip;]<\/p>\n","protected":false},"author":4,"featured_media":1057,"parent":0,"menu_order":0,"comment_status":"closed","ping_status":"closed","template":"fullwidth.php","meta":{"_acf_changed":false,"inline_featured_image":false,"footnotes":""},"class_list":["post-6816","page","type-page","status-publish","has-post-thumbnail","hentry"],"acf":[],"yoast_head":"<!-- This site is optimized with the Yoast SEO plugin v27.1.1 - https:\/\/yoast.com\/product\/yoast-seo-wordpress\/ -->\n<title>How We Work - ChristianWorks<\/title>\n<meta name=\"robots\" content=\"index, follow, max-snippet:-1, max-image-preview:large, max-video-preview:-1\" \/>\n<link rel=\"canonical\" href=\"https:\/\/christian-works.org\/es\/how-we-work\/\" \/>\n<meta property=\"og:locale\" content=\"es_ES\" \/>\n<meta property=\"og:type\" content=\"article\" \/>\n<meta property=\"og:title\" content=\"How We Work - ChristianWorks\" \/>\n<meta property=\"og:description\" content=\"[vc_section el_class=\u00bbministry-section\u00bb][vc_row][vc_column][vc_column_text]Hemos ampliado nuestros programas y servicios para asegurarnos de que las familias reciban la atenci\u00f3n que necesitan. Los servicios de ChristianWorks se pueden combinar para satisfacer las necesidades individuales de cada familia. Cont\u00e1ctenos hoy para aprender m\u00e1s.[\/vc_column_text][\/vc_column][\/vc_row][\/vc_section][vc_section el_class=\u00bbministries-sec\u00bb][vc_row gap=\u00bb30&#8243;][vc_column width=\u00bb1\/2&#8243; el_class=\u00bbministry\u00bb][vc_single_image image=\u00bb1752&#8243; img_size=\u00bbfull\u00bb][vc_custom_heading text=\u00bbAdoptionWorks\u00bb font_container=\u00bbtag:h4|text_align:left\u00bb use_theme_fonts=\u00bbyes\u00bb][vc_column_text]AdoptionWorks sabe que el amor es lo que hace [&hellip;]\" \/>\n<meta property=\"og:url\" content=\"https:\/\/christian-works.org\/es\/how-we-work\/\" \/>\n<meta property=\"og:site_name\" content=\"ChristianWorks\" \/>\n<meta property=\"article:modified_time\" content=\"2025-06-13T15:51:42+00:00\" \/>\n<meta property=\"og:image\" content=\"https:\/\/christian-works.org\/wp-content\/uploads\/2022\/03\/Group-14141-min-1.jpg\" \/>\n\t<meta property=\"og:image:width\" content=\"1920\" \/>\n\t<meta property=\"og:image:height\" content=\"400\" \/>\n\t<meta property=\"og:image:type\" content=\"image\/jpeg\" \/>\n<meta name=\"twitter:card\" content=\"summary_large_image\" \/>\n<meta name=\"twitter:label1\" content=\"Tiempo de lectura\" \/>\n\t<meta name=\"twitter:data1\" content=\"6 minutos\" \/>\n<script type=\"application\/ld+json\" class=\"yoast-schema-graph\">{\"@context\":\"https:\/\/schema.org\",\"@graph\":[{\"@type\":\"WebPage\",\"@id\":\"https:\/\/christian-works.org\/es\/how-we-work\/\",\"url\":\"https:\/\/christian-works.org\/es\/how-we-work\/\",\"name\":\"How We Work - ChristianWorks\",\"isPartOf\":{\"@id\":\"https:\/\/christian-works.org\/#website\"},\"primaryImageOfPage\":{\"@id\":\"https:\/\/christian-works.org\/es\/how-we-work\/#primaryimage\"},\"image\":{\"@id\":\"https:\/\/christian-works.org\/es\/how-we-work\/#primaryimage\"},\"thumbnailUrl\":\"https:\/\/christian-works.org\/wp-content\/uploads\/2022\/03\/Group-14141-min-1.jpg?wsr\",\"datePublished\":\"2022-03-26T12:47:44+00:00\",\"dateModified\":\"2025-06-13T15:51:42+00:00\",\"breadcrumb\":{\"@id\":\"https:\/\/christian-works.org\/es\/how-we-work\/#breadcrumb\"},\"inLanguage\":\"es\",\"potentialAction\":[{\"@type\":\"ReadAction\",\"target\":[\"https:\/\/christian-works.org\/es\/how-we-work\/\"]}]},{\"@type\":\"ImageObject\",\"inLanguage\":\"es\",\"@id\":\"https:\/\/christian-works.org\/es\/how-we-work\/#primaryimage\",\"url\":\"https:\/\/christian-works.org\/wp-content\/uploads\/2022\/03\/Group-14141-min-1.jpg?wsr\",\"contentUrl\":\"https:\/\/christian-works.org\/wp-content\/uploads\/2022\/03\/Group-14141-min-1.jpg?wsr\",\"width\":1920,\"height\":400},{\"@type\":\"BreadcrumbList\",\"@id\":\"https:\/\/christian-works.org\/es\/how-we-work\/#breadcrumb\",\"itemListElement\":[{\"@type\":\"ListItem\",\"position\":1,\"name\":\"Home\",\"item\":\"https:\/\/christian-works.org\/es\/\"},{\"@type\":\"ListItem\",\"position\":2,\"name\":\"Nuestros Ministerios\"}]},{\"@type\":\"WebSite\",\"@id\":\"https:\/\/christian-works.org\/#website\",\"url\":\"https:\/\/christian-works.org\/\",\"name\":\"ChristianWorks\",\"description\":\"\",\"potentialAction\":[{\"@type\":\"SearchAction\",\"target\":{\"@type\":\"EntryPoint\",\"urlTemplate\":\"https:\/\/christian-works.org\/?s={search_term_string}\"},\"query-input\":{\"@type\":\"PropertyValueSpecification\",\"valueRequired\":true,\"valueName\":\"search_term_string\"}}],\"inLanguage\":\"es\"}]}<\/script>\n<!-- \/ Yoast SEO plugin. -->","yoast_head_json":{"title":"How We Work - ChristianWorks","robots":{"index":"index","follow":"follow","max-snippet":"max-snippet:-1","max-image-preview":"max-image-preview:large","max-video-preview":"max-video-preview:-1"},"canonical":"https:\/\/christian-works.org\/es\/how-we-work\/","og_locale":"es_ES","og_type":"article","og_title":"How We Work - ChristianWorks","og_description":"[vc_section el_class=\u00bbministry-section\u00bb][vc_row][vc_column][vc_column_text]Hemos ampliado nuestros programas y servicios para asegurarnos de que las familias reciban la atenci\u00f3n que necesitan. Los servicios de ChristianWorks se pueden combinar para satisfacer las necesidades individuales de cada familia. Cont\u00e1ctenos hoy para aprender m\u00e1s.[\/vc_column_text][\/vc_column][\/vc_row][\/vc_section][vc_section el_class=\u00bbministries-sec\u00bb][vc_row gap=\u00bb30&#8243;][vc_column width=\u00bb1\/2&#8243; el_class=\u00bbministry\u00bb][vc_single_image image=\u00bb1752&#8243; img_size=\u00bbfull\u00bb][vc_custom_heading text=\u00bbAdoptionWorks\u00bb font_container=\u00bbtag:h4|text_align:left\u00bb use_theme_fonts=\u00bbyes\u00bb][vc_column_text]AdoptionWorks sabe que el amor es lo que hace [&hellip;]","og_url":"https:\/\/christian-works.org\/es\/how-we-work\/","og_site_name":"ChristianWorks","article_modified_time":"2025-06-13T15:51:42+00:00","og_image":[{"width":1920,"height":400,"url":"https:\/\/christian-works.org\/wp-content\/uploads\/2022\/03\/Group-14141-min-1.jpg","type":"image\/jpeg"}],"twitter_card":"summary_large_image","twitter_misc":{"Tiempo de lectura":"6 minutos"},"schema":{"@context":"https:\/\/schema.org","@graph":[{"@type":"WebPage","@id":"https:\/\/christian-works.org\/es\/how-we-work\/","url":"https:\/\/christian-works.org\/es\/how-we-work\/","name":"How We Work - ChristianWorks","isPartOf":{"@id":"https:\/\/christian-works.org\/#website"},"primaryImageOfPage":{"@id":"https:\/\/christian-works.org\/es\/how-we-work\/#primaryimage"},"image":{"@id":"https:\/\/christian-works.org\/es\/how-we-work\/#primaryimage"},"thumbnailUrl":"https:\/\/christian-works.org\/wp-content\/uploads\/2022\/03\/Group-14141-min-1.jpg?wsr","datePublished":"2022-03-26T12:47:44+00:00","dateModified":"2025-06-13T15:51:42+00:00","breadcrumb":{"@id":"https:\/\/christian-works.org\/es\/how-we-work\/#breadcrumb"},"inLanguage":"es","potentialAction":[{"@type":"ReadAction","target":["https:\/\/christian-works.org\/es\/how-we-work\/"]}]},{"@type":"ImageObject","inLanguage":"es","@id":"https:\/\/christian-works.org\/es\/how-we-work\/#primaryimage","url":"https:\/\/christian-works.org\/wp-content\/uploads\/2022\/03\/Group-14141-min-1.jpg?wsr","contentUrl":"https:\/\/christian-works.org\/wp-content\/uploads\/2022\/03\/Group-14141-min-1.jpg?wsr","width":1920,"height":400},{"@type":"BreadcrumbList","@id":"https:\/\/christian-works.org\/es\/how-we-work\/#breadcrumb","itemListElement":[{"@type":"ListItem","position":1,"name":"Home","item":"https:\/\/christian-works.org\/es\/"},{"@type":"ListItem","position":2,"name":"Nuestros Ministerios"}]},{"@type":"WebSite","@id":"https:\/\/christian-works.org\/#website","url":"https:\/\/christian-works.org\/","name":"ChristianWorks","description":"","potentialAction":[{"@type":"SearchAction","target":{"@type":"EntryPoint","urlTemplate":"https:\/\/christian-works.org\/?s={search_term_string}"},"query-input":{"@type":"PropertyValueSpecification","valueRequired":true,"valueName":"search_term_string"}}],"inLanguage":"es"}]}},"_links":{"self":[{"href":"https:\/\/christian-works.org\/es\/wp-json\/wp\/v2\/pages\/6816","targetHints":{"allow":["GET"]}}],"collection":[{"href":"https:\/\/christian-works.org\/es\/wp-json\/wp\/v2\/pages"}],"about":[{"href":"https:\/\/christian-works.org\/es\/wp-json\/wp\/v2\/types\/page"}],"author":[{"embeddable":true,"href":"https:\/\/christian-works.org\/es\/wp-json\/wp\/v2\/users\/4"}],"replies":[{"embeddable":true,"href":"https:\/\/christian-works.org\/es\/wp-json\/wp\/v2\/comments?post=6816"}],"version-history":[{"count":18,"href":"https:\/\/christian-works.org\/es\/wp-json\/wp\/v2\/pages\/6816\/revisions"}],"predecessor-version":[{"id":10251,"href":"https:\/\/christian-works.org\/es\/wp-json\/wp\/v2\/pages\/6816\/revisions\/10251"}],"wp:featuredmedia":[{"embeddable":true,"href":"https:\/\/christian-works.org\/es\/wp-json\/wp\/v2\/media\/1057"}],"wp:attachment":[{"href":"https:\/\/christian-works.org\/es\/wp-json\/wp\/v2\/media?parent=6816"}],"curies":[{"name":"wp","href":"https:\/\/api.w.org\/{rel}","templated":true}]}}