{"id":6821,"date":"2022-03-28T10:53:35","date_gmt":"2022-03-28T10:53:35","guid":{"rendered":"https:\/\/christian-works.org\/contactenos\/"},"modified":"2022-07-07T14:51:49","modified_gmt":"2022-07-07T14:51:49","slug":"contact-us","status":"publish","type":"page","link":"https:\/\/christian-works.org\/es\/contact-us\/","title":{"rendered":"Cont\u00e1ctenos"},"content":{"rendered":"<div class=\"wpb-content-wrapper\"><p>[vc_section css=\u00bb.vc_custom_1648557320032{padding-top: 86px !important;}\u00bb el_class=\u00bbmission-sec\u00bb][vc_row][vc_column][vc_custom_heading text=\u00bbNuestra misi\u00f3n es representar la bondad de Dios para los ni\u00f1os y sus familias\u00bb font_container=\u00bbtag:h3|font_size:36px|text_align:center\u00bb use_theme_fonts=\u00bbyes\u00bb el_class=\u00bbour-mission-heading-about\u00bb][vc_column_text css=\u00bb.vc_custom_1648557211256{margin-bottom: 0px !important;}\u00bb]<\/p>\n<p style=\"text-align: center;\">Estamos ayudando a ni\u00f1os y familias a enfrentar los desaf\u00edos m\u00e1s dif\u00edciles de la vida. Si la familia es la base de nuestra sociedad, la construcci\u00f3n de hogares y familias saludables deber\u00eda ser una prioridad para todos nosotros. Esa es la filosof\u00eda detr\u00e1s de ChristianWorks for Children.<\/p>\n<p style=\"text-align: center;\">Con una base profundamente arraigada en los principios cristianos, el prop\u00f3sito de ChristianWorks for Children es ayudar a los ni\u00f1os y sus familias a enfrentar y superar incluso los desaf\u00edos m\u00e1s dif\u00edciles de sus vidas. Nos esforzamos por facilitar la construcci\u00f3n de una familia sana y amorosa para cada ni\u00f1o que conocemos.<\/p>\n<p>[\/vc_column_text][\/vc_column][\/vc_row][\/vc_section][vc_section full_width=\u00bbstretch_row\u00bb el_class=\u00bbcontact-form-sec\u00bb css=\u00bb.vc_custom_1648559306341{padding-top: 191px !important;padding-bottom: 110px !important;}\u00bb][vc_row][vc_column width=\u00bb1\/3&#8243;][vc_column_text]<span style=\"color: #ffc629;\">Dallas:<\/span><\/p>\n<p><span style=\"color: #ffffff;\">5440 Harvest Hill Rd #140,<br \/>\nDallas, TX 75230<\/span>[\/vc_column_text][\/vc_column][vc_column width=\u00bb1\/3&#8243;][vc_column_text]<span style=\"color: #ffc629;\">Fort Worth:<\/span><\/p>\n<p><span style=\"color: #ffffff;\">2214 Hemphill St,<br \/>\nFort Worth, TX 76110<\/span>[\/vc_column_text][\/vc_column][vc_column width=\u00bb1\/3&#8243;][vc_column_text]<span style=\"color: #ffc629;\">Follow Us:<\/span>[\/vc_column_text][vc_row_inner][vc_column_inner el_class=\u00bbcontact-socials\u00bb][vc_icon icon_fontawesome=\u00bbfab fa-facebook-f\u00bb link=\u00bburl:https%3A%2F%2Fwww.facebook.com%2FChristianWorks%2F|target:_blank\u00bb][vc_icon icon_fontawesome=\u00bbfab fa-twitter\u00bb link=\u00bburl:https%3A%2F%2Ftwitter.com%2FChristian_Works|target:_blank\u00bb][vc_icon icon_fontawesome=\u00bbfab fa-instagram\u00bb link=\u00bburl:https%3A%2F%2Fwww.instagram.com%2Fchristianworks_for_children%2F|target:_blank\u00bb][vc_icon icon_fontawesome=\u00bbfab fa-youtube\u00bb link=\u00bburl:https%3A%2F%2Fwww.youtube.com%2Fchannel%2FUCqnz2JA9qJUCS6cZKLMQxSw|target:_blank\u00bb][\/vc_column_inner][\/vc_row_inner][\/vc_column][\/vc_row][vc_row el_class=\u00bbform-row\u00bb][vc_column][vc_custom_heading text=\u00bbComun\u00edquese con nosotros\u00bb font_container=\u00bbtag:h3|text_align:left\u00bb use_theme_fonts=\u00bbyes\u00bb css=\u00bb.vc_custom_1648474259765{margin-bottom: 24px !important;}\u00bb][vc_column_text]<span style=\"color: #1e1e1e;\">Si la familia es la base de nuestra sociedad, la construcci\u00f3n de hogares y familias saludables deber\u00eda ser una prioridad para todos nosotros. Esa es la filosof\u00eda detr\u00e1s de ChristianWorks for Children.<\/span><\/p>\n<p><span style=\"color: #1e1e1e;\">Si se encuentra en una situaci\u00f3n que pone en peligro su vida, no use este sitio. Llame al 9-11 para obtener ayuda inmediata.<\/span>[\/vc_column_text]\n<div class=\"wpcf7 no-js\" id=\"wpcf7-f7924-o1\" lang=\"es-ES\" dir=\"ltr\" data-wpcf7-id=\"7924\">\n<div class=\"screen-reader-response\"><p role=\"status\" aria-live=\"polite\" aria-atomic=\"true\"><\/p> <ul><\/ul><\/div>\n<form action=\"\/es\/wp-json\/wp\/v2\/pages\/6821#wpcf7-f7924-o1\" method=\"post\" class=\"wpcf7-form init 4b327a3d6b14 cmatic-conn cmatic-aud-14 cmatic-mapd0-0 cmatic-v0976 cmatic-sent-0 cmatic-total-760\" aria-label=\"Formulario de contacto\" novalidate=\"novalidate\" data-status=\"init\">\n<fieldset class=\"hidden-fields-container\"><input type=\"hidden\" name=\"_wpcf7\" value=\"7924\" \/><input type=\"hidden\" name=\"_wpcf7_version\" value=\"6.1.5\" \/><input type=\"hidden\" name=\"_wpcf7_locale\" value=\"es_ES\" \/><input type=\"hidden\" name=\"_wpcf7_unit_tag\" value=\"wpcf7-f7924-o1\" \/><input type=\"hidden\" name=\"_wpcf7_container_post\" value=\"0\" \/><input type=\"hidden\" name=\"_wpcf7_posted_data_hash\" value=\"\" \/><input type=\"hidden\" name=\"_wpcf7cf_hidden_group_fields\" value=\"[]\" \/><input type=\"hidden\" name=\"_wpcf7cf_hidden_groups\" value=\"[]\" \/><input type=\"hidden\" name=\"_wpcf7cf_visible_groups\" value=\"[]\" \/><input type=\"hidden\" name=\"_wpcf7cf_repeaters\" value=\"[]\" \/><input type=\"hidden\" name=\"_wpcf7cf_steps\" value=\"{}\" \/><input type=\"hidden\" name=\"_wpcf7cf_options\" value=\"{&quot;form_id&quot;:7924,&quot;conditions&quot;:[],&quot;settings&quot;:{&quot;animation&quot;:&quot;yes&quot;,&quot;animation_intime&quot;:200,&quot;animation_outtime&quot;:200,&quot;conditions_ui&quot;:&quot;normal&quot;,&quot;notice_dismissed&quot;:false}}\" \/><input type=\"hidden\" name=\"_wpcf7dtx_version\" value=\"5.0.5\" \/><input type=\"hidden\" name=\"_uacf7_repeaters\" value=\"\" \/><input type=\"hidden\" name=\"_uacf7_options\" value=\"\" \/>\n<\/fieldset>\n<div class=\"uacf7-form-wrapper-container uacf7-form-7924  \"><div class=\"row\">\n<div class=\"col-md-6\">\n<span class=\"wpcf7-form-control-wrap\" data-name=\"your-first-name\"><input size=\"40\" maxlength=\"400\" class=\"wpcf7-form-control wpcf7-text wpcf7-validates-as-required\" aria-required=\"true\" aria-invalid=\"false\" placeholder=\"Primer nombre**\" value=\"\" type=\"text\" name=\"your-first-name\" \/><\/span>\n<\/div>\n<div class=\"col-md-6\">\n<span class=\"wpcf7-form-control-wrap\" data-name=\"your-last-name\"><input size=\"40\" maxlength=\"400\" class=\"wpcf7-form-control wpcf7-text wpcf7-validates-as-required\" aria-required=\"true\" aria-invalid=\"false\" placeholder=\"Apellido**\" value=\"\" type=\"text\" name=\"your-last-name\" \/><\/span>\n<\/div>\n<div class=\"col-md-6\">\n<span class=\"wpcf7-form-control-wrap\" data-name=\"your-phone\"><input size=\"40\" maxlength=\"400\" class=\"wpcf7-form-control wpcf7-tel wpcf7-validates-as-required wpcf7-text wpcf7-validates-as-tel\" aria-required=\"true\" aria-invalid=\"false\" placeholder=\"N\u00famero de tel\u00e9fono**\" value=\"\" type=\"tel\" name=\"your-phone\" \/><\/span>\n<\/div>\n<div class=\"col-md-6\">\n<span class=\"wpcf7-form-control-wrap\" data-name=\"your-email\"><input size=\"40\" maxlength=\"400\" class=\"wpcf7-form-control wpcf7-email wpcf7-validates-as-required wpcf7-text wpcf7-validates-as-email\" aria-required=\"true\" aria-invalid=\"false\" placeholder=\"Direcci\u00f3n de correo electr\u00f3nico*\" value=\"\" type=\"email\" name=\"your-email\" \/><\/span>\n<\/div>\n<div class=\"col-md-12\">\n<p class=\"contact-para\">Preferencia de Locacion<\/p>\n<span class=\"wpcf7-form-control-wrap\" data-name=\"menu-930\"><select class=\"wpcf7-form-control wpcf7-select\" aria-invalid=\"false\" name=\"menu-930\"><option value=\"Dallas\">Dallas<\/option><option value=\"Fort Worth\">Fort Worth<\/option><option value=\"Either\/Both\">Either\/Both<\/option><\/select><\/span>\n<\/div>\n\n<div class=\"col-md-12 time-to-contact\">\n<p>en que servicios estas interesado?<\/p>\n<\/div>\n\n<div class=\"col-md-6\">\n\n\n<span class=\"wpcf7-form-control-wrap\" data-name=\"checkbox-959\"><span class=\"wpcf7-form-control wpcf7-checkbox\"><span class=\"wpcf7-list-item first\"><input type=\"checkbox\" name=\"checkbox-959[]\" value=\"Consejer\u00eda (Individual, Ni\u00f1os, Adolescentes, Familia)\" \/><span class=\"wpcf7-list-item-label\">Consejer\u00eda (Individual, Ni\u00f1os, Adolescentes, Familia)<\/span><\/span><span class=\"wpcf7-list-item\"><input type=\"checkbox\" name=\"checkbox-959[]\" value=\"Apoyo para el duelo familiar \u2013 El duelo funciona\" \/><span class=\"wpcf7-list-item-label\">Apoyo para el duelo familiar \u2013 El duelo funciona<\/span><\/span><span class=\"wpcf7-list-item\"><input type=\"checkbox\" name=\"checkbox-959[]\" value=\"Asesoramiento Espa\u00f1ol\" \/><span class=\"wpcf7-list-item-label\">Asesoramiento Espa\u00f1ol<\/span><\/span><span class=\"wpcf7-list-item\"><input type=\"checkbox\" name=\"checkbox-959[]\" value=\"Divorcio - KID trabaja\" \/><span class=\"wpcf7-list-item-label\">Divorcio - KID trabaja<\/span><\/span><span class=\"wpcf7-list-item\"><input type=\"checkbox\" name=\"checkbox-959[]\" value=\"Cuidado de hu\u00e9rfanos\" \/><span class=\"wpcf7-list-item-label\">Cuidado de hu\u00e9rfanos<\/span><\/span><span class=\"wpcf7-list-item last\"><input type=\"checkbox\" name=\"checkbox-959[]\" value=\"Ayuda para madres embarazadas - Convertirse en mam\u00e1\" \/><span class=\"wpcf7-list-item-label\">Ayuda para madres embarazadas - Convertirse en mam\u00e1<\/span><\/span><\/span><\/span>\n<\/div>\n\n\n\n<div class=\"col-md-6\">\n<span class=\"wpcf7-form-control-wrap\" data-name=\"checkbox-242\"><span class=\"wpcf7-form-control wpcf7-checkbox\"><span class=\"wpcf7-list-item first\"><input type=\"checkbox\" name=\"checkbox-242[]\" value=\"Adopci\u00f3n (madres biol\u00f3gicas y familias adoptivas)\" \/><span class=\"wpcf7-list-item-label\">Adopci\u00f3n (madres biol\u00f3gicas y familias adoptivas)<\/span><\/span><span class=\"wpcf7-list-item\"><input type=\"checkbox\" name=\"checkbox-242[]\" value=\"Campamento de duelo de verano \u2013 Campamento Sunrise\" \/><span class=\"wpcf7-list-item-label\">Campamento de duelo de verano \u2013 Campamento Sunrise<\/span><\/span><span class=\"wpcf7-list-item\"><input type=\"checkbox\" name=\"checkbox-242[]\" value=\"Apoyo Familiar Combinado - Just Family\" \/><span class=\"wpcf7-list-item-label\">Apoyo Familiar Combinado - Just Family<\/span><\/span><span class=\"wpcf7-list-item\"><input type=\"checkbox\" name=\"checkbox-242[]\" value=\"Patrocinio\" \/><span class=\"wpcf7-list-item-label\">Patrocinio<\/span><\/span><span class=\"wpcf7-list-item\"><input type=\"checkbox\" name=\"checkbox-242[]\" value=\"Preguntas generales\" \/><span class=\"wpcf7-list-item-label\">Preguntas generales<\/span><\/span><span class=\"wpcf7-list-item last\"><input type=\"checkbox\" name=\"checkbox-242[]\" value=\"Voluntaria\" \/><span class=\"wpcf7-list-item-label\">Voluntaria<\/span><\/span><\/span><\/span>\n<\/div>\n\n\n\n<div class=\"col-md-12\">\n\n<\/div>\n<div class=\"col-md-12\">\n<\/div>\n<div class=\"col-md-12\">\n<p class=\"recaptcha-p\">*Please verify that you are human<\/p>\n<div id=\"cf7sr-69d38c13893a8\" class=\"cf7sr-g-recaptcha\" data-theme=\"light\" data-type=\"image\" data-size=\"normal\" data-sitekey=\"6LdeBHArAAAAANYpwXHcmmoehU5e1ViGeFfeu4o3\"><\/div><span class=\"wpcf7-form-control-wrap cf7sr-recaptcha\" data-name=\"cf7sr-recaptcha\"><input type=\"hidden\" name=\"cf7sr-recaptcha\" value=\"\" class=\"wpcf7-form-control\"><\/span>\n<div class=\"submit-btn\">\n<input class=\"wpcf7-form-control wpcf7-submit has-spinner red1-btn\" type=\"submit\" value=\"Entregar\" \/>\n<\/div>\n<\/div>\n<\/div><\/div><input type='hidden' class='wpcf7-pum' value='{\"closepopup\":false,\"closedelay\":0,\"openpopup\":false,\"openpopup_id\":0}' \/><div class=\"wpcf7-response-output\" aria-hidden=\"true\"><\/div>\n<\/form>\n<\/div>\n[\/vc_column][\/vc_row][\/vc_section]<\/p>\n<\/div>","protected":false},"excerpt":{"rendered":"<p>[vc_section css=\u00bb.vc_custom_1648557320032{padding-top: 86px !important;}\u00bb el_class=\u00bbmission-sec\u00bb][vc_row][vc_column][vc_custom_heading text=\u00bbNuestra misi\u00f3n es representar la bondad de Dios para los ni\u00f1os y sus familias\u00bb font_container=\u00bbtag:h3|font_size:36px|text_align:center\u00bb use_theme_fonts=\u00bbyes\u00bb el_class=\u00bbour-mission-heading-about\u00bb][vc_column_text css=\u00bb.vc_custom_1648557211256{margin-bottom: 0px !important;}\u00bb] Estamos ayudando a ni\u00f1os y familias a enfrentar los desaf\u00edos m\u00e1s dif\u00edciles de la vida. Si la familia es la base de nuestra sociedad, la construcci\u00f3n de hogares y familias [&hellip;]<\/p>\n","protected":false},"author":4,"featured_media":857,"parent":0,"menu_order":0,"comment_status":"closed","ping_status":"closed","template":"fullwidth.php","meta":{"_acf_changed":false,"inline_featured_image":false,"footnotes":""},"class_list":["post-6821","page","type-page","status-publish","has-post-thumbnail","hentry"],"acf":[],"yoast_head":"<!-- This site is optimized with the Yoast SEO plugin v27.1.1 - https:\/\/yoast.com\/product\/yoast-seo-wordpress\/ -->\n<title>Contact Us | ChristianWorks for Children<\/title>\n<meta name=\"description\" content=\"Contact us so we can help you overcome your challenges. We strive to facilitate the building of a healthy, loving family for every child we meet.\" \/>\n<meta name=\"robots\" content=\"index, follow, max-snippet:-1, max-image-preview:large, max-video-preview:-1\" \/>\n<link rel=\"canonical\" href=\"https:\/\/christian-works.org\/es\/contact-us\/\" \/>\n<meta property=\"og:locale\" content=\"es_ES\" \/>\n<meta property=\"og:type\" content=\"article\" \/>\n<meta property=\"og:title\" content=\"Contact Us | ChristianWorks for Children\" \/>\n<meta property=\"og:description\" content=\"Contact us so we can help you overcome your challenges. We strive to facilitate the building of a healthy, loving family for every child we meet.\" \/>\n<meta property=\"og:url\" content=\"https:\/\/christian-works.org\/es\/contact-us\/\" \/>\n<meta property=\"og:site_name\" content=\"ChristianWorks\" \/>\n<meta property=\"article:modified_time\" content=\"2022-07-07T14:51:49+00:00\" \/>\n<meta property=\"og:image\" content=\"https:\/\/christian-works.org\/wp-content\/uploads\/2022\/03\/Group-14143-min.png\" \/>\n\t<meta property=\"og:image:width\" content=\"1920\" \/>\n\t<meta property=\"og:image:height\" content=\"400\" \/>\n\t<meta property=\"og:image:type\" content=\"image\/png\" \/>\n<meta name=\"twitter:card\" content=\"summary_large_image\" \/>\n<meta name=\"twitter:label1\" content=\"Tiempo de lectura\" \/>\n\t<meta name=\"twitter:data1\" content=\"2 minutos\" \/>\n<script type=\"application\/ld+json\" class=\"yoast-schema-graph\">{\"@context\":\"https:\/\/schema.org\",\"@graph\":[{\"@type\":\"WebPage\",\"@id\":\"https:\/\/christian-works.org\/es\/contact-us\/\",\"url\":\"https:\/\/christian-works.org\/es\/contact-us\/\",\"name\":\"Contact Us | ChristianWorks for Children\",\"isPartOf\":{\"@id\":\"https:\/\/christian-works.org\/#website\"},\"primaryImageOfPage\":{\"@id\":\"https:\/\/christian-works.org\/es\/contact-us\/#primaryimage\"},\"image\":{\"@id\":\"https:\/\/christian-works.org\/es\/contact-us\/#primaryimage\"},\"thumbnailUrl\":\"https:\/\/christian-works.org\/wp-content\/uploads\/2022\/03\/Group-14143-min.png?wsr\",\"datePublished\":\"2022-03-28T10:53:35+00:00\",\"dateModified\":\"2022-07-07T14:51:49+00:00\",\"description\":\"Contact us so we can help you overcome your challenges. We strive to facilitate the building of a healthy, loving family for every child we meet.\",\"breadcrumb\":{\"@id\":\"https:\/\/christian-works.org\/es\/contact-us\/#breadcrumb\"},\"inLanguage\":\"es\",\"potentialAction\":[{\"@type\":\"ReadAction\",\"target\":[\"https:\/\/christian-works.org\/es\/contact-us\/\"]}]},{\"@type\":\"ImageObject\",\"inLanguage\":\"es\",\"@id\":\"https:\/\/christian-works.org\/es\/contact-us\/#primaryimage\",\"url\":\"https:\/\/christian-works.org\/wp-content\/uploads\/2022\/03\/Group-14143-min.png?wsr\",\"contentUrl\":\"https:\/\/christian-works.org\/wp-content\/uploads\/2022\/03\/Group-14143-min.png?wsr\",\"width\":1920,\"height\":400},{\"@type\":\"BreadcrumbList\",\"@id\":\"https:\/\/christian-works.org\/es\/contact-us\/#breadcrumb\",\"itemListElement\":[{\"@type\":\"ListItem\",\"position\":1,\"name\":\"Home\",\"item\":\"https:\/\/christian-works.org\/es\/\"},{\"@type\":\"ListItem\",\"position\":2,\"name\":\"Cont\u00e1ctenos\"}]},{\"@type\":\"WebSite\",\"@id\":\"https:\/\/christian-works.org\/#website\",\"url\":\"https:\/\/christian-works.org\/\",\"name\":\"ChristianWorks\",\"description\":\"\",\"potentialAction\":[{\"@type\":\"SearchAction\",\"target\":{\"@type\":\"EntryPoint\",\"urlTemplate\":\"https:\/\/christian-works.org\/?s={search_term_string}\"},\"query-input\":{\"@type\":\"PropertyValueSpecification\",\"valueRequired\":true,\"valueName\":\"search_term_string\"}}],\"inLanguage\":\"es\"}]}<\/script>\n<!-- \/ Yoast SEO plugin. -->","yoast_head_json":{"title":"Contact Us | ChristianWorks for Children","description":"Contact us so we can help you overcome your challenges. We strive to facilitate the building of a healthy, loving family for every child we meet.","robots":{"index":"index","follow":"follow","max-snippet":"max-snippet:-1","max-image-preview":"max-image-preview:large","max-video-preview":"max-video-preview:-1"},"canonical":"https:\/\/christian-works.org\/es\/contact-us\/","og_locale":"es_ES","og_type":"article","og_title":"Contact Us | ChristianWorks for Children","og_description":"Contact us so we can help you overcome your challenges. We strive to facilitate the building of a healthy, loving family for every child we meet.","og_url":"https:\/\/christian-works.org\/es\/contact-us\/","og_site_name":"ChristianWorks","article_modified_time":"2022-07-07T14:51:49+00:00","og_image":[{"width":1920,"height":400,"url":"https:\/\/christian-works.org\/wp-content\/uploads\/2022\/03\/Group-14143-min.png","type":"image\/png"}],"twitter_card":"summary_large_image","twitter_misc":{"Tiempo de lectura":"2 minutos"},"schema":{"@context":"https:\/\/schema.org","@graph":[{"@type":"WebPage","@id":"https:\/\/christian-works.org\/es\/contact-us\/","url":"https:\/\/christian-works.org\/es\/contact-us\/","name":"Contact Us | ChristianWorks for Children","isPartOf":{"@id":"https:\/\/christian-works.org\/#website"},"primaryImageOfPage":{"@id":"https:\/\/christian-works.org\/es\/contact-us\/#primaryimage"},"image":{"@id":"https:\/\/christian-works.org\/es\/contact-us\/#primaryimage"},"thumbnailUrl":"https:\/\/christian-works.org\/wp-content\/uploads\/2022\/03\/Group-14143-min.png?wsr","datePublished":"2022-03-28T10:53:35+00:00","dateModified":"2022-07-07T14:51:49+00:00","description":"Contact us so we can help you overcome your challenges. We strive to facilitate the building of a healthy, loving family for every child we meet.","breadcrumb":{"@id":"https:\/\/christian-works.org\/es\/contact-us\/#breadcrumb"},"inLanguage":"es","potentialAction":[{"@type":"ReadAction","target":["https:\/\/christian-works.org\/es\/contact-us\/"]}]},{"@type":"ImageObject","inLanguage":"es","@id":"https:\/\/christian-works.org\/es\/contact-us\/#primaryimage","url":"https:\/\/christian-works.org\/wp-content\/uploads\/2022\/03\/Group-14143-min.png?wsr","contentUrl":"https:\/\/christian-works.org\/wp-content\/uploads\/2022\/03\/Group-14143-min.png?wsr","width":1920,"height":400},{"@type":"BreadcrumbList","@id":"https:\/\/christian-works.org\/es\/contact-us\/#breadcrumb","itemListElement":[{"@type":"ListItem","position":1,"name":"Home","item":"https:\/\/christian-works.org\/es\/"},{"@type":"ListItem","position":2,"name":"Cont\u00e1ctenos"}]},{"@type":"WebSite","@id":"https:\/\/christian-works.org\/#website","url":"https:\/\/christian-works.org\/","name":"ChristianWorks","description":"","potentialAction":[{"@type":"SearchAction","target":{"@type":"EntryPoint","urlTemplate":"https:\/\/christian-works.org\/?s={search_term_string}"},"query-input":{"@type":"PropertyValueSpecification","valueRequired":true,"valueName":"search_term_string"}}],"inLanguage":"es"}]}},"_links":{"self":[{"href":"https:\/\/christian-works.org\/es\/wp-json\/wp\/v2\/pages\/6821","targetHints":{"allow":["GET"]}}],"collection":[{"href":"https:\/\/christian-works.org\/es\/wp-json\/wp\/v2\/pages"}],"about":[{"href":"https:\/\/christian-works.org\/es\/wp-json\/wp\/v2\/types\/page"}],"author":[{"embeddable":true,"href":"https:\/\/christian-works.org\/es\/wp-json\/wp\/v2\/users\/4"}],"replies":[{"embeddable":true,"href":"https:\/\/christian-works.org\/es\/wp-json\/wp\/v2\/comments?post=6821"}],"version-history":[{"count":4,"href":"https:\/\/christian-works.org\/es\/wp-json\/wp\/v2\/pages\/6821\/revisions"}],"predecessor-version":[{"id":7926,"href":"https:\/\/christian-works.org\/es\/wp-json\/wp\/v2\/pages\/6821\/revisions\/7926"}],"wp:featuredmedia":[{"embeddable":true,"href":"https:\/\/christian-works.org\/es\/wp-json\/wp\/v2\/media\/857"}],"wp:attachment":[{"href":"https:\/\/christian-works.org\/es\/wp-json\/wp\/v2\/media?parent=6821"}],"curies":[{"name":"wp","href":"https:\/\/api.w.org\/{rel}","templated":true}]}}