{"id":6827,"date":"2022-03-31T13:49:39","date_gmt":"2022-03-31T13:49:39","guid":{"rendered":"https:\/\/christian-works.org\/soporte-gratuito-para-futuros-y-nuevos-padres\/"},"modified":"2025-06-13T15:46:57","modified_gmt":"2025-06-13T15:46:57","slug":"becomingmom","status":"publish","type":"page","link":"https:\/\/christian-works.org\/es\/becomingmom\/","title":{"rendered":"Soporte gratuito para futuros y nuevos padres"},"content":{"rendered":"<div class=\"wpb-content-wrapper\"><p>[vc_section el_class=\u00bbbecome-mom-section\u00bb][vc_row][vc_column width=\u00bb1\/2&#8243;][vc_custom_heading text=\u00bbconvertirse en mam\u00e1\u00bb font_container=\u00bbtag:h3|text_align:left\u00bb use_theme_fonts=\u00bbyes\u00bb][vc_column_text]BecomingMom es un programa GRATUITO que brinda asesoramiento profesional, clases para padres y tutor\u00eda para futuros padres y padres de un<br \/>\nNi\u00f1o de 0-36 meses de edad. Tanto las mam\u00e1s como los pap\u00e1s califican.<\/p>\n<p>A trav\u00e9s de nuestro programa de asesoramiento gratuito, puede reunirse regularmente con un asesor profesional autorizado para analizar sus necesidades mentales, emocionales, f\u00edsicas y espirituales. La consejer\u00eda suele ser muy \u00fatil para procesar situaciones o sentimientos dif\u00edciles, luchas en las relaciones, depresi\u00f3n, ansiedad, inquietudes sobre el sue\u00f1o y otras inquietudes. La consejer\u00eda tambi\u00e9n puede ser \u00fatil para desarrollar su confianza en s\u00ed mismo y como padre.<\/p>\n<p>Para hacer una cita de consejer\u00eda individual o de pareja con un consejero de BecomingMom, llame a nuestra oficina de admisi\u00f3n de consejer\u00eda al<br \/>\n<a href=\"tel:972-960-9981\"><span style=\"color: #d7282f;\">972-960-9981<\/span><\/a> extensi\u00f3n <span style=\"color: #d7282f;\"><a style=\"color: #d7282f;\" href=\"tel:106\">106<\/a><\/span>.<\/p>\n<p>Si est\u00e1 interesado en nuestras clases para padres o en nuestro programa BecomingMom, comun\u00edquese con uno de nuestros coordinadores del programa BecomingMom en <a href=\"mailto:BecomingMom@Christian-Works.org\">BecomingMom@Christian-Works.org<\/a>[\/vc_column_text][vc_btn title=\u00bbAprende m\u00e1s\u00bb link=\u00bburl:https%3A%2F%2Fchristian-works.org%2Fes%2Fcontact-us%2F\u00bb el_class=\u00bbpurple-btn\u00bb][\/vc_column][vc_column width=\u00bb1\/2&#8243;]<div id=\"ultimate-video-194769d38bdf1c938\" class=\"ult-video  ult-adjust-bottom-margin ultimate-video-194769d38bdf1c938 ultv-2195 \"><div class=\"ultv-video ultv-aspect-ratio-16_9 ultv-subscribe-responsive-none\" data-videotype=\"uv_iframe\">\n\t\t\t\t\t\t<div class=\"ultv-video__outer-wrap\" data-autoplay=\"0\" data-device=\"false\"  data-iconbg=\"#3A3A3A\" data-overcolor=\"\" data-defaultbg=\"#ff0000\" data-defaultplay=\"defaulticon\"><div class=\"ultv-video__play\" data-src=\"https:\/\/www.youtube.com\/embed\/3M7RAQ8lnSY?rel=0&#038;start&#038;end&#038;controls=1&#038;mute=0&#038;modestbranding=0&#038;autoplay=1\">\n\t\t\t\t\t\t\t\t<img decoding=\"async\" class=\"ultv-video__thumb\" src=\"https:\/\/christian-works.org\/wp-content\/uploads\/2022\/03\/Group-14163-min.png?wsr\"\/>\n\t\t\t\t\t\t\t\t<div class=\"ultv-video__play-icon  ultv-animation-none\" style=\"width:75px\"><svg height=\"100%\" version=\"1.1\" viewBox=\"0 0 68 48\" width=\"100%\"><path class=\"ultv-youtube-icon-bg\" d=\"m .66,37.62 c 0,0 .66,4.70 2.70,6.77 2.58,2.71 5.98,2.63 7.49,2.91 5.43,.52 23.10,.68 23.12,.68 .00,-1.3e-5 14.29,-0.02 23.81,-0.71 1.32,-0.15 4.22,-0.17 6.81,-2.89 2.03,-2.07 2.70,-6.77 2.70,-6.77 0,0 .67,-5.52 .67,-11.04 l 0,-5.17 c 0,-5.52 -0.67,-11.04 -0.67,-11.04 0,0 -0.66,-4.70 -2.70,-6.77 C 62.03,.86 59.13,.84 57.80,.69 48.28,0 34.00,0 34.00,0 33.97,0 19.69,0 10.18,.69 8.85,.84 5.95,.86 3.36,3.58 1.32,5.65 .66,10.35 .66,10.35 c 0,0 -0.55,4.50 -0.66,9.45 l 0,8.36 c .10,4.94 .66,9.45 .66,9.45 z\" fill=\"#1f1f1e\" ><\/path><path d=\"m 26.96,13.67 18.37,9.62 -18.37,9.55 -0.00,-19.17 z\" fill=\"#fff\"><\/path><path d=\"M 45.02,23.46 45.32,23.28 26.96,13.67 43.32,22.34 45.02,23.46 z\" fill=\"#ccc\"><\/path><\/svg><\/div> <\/div> <\/div><\/div><\/div>[vc_column_text]*Se dar\u00e1n pa\u00f1ales gratis en cada sesi\u00f3n de consejer\u00eda y clase para padres.[\/vc_column_text][\/vc_column][\/vc_row][\/vc_section][vc_section el_class=\u00bbcta-support-section\u00bb][vc_row content_placement=\u00bbmiddle\u00bb css=\u00bb.vc_custom_1649781961975{background-image: url(https:\/\/christian-works.org\/wp-content\/uploads\/2022\/04\/Group-14138.png?id=1998) !important;background-position: 0 0 !important;background-repeat: no-repeat !important;}\u00bb][vc_column width=\u00bb3\/4&#8243;][vc_custom_heading text=\u00bbAy\u00fadanos a construir hogares y familias saludables.\u00bb use_theme_fonts=\u00bbyes\u00bb][vc_column_text]ChristianWorks for Children es una organizaci\u00f3n sin fines de lucro 501(c)(3) \u2014 EIN: 75-1246028.<br \/>\nCon su apoyo, podemos continuar con el ejemplo de servicio de Jesucristo. \u00a1As\u00f3ciese con nosotros hoy![\/vc_column_text][\/vc_column][vc_column width=\u00bb1\/4&#8243;][vc_btn title=\u00bbApoyanos\u00bb align=\u00bbcenter\u00bb link=\u00bburl:https%3A%2F%2Fchristian-works.org%2Fes%2Fdonate-2%2F\u00bb el_class=\u00bbwhite-btn\u00bb][\/vc_column][\/vc_row][\/vc_section]<\/p>\n<\/div>","protected":false},"excerpt":{"rendered":"<p>[vc_section el_class=\u00bbbecome-mom-section\u00bb][vc_row][vc_column width=\u00bb1\/2&#8243;][vc_custom_heading text=\u00bbconvertirse en mam\u00e1\u00bb font_container=\u00bbtag:h3|text_align:left\u00bb use_theme_fonts=\u00bbyes\u00bb][vc_column_text]BecomingMom es un programa GRATUITO que brinda asesoramiento profesional, clases para padres y tutor\u00eda para futuros padres y padres de un Ni\u00f1o de 0-36 meses de edad. Tanto las mam\u00e1s como los pap\u00e1s califican. A trav\u00e9s de nuestro programa de asesoramiento gratuito, puede reunirse regularmente con un asesor [&hellip;]<\/p>\n","protected":false},"author":4,"featured_media":1079,"parent":0,"menu_order":0,"comment_status":"closed","ping_status":"closed","template":"fullwidth.php","meta":{"_acf_changed":false,"inline_featured_image":false,"footnotes":""},"class_list":["post-6827","page","type-page","status-publish","has-post-thumbnail","hentry"],"acf":[],"yoast_head":"<!-- This site is optimized with the Yoast SEO plugin v27.1.1 - https:\/\/yoast.com\/product\/yoast-seo-wordpress\/ -->\n<title>Free Support for Expectant &amp; New Parents - ChristianWorks<\/title>\n<meta name=\"robots\" content=\"index, follow, max-snippet:-1, max-image-preview:large, max-video-preview:-1\" \/>\n<link rel=\"canonical\" href=\"https:\/\/christian-works.org\/es\/becomingmom\/\" \/>\n<meta property=\"og:locale\" content=\"es_ES\" \/>\n<meta property=\"og:type\" content=\"article\" \/>\n<meta property=\"og:title\" content=\"Free Support for Expectant &amp; New Parents - ChristianWorks\" \/>\n<meta property=\"og:description\" content=\"[vc_section el_class=\u00bbbecome-mom-section\u00bb][vc_row][vc_column width=\u00bb1\/2&#8243;][vc_custom_heading text=\u00bbconvertirse en mam\u00e1\u00bb font_container=\u00bbtag:h3|text_align:left\u00bb use_theme_fonts=\u00bbyes\u00bb][vc_column_text]BecomingMom es un programa GRATUITO que brinda asesoramiento profesional, clases para padres y tutor\u00eda para futuros padres y padres de un Ni\u00f1o de 0-36 meses de edad. Tanto las mam\u00e1s como los pap\u00e1s califican. A trav\u00e9s de nuestro programa de asesoramiento gratuito, puede reunirse regularmente con un asesor [&hellip;]\" \/>\n<meta property=\"og:url\" content=\"https:\/\/christian-works.org\/es\/becomingmom\/\" \/>\n<meta property=\"og:site_name\" content=\"ChristianWorks\" \/>\n<meta property=\"article:modified_time\" content=\"2025-06-13T15:46:57+00:00\" \/>\n<meta property=\"og:image\" content=\"https:\/\/christian-works.org\/wp-content\/uploads\/2022\/03\/Group-14162-min.jpg\" \/>\n\t<meta property=\"og:image:width\" content=\"1920\" \/>\n\t<meta property=\"og:image:height\" content=\"400\" \/>\n\t<meta property=\"og:image:type\" content=\"image\/jpeg\" \/>\n<meta name=\"twitter:card\" content=\"summary_large_image\" \/>\n<meta name=\"twitter:label1\" content=\"Tiempo de lectura\" \/>\n\t<meta name=\"twitter:data1\" content=\"2 minutos\" \/>\n<script type=\"application\/ld+json\" class=\"yoast-schema-graph\">{\"@context\":\"https:\/\/schema.org\",\"@graph\":[{\"@type\":\"WebPage\",\"@id\":\"https:\/\/christian-works.org\/es\/becomingmom\/\",\"url\":\"https:\/\/christian-works.org\/es\/becomingmom\/\",\"name\":\"Free Support for Expectant & New Parents - ChristianWorks\",\"isPartOf\":{\"@id\":\"https:\/\/christian-works.org\/#website\"},\"primaryImageOfPage\":{\"@id\":\"https:\/\/christian-works.org\/es\/becomingmom\/#primaryimage\"},\"image\":{\"@id\":\"https:\/\/christian-works.org\/es\/becomingmom\/#primaryimage\"},\"thumbnailUrl\":\"https:\/\/christian-works.org\/wp-content\/uploads\/2022\/03\/Group-14162-min.jpg?wsr\",\"datePublished\":\"2022-03-31T13:49:39+00:00\",\"dateModified\":\"2025-06-13T15:46:57+00:00\",\"breadcrumb\":{\"@id\":\"https:\/\/christian-works.org\/es\/becomingmom\/#breadcrumb\"},\"inLanguage\":\"es\",\"potentialAction\":[{\"@type\":\"ReadAction\",\"target\":[\"https:\/\/christian-works.org\/es\/becomingmom\/\"]}]},{\"@type\":\"ImageObject\",\"inLanguage\":\"es\",\"@id\":\"https:\/\/christian-works.org\/es\/becomingmom\/#primaryimage\",\"url\":\"https:\/\/christian-works.org\/wp-content\/uploads\/2022\/03\/Group-14162-min.jpg?wsr\",\"contentUrl\":\"https:\/\/christian-works.org\/wp-content\/uploads\/2022\/03\/Group-14162-min.jpg?wsr\",\"width\":1920,\"height\":400},{\"@type\":\"BreadcrumbList\",\"@id\":\"https:\/\/christian-works.org\/es\/becomingmom\/#breadcrumb\",\"itemListElement\":[{\"@type\":\"ListItem\",\"position\":1,\"name\":\"Home\",\"item\":\"https:\/\/christian-works.org\/es\/\"},{\"@type\":\"ListItem\",\"position\":2,\"name\":\"Soporte gratuito para futuros y nuevos padres\"}]},{\"@type\":\"WebSite\",\"@id\":\"https:\/\/christian-works.org\/#website\",\"url\":\"https:\/\/christian-works.org\/\",\"name\":\"ChristianWorks\",\"description\":\"\",\"potentialAction\":[{\"@type\":\"SearchAction\",\"target\":{\"@type\":\"EntryPoint\",\"urlTemplate\":\"https:\/\/christian-works.org\/?s={search_term_string}\"},\"query-input\":{\"@type\":\"PropertyValueSpecification\",\"valueRequired\":true,\"valueName\":\"search_term_string\"}}],\"inLanguage\":\"es\"}]}<\/script>\n<!-- \/ Yoast SEO plugin. -->","yoast_head_json":{"title":"Free Support for Expectant & New Parents - ChristianWorks","robots":{"index":"index","follow":"follow","max-snippet":"max-snippet:-1","max-image-preview":"max-image-preview:large","max-video-preview":"max-video-preview:-1"},"canonical":"https:\/\/christian-works.org\/es\/becomingmom\/","og_locale":"es_ES","og_type":"article","og_title":"Free Support for Expectant & New Parents - ChristianWorks","og_description":"[vc_section el_class=\u00bbbecome-mom-section\u00bb][vc_row][vc_column width=\u00bb1\/2&#8243;][vc_custom_heading text=\u00bbconvertirse en mam\u00e1\u00bb font_container=\u00bbtag:h3|text_align:left\u00bb use_theme_fonts=\u00bbyes\u00bb][vc_column_text]BecomingMom es un programa GRATUITO que brinda asesoramiento profesional, clases para padres y tutor\u00eda para futuros padres y padres de un Ni\u00f1o de 0-36 meses de edad. Tanto las mam\u00e1s como los pap\u00e1s califican. A trav\u00e9s de nuestro programa de asesoramiento gratuito, puede reunirse regularmente con un asesor [&hellip;]","og_url":"https:\/\/christian-works.org\/es\/becomingmom\/","og_site_name":"ChristianWorks","article_modified_time":"2025-06-13T15:46:57+00:00","og_image":[{"width":1920,"height":400,"url":"https:\/\/christian-works.org\/wp-content\/uploads\/2022\/03\/Group-14162-min.jpg","type":"image\/jpeg"}],"twitter_card":"summary_large_image","twitter_misc":{"Tiempo de lectura":"2 minutos"},"schema":{"@context":"https:\/\/schema.org","@graph":[{"@type":"WebPage","@id":"https:\/\/christian-works.org\/es\/becomingmom\/","url":"https:\/\/christian-works.org\/es\/becomingmom\/","name":"Free Support for Expectant & New Parents - ChristianWorks","isPartOf":{"@id":"https:\/\/christian-works.org\/#website"},"primaryImageOfPage":{"@id":"https:\/\/christian-works.org\/es\/becomingmom\/#primaryimage"},"image":{"@id":"https:\/\/christian-works.org\/es\/becomingmom\/#primaryimage"},"thumbnailUrl":"https:\/\/christian-works.org\/wp-content\/uploads\/2022\/03\/Group-14162-min.jpg?wsr","datePublished":"2022-03-31T13:49:39+00:00","dateModified":"2025-06-13T15:46:57+00:00","breadcrumb":{"@id":"https:\/\/christian-works.org\/es\/becomingmom\/#breadcrumb"},"inLanguage":"es","potentialAction":[{"@type":"ReadAction","target":["https:\/\/christian-works.org\/es\/becomingmom\/"]}]},{"@type":"ImageObject","inLanguage":"es","@id":"https:\/\/christian-works.org\/es\/becomingmom\/#primaryimage","url":"https:\/\/christian-works.org\/wp-content\/uploads\/2022\/03\/Group-14162-min.jpg?wsr","contentUrl":"https:\/\/christian-works.org\/wp-content\/uploads\/2022\/03\/Group-14162-min.jpg?wsr","width":1920,"height":400},{"@type":"BreadcrumbList","@id":"https:\/\/christian-works.org\/es\/becomingmom\/#breadcrumb","itemListElement":[{"@type":"ListItem","position":1,"name":"Home","item":"https:\/\/christian-works.org\/es\/"},{"@type":"ListItem","position":2,"name":"Soporte gratuito para futuros y nuevos padres"}]},{"@type":"WebSite","@id":"https:\/\/christian-works.org\/#website","url":"https:\/\/christian-works.org\/","name":"ChristianWorks","description":"","potentialAction":[{"@type":"SearchAction","target":{"@type":"EntryPoint","urlTemplate":"https:\/\/christian-works.org\/?s={search_term_string}"},"query-input":{"@type":"PropertyValueSpecification","valueRequired":true,"valueName":"search_term_string"}}],"inLanguage":"es"}]}},"_links":{"self":[{"href":"https:\/\/christian-works.org\/es\/wp-json\/wp\/v2\/pages\/6827","targetHints":{"allow":["GET"]}}],"collection":[{"href":"https:\/\/christian-works.org\/es\/wp-json\/wp\/v2\/pages"}],"about":[{"href":"https:\/\/christian-works.org\/es\/wp-json\/wp\/v2\/types\/page"}],"author":[{"embeddable":true,"href":"https:\/\/christian-works.org\/es\/wp-json\/wp\/v2\/users\/4"}],"replies":[{"embeddable":true,"href":"https:\/\/christian-works.org\/es\/wp-json\/wp\/v2\/comments?post=6827"}],"version-history":[{"count":6,"href":"https:\/\/christian-works.org\/es\/wp-json\/wp\/v2\/pages\/6827\/revisions"}],"predecessor-version":[{"id":10234,"href":"https:\/\/christian-works.org\/es\/wp-json\/wp\/v2\/pages\/6827\/revisions\/10234"}],"wp:featuredmedia":[{"embeddable":true,"href":"https:\/\/christian-works.org\/es\/wp-json\/wp\/v2\/media\/1079"}],"wp:attachment":[{"href":"https:\/\/christian-works.org\/es\/wp-json\/wp\/v2\/media?parent=6827"}],"curies":[{"name":"wp","href":"https:\/\/api.w.org\/{rel}","templated":true}]}}