{"id":6829,"date":"2022-04-10T22:05:11","date_gmt":"2022-04-10T22:05:11","guid":{"rendered":"https:\/\/christian-works.org\/nuestros-recaudadores-de-fondos\/"},"modified":"2025-06-13T15:46:37","modified_gmt":"2025-06-13T15:46:37","slug":"our-fundraisers","status":"publish","type":"page","link":"https:\/\/christian-works.org\/es\/our-fundraisers\/","title":{"rendered":"Nuestros recaudadores de fondos"},"content":{"rendered":"<div class=\"wpb-content-wrapper\"><p>[vc_section el_class=\u00bbfund-top-sec\u00bb][vc_row][vc_column][vc_column_text]El trabajo que cambia vidas que ofrece ChristianWorks solo puede suceder con el apoyo de nuestros donantes.<br \/>\nTenemos tres eventos de recaudaci\u00f3n de fondos anuales para recaudar dinero y crear conciencia sobre nuestra misi\u00f3n y necesidades.<br \/>\nEstos agradables eventos celebran el bien que se est\u00e1 haciendo con las personas especiales que contribuyen;<br \/>\njuntos nuestros esfuerzos nos permiten servir a las familias y ni\u00f1os que Dios nos env\u00eda.[\/vc_column_text][vc_row_inner el_class=\u00bbfund-btn-grp\u00bb][vc_column_inner][vc_btn title=\u00bbForth Worth\u00bb link=\u00bburl:%23forth-sec\u00bb el_class=\u00bbred-btn\u00bb][vc_btn title=\u00bbNorth TX\u00bb link=\u00bburl:%23north-sec\u00bb el_class=\u00bbred-btn\u00bb][vc_btn title=\u00bbDallas\u00bb link=\u00bburl:%23dallas-sec\u00bb el_class=\u00bbred-btn\u00bb][vc_btn title=\u00bbGiving Tuesday\u00bb link=\u00bburl:%23giving-tuesday\u00bb el_class=\u00bbred-btn\u00bb][\/vc_column_inner][\/vc_row_inner][\/vc_column][\/vc_row][\/vc_section][vc_section el_class=\u00bbfund-bottom-sec\u00bb][vc_row el_class=\u00bbfund-main-row\u00bb el_id=\u00bbforth-sec\u00bb][vc_column][vc_single_image image=\u00bb1707&#8243; img_size=\u00bbfull\u00bb][vc_row_inner el_class=\u00bbinner-fund\u00bb][vc_column_inner][vc_custom_heading text=\u00bbForth Worth\u00bb font_container=\u00bbtag:h3|text_align:left\u00bb use_theme_fonts=\u00bbyes\u00bb][vc_custom_heading text=\u00bbEvento Construyendo Familias Saludables\u00bb font_container=\u00bbtag:h4|text_align:left\u00bb use_theme_fonts=\u00bbyes\u00bb][vc_column_text el_class=\u00bbfund-date\u00bb]jueves, 5 de mayo de 2022 12:00 \u2013 13:00[\/vc_column_text][vc_column_text css=\u00bb.vc_custom_1649753347660{margin-bottom: 0px !important;}\u00bb]Emcedido por <em>KLTY-Radio personality, Bonnie Curry.<\/em><\/p>\n<p>Al ser una presencia relativamente nueva en Fort Worth, ChristianWorks organizar\u00e1 su tercer evento anual de recaudaci\u00f3n de fondos en Ashton Depot para compartir el emocionante crecimiento experimentado en Tarrant y los condados circundantes, as\u00ed como para recaudar fondos para continuar con ese trabajo. \u00a1El campus de Fort Worth abri\u00f3 en 2017 y est\u00e1 creciendo r\u00e1pidamente m\u00e1s all\u00e1 de las expectativas! \u00danase a nosotros mientras comenzamos las bases de nuestro apoyo para servir a los ni\u00f1os y las familias necesitadas.[\/vc_column_text][\/vc_column_inner][\/vc_row_inner][\/vc_column][\/vc_row][vc_row el_class=\u00bbfund-main-row\u00bb el_id=\u00bbnorth-sec\u00bb][vc_column][vc_single_image image=\u00bb1703&#8243; img_size=\u00bbfull\u00bb][vc_row_inner el_class=\u00bbinner-fund\u00bb][vc_column_inner][vc_custom_heading text=\u00bbNorth TX\u00bb font_container=\u00bbtag:h3|text_align:left\u00bb use_theme_fonts=\u00bbyes\u00bb][vc_custom_heading text=\u00bbD\u00eda de dar\u00bb font_container=\u00bbtag:h4|text_align:left\u00bb use_theme_fonts=\u00bbyes\u00bb][vc_column_text css=\u00bb.vc_custom_1649753391829{margin-bottom: 0px !important;}\u00bb]<span style=\"color: #8f398b;\">TBD<\/span><\/p>\n<p>Gracias a todos los que donaron a trav\u00e9s de la campa\u00f1a North Texas Giving Day. Este a\u00f1o nos fijamos una meta de $60,000. No solo cumplimos esa meta, sino que la superamos gracias a la generosidad de nuestros donantes. \u00a1Este a\u00f1o recaudamos $66,865! Estas contribuciones nos permiten marcar la diferencia en la vida de las familias a las que servimos, \u00a1gracias![\/vc_column_text][\/vc_column_inner][\/vc_row_inner][\/vc_column][\/vc_row][vc_row el_class=\u00bbfund-main-row\u00bb el_id=\u00bbdallas-sec\u00bb][vc_column][vc_single_image image=\u00bb1705&#8243; img_size=\u00bbfull\u00bb][vc_row_inner el_class=\u00bbinner-fund\u00bb][vc_column_inner][vc_custom_heading text=\u00bbDALLAS\u00bb font_container=\u00bbtag:h3|text_align:left\u00bb use_theme_fonts=\u00bbyes\u00bb][vc_custom_heading font_container=\u00bbtag:h4|text_align:left\u00bb use_theme_fonts=\u00bbyes\u00bb][vc_column_text css=\u00bb.vc_custom_1649753402745{margin-bottom: 0px !important;}\u00bb]<span style=\"color: #d7282f;\">TBD<\/span><\/p>\n<p>Durante 32 a\u00f1os, la subasta Celebrate the Children ha sido el evento insignia de la recaudaci\u00f3n de fondos de ChristianWorks for Children. Celebrada en el hermoso Dallas Ballroom, la velada est\u00e1 llena de una subasta silenciosa de m\u00e1s de 350 art\u00edculos, una cena fabulosa, una subasta en vivo de viajes y experiencias \u00fanicas, cuenta con un orador y termina con el regalo de un concierto en vivo.<\/p>\n<p>Es una maravillosa noche de s\u00e1bado para invitar a amigos y familiares, colegas y vecinos a los ministerios de ChristianWorks: \u00a1una combinaci\u00f3n de recaudaci\u00f3n de fondos, compa\u00f1erismo, reuniones de amigos y mucha diversi\u00f3n!<\/p>\n<p>Lo m\u00e1s importante es que esta noche especial permite que todos los que se re\u00fanen hagan juntos algo asombroso por los ni\u00f1os de Dallas que nadie podr\u00eda hacer solo.[\/vc_column_text][\/vc_column_inner][\/vc_row_inner][vc_row_inner gap=\u00bb25&#8243; el_class=\u00bbfund-vid\u00bb][vc_column_inner width=\u00bb1\/2&#8243;]<div id=\"ultimate-video-237069d38bb943037\" class=\"ult-video  ult-adjust-bottom-margin ultimate-video-237069d38bb943037 ultv-9024 \"><div class=\"ultv-video ultv-aspect-ratio-16_9 ultv-subscribe-responsive-none\" data-videotype=\"uv_iframe\">\n\t\t\t\t\t\t<div class=\"ultv-video__outer-wrap\" data-autoplay=\"0\" data-device=\"false\"  data-iconbg=\"#3A3A3A\" data-overcolor=\"\" data-defaultbg=\"#ff0000\" data-defaultplay=\"defaulticon\"><div class=\"ultv-video__play\" data-src=\"https:\/\/www.youtube.com\/embed\/HJRzUQMhJMQ?rel=0&#038;start&#038;end&#038;controls=1&#038;mute=0&#038;modestbranding=0&#038;autoplay=1\">\n\t\t\t\t\t\t\t\t<img decoding=\"async\" class=\"ultv-video__thumb\" src=\"https:\/\/christian-works.org\/wp-content\/uploads\/2022\/04\/Group-14194-min.jpg?wsr\"\/>\n\t\t\t\t\t\t\t\t<div class=\"ultv-video__play-icon  ultv-animation-none\" style=\"width:75px\"><svg height=\"100%\" version=\"1.1\" viewBox=\"0 0 68 48\" width=\"100%\"><path class=\"ultv-youtube-icon-bg\" d=\"m .66,37.62 c 0,0 .66,4.70 2.70,6.77 2.58,2.71 5.98,2.63 7.49,2.91 5.43,.52 23.10,.68 23.12,.68 .00,-1.3e-5 14.29,-0.02 23.81,-0.71 1.32,-0.15 4.22,-0.17 6.81,-2.89 2.03,-2.07 2.70,-6.77 2.70,-6.77 0,0 .67,-5.52 .67,-11.04 l 0,-5.17 c 0,-5.52 -0.67,-11.04 -0.67,-11.04 0,0 -0.66,-4.70 -2.70,-6.77 C 62.03,.86 59.13,.84 57.80,.69 48.28,0 34.00,0 34.00,0 33.97,0 19.69,0 10.18,.69 8.85,.84 5.95,.86 3.36,3.58 1.32,5.65 .66,10.35 .66,10.35 c 0,0 -0.55,4.50 -0.66,9.45 l 0,8.36 c .10,4.94 .66,9.45 .66,9.45 z\" fill=\"#1f1f1e\" ><\/path><path d=\"m 26.96,13.67 18.37,9.62 -18.37,9.55 -0.00,-19.17 z\" fill=\"#fff\"><\/path><path d=\"M 45.02,23.46 45.32,23.28 26.96,13.67 43.32,22.34 45.02,23.46 z\" fill=\"#ccc\"><\/path><\/svg><\/div> <\/div> <\/div><\/div><\/div>[vc_column_text]Vea el tr\u00e1iler de la 31.\u00aa Subasta Celebrate the Children del a\u00f1o pasado[\/vc_column_text][\/vc_column_inner][vc_column_inner width=\u00bb1\/2&#8243;]<div id=\"ultimate-video-501769d38bb94347d\" class=\"ult-video  ult-adjust-bottom-margin ultimate-video-501769d38bb94347d ultv-5319 \"><div class=\"ultv-video ultv-aspect-ratio-16_9 ultv-subscribe-responsive-none\" data-videotype=\"uv_iframe\">\n\t\t\t\t\t\t<div class=\"ultv-video__outer-wrap\" data-autoplay=\"0\" data-device=\"false\"  data-iconbg=\"#3A3A3A\" data-overcolor=\"\" data-defaultbg=\"#ff0000\" data-defaultplay=\"defaulticon\"><div class=\"ultv-video__play\" data-src=\"https:\/\/www.youtube.com\/embed\/HJRzUQMhJMQ?rel=0&#038;start&#038;end&#038;controls=1&#038;mute=0&#038;modestbranding=0&#038;autoplay=1\">\n\t\t\t\t\t\t\t\t<img decoding=\"async\" class=\"ultv-video__thumb\" src=\"https:\/\/christian-works.org\/wp-content\/uploads\/2022\/04\/Group-14195-min.jpg?wsr\"\/>\n\t\t\t\t\t\t\t\t<div class=\"ultv-video__play-icon  ultv-animation-none\" style=\"width:75px\"><svg height=\"100%\" version=\"1.1\" viewBox=\"0 0 68 48\" width=\"100%\"><path class=\"ultv-youtube-icon-bg\" d=\"m .66,37.62 c 0,0 .66,4.70 2.70,6.77 2.58,2.71 5.98,2.63 7.49,2.91 5.43,.52 23.10,.68 23.12,.68 .00,-1.3e-5 14.29,-0.02 23.81,-0.71 1.32,-0.15 4.22,-0.17 6.81,-2.89 2.03,-2.07 2.70,-6.77 2.70,-6.77 0,0 .67,-5.52 .67,-11.04 l 0,-5.17 c 0,-5.52 -0.67,-11.04 -0.67,-11.04 0,0 -0.66,-4.70 -2.70,-6.77 C 62.03,.86 59.13,.84 57.80,.69 48.28,0 34.00,0 34.00,0 33.97,0 19.69,0 10.18,.69 8.85,.84 5.95,.86 3.36,3.58 1.32,5.65 .66,10.35 .66,10.35 c 0,0 -0.55,4.50 -0.66,9.45 l 0,8.36 c .10,4.94 .66,9.45 .66,9.45 z\" fill=\"#1f1f1e\" ><\/path><path d=\"m 26.96,13.67 18.37,9.62 -18.37,9.55 -0.00,-19.17 z\" fill=\"#fff\"><\/path><path d=\"M 45.02,23.46 45.32,23.28 26.96,13.67 43.32,22.34 45.02,23.46 z\" fill=\"#ccc\"><\/path><\/svg><\/div> <\/div> <\/div><\/div><\/div>[vc_column_text]Pam Patterson, presidenta de la Junta Directiva, se sent\u00f3 con Bonnie Curry de KLTY para hablar sobre ChristianWorks y c\u00f3mo no quiere perderse la subasta de este a\u00f1o. \u00c9chale un vistazo.[\/vc_column_text][\/vc_column_inner][\/vc_row_inner][\/vc_column][\/vc_row][vc_row el_class=\u00bbfund-main-row\u00bb el_id=\u00bbgiving-tuesday\u00bb][vc_column][vc_single_image image=\u00bb8288&#8243; img_size=\u00bbfull\u00bb][vc_row_inner el_class=\u00bbinner-fund\u00bb][vc_column_inner][vc_custom_heading text=\u00bbGiving Tuesday\u00bb font_container=\u00bbtag:h3|text_align:left\u00bb use_theme_fonts=\u00bbyes\u00bb][vc_column_text css=\u00bb.vc_custom_1654793759892{margin-bottom: 0px !important;}\u00bb]<span style=\"color: #fec526;\">TBD<\/span><\/p>\n<p>\u00a1Giving Tuesday da inicio a una temporada de generosidad a trav\u00e9s de nuestra campa\u00f1a de donaciones de fin de a\u00f1o! Las necesidades de nuestra comunidad contin\u00faan creciendo, junto con nuestro deseo de tener un impacto de por vida en las familias que acuden a nosotros en busca de ayuda. \u00a1Muchas veces abrimos nuestro correo electr\u00f3nico o recibimos llamadas de las personas a las que servimos que son un recordatorio constante del incre\u00edble trabajo que ChristianWorks est\u00e1 haciendo en nuestra comunidad! Nuestra Campa\u00f1a de donaciones de fin de a\u00f1o proporcion\u00f3 formas pr\u00e1cticas en que los donantes pueden marcar la diferencia en las vidas de las familias a las que servimos.[\/vc_column_text][\/vc_column_inner][\/vc_row_inner][\/vc_column][\/vc_row][\/vc_section][vc_section el_class=\u00bbcta-support-section\u00bb][vc_row content_placement=\u00bbmiddle\u00bb css=\u00bb.vc_custom_1649789208766{background-image: url(https:\/\/christian-works.org\/wp-content\/uploads\/2022\/04\/Group-14138.png?id=1998) !important;background-position: 0 0 !important;background-repeat: no-repeat !important;}\u00bb][vc_column width=\u00bb3\/4&#8243;][vc_custom_heading text=\u00bbAy\u00fadanos a construir hogares y familias saludables.\u00bb use_theme_fonts=\u00bbyes\u00bb][vc_column_text]ChristianWorks for Children es una organizaci\u00f3n sin fines de lucro 501(c)(3) \u2014 EIN: 75-1246028.<br \/>\nCon su apoyo, podemos continuar con el ejemplo de servicio de Jesucristo. \u00a1As\u00f3ciese con nosotros hoy![\/vc_column_text][\/vc_column][vc_column width=\u00bb1\/4&#8243;][vc_btn title=\u00bbApoyanos\u00bb align=\u00bbcenter\u00bb link=\u00bburl:https%3A%2F%2Fchristian-works.org%2Fdonate-2%2F\u00bb el_class=\u00bbwhite-btn\u00bb][\/vc_column][\/vc_row][\/vc_section]<\/p>\n<\/div>","protected":false},"excerpt":{"rendered":"<p>[vc_section el_class=\u00bbfund-top-sec\u00bb][vc_row][vc_column][vc_column_text]El trabajo que cambia vidas que ofrece ChristianWorks solo puede suceder con el apoyo de nuestros donantes. Tenemos tres eventos de recaudaci\u00f3n de fondos anuales para recaudar dinero y crear conciencia sobre nuestra misi\u00f3n y necesidades. Estos agradables eventos celebran el bien que se est\u00e1 haciendo con las personas especiales que contribuyen; juntos nuestros [&hellip;]<\/p>\n","protected":false},"author":4,"featured_media":1702,"parent":0,"menu_order":0,"comment_status":"closed","ping_status":"closed","template":"fullwidth.php","meta":{"_acf_changed":false,"inline_featured_image":false,"footnotes":""},"class_list":["post-6829","page","type-page","status-publish","has-post-thumbnail","hentry"],"acf":[],"yoast_head":"<!-- This site is optimized with the Yoast SEO plugin v27.1.1 - https:\/\/yoast.com\/product\/yoast-seo-wordpress\/ -->\n<title>Our Fundraisers - ChristianWorks<\/title>\n<meta name=\"robots\" content=\"index, follow, max-snippet:-1, max-image-preview:large, max-video-preview:-1\" \/>\n<link rel=\"canonical\" href=\"https:\/\/christian-works.org\/es\/our-fundraisers\/\" \/>\n<meta property=\"og:locale\" content=\"es_ES\" \/>\n<meta property=\"og:type\" content=\"article\" \/>\n<meta property=\"og:title\" content=\"Our Fundraisers - ChristianWorks\" \/>\n<meta property=\"og:description\" content=\"[vc_section el_class=\u00bbfund-top-sec\u00bb][vc_row][vc_column][vc_column_text]El trabajo que cambia vidas que ofrece ChristianWorks solo puede suceder con el apoyo de nuestros donantes. Tenemos tres eventos de recaudaci\u00f3n de fondos anuales para recaudar dinero y crear conciencia sobre nuestra misi\u00f3n y necesidades. Estos agradables eventos celebran el bien que se est\u00e1 haciendo con las personas especiales que contribuyen; juntos nuestros [&hellip;]\" \/>\n<meta property=\"og:url\" content=\"https:\/\/christian-works.org\/es\/our-fundraisers\/\" \/>\n<meta property=\"og:site_name\" content=\"ChristianWorks\" \/>\n<meta property=\"article:modified_time\" content=\"2025-06-13T15:46:37+00:00\" \/>\n<meta property=\"og:image\" content=\"https:\/\/christian-works.org\/wp-content\/uploads\/2022\/04\/Group-14177-min.jpg\" \/>\n\t<meta property=\"og:image:width\" content=\"1920\" \/>\n\t<meta property=\"og:image:height\" content=\"400\" \/>\n\t<meta property=\"og:image:type\" content=\"image\/jpeg\" \/>\n<meta name=\"twitter:card\" content=\"summary_large_image\" \/>\n<meta name=\"twitter:label1\" content=\"Tiempo de lectura\" \/>\n\t<meta name=\"twitter:data1\" content=\"6 minutos\" \/>\n<script type=\"application\/ld+json\" class=\"yoast-schema-graph\">{\"@context\":\"https:\/\/schema.org\",\"@graph\":[{\"@type\":\"WebPage\",\"@id\":\"https:\/\/christian-works.org\/es\/our-fundraisers\/\",\"url\":\"https:\/\/christian-works.org\/es\/our-fundraisers\/\",\"name\":\"Our Fundraisers - ChristianWorks\",\"isPartOf\":{\"@id\":\"https:\/\/christian-works.org\/#website\"},\"primaryImageOfPage\":{\"@id\":\"https:\/\/christian-works.org\/es\/our-fundraisers\/#primaryimage\"},\"image\":{\"@id\":\"https:\/\/christian-works.org\/es\/our-fundraisers\/#primaryimage\"},\"thumbnailUrl\":\"https:\/\/christian-works.org\/wp-content\/uploads\/2022\/04\/Group-14177-min.jpg?wsr\",\"datePublished\":\"2022-04-10T22:05:11+00:00\",\"dateModified\":\"2025-06-13T15:46:37+00:00\",\"breadcrumb\":{\"@id\":\"https:\/\/christian-works.org\/es\/our-fundraisers\/#breadcrumb\"},\"inLanguage\":\"es\",\"potentialAction\":[{\"@type\":\"ReadAction\",\"target\":[\"https:\/\/christian-works.org\/es\/our-fundraisers\/\"]}]},{\"@type\":\"ImageObject\",\"inLanguage\":\"es\",\"@id\":\"https:\/\/christian-works.org\/es\/our-fundraisers\/#primaryimage\",\"url\":\"https:\/\/christian-works.org\/wp-content\/uploads\/2022\/04\/Group-14177-min.jpg?wsr\",\"contentUrl\":\"https:\/\/christian-works.org\/wp-content\/uploads\/2022\/04\/Group-14177-min.jpg?wsr\",\"width\":1920,\"height\":400},{\"@type\":\"BreadcrumbList\",\"@id\":\"https:\/\/christian-works.org\/es\/our-fundraisers\/#breadcrumb\",\"itemListElement\":[{\"@type\":\"ListItem\",\"position\":1,\"name\":\"Home\",\"item\":\"https:\/\/christian-works.org\/es\/\"},{\"@type\":\"ListItem\",\"position\":2,\"name\":\"Nuestros recaudadores de fondos\"}]},{\"@type\":\"WebSite\",\"@id\":\"https:\/\/christian-works.org\/#website\",\"url\":\"https:\/\/christian-works.org\/\",\"name\":\"ChristianWorks\",\"description\":\"\",\"potentialAction\":[{\"@type\":\"SearchAction\",\"target\":{\"@type\":\"EntryPoint\",\"urlTemplate\":\"https:\/\/christian-works.org\/?s={search_term_string}\"},\"query-input\":{\"@type\":\"PropertyValueSpecification\",\"valueRequired\":true,\"valueName\":\"search_term_string\"}}],\"inLanguage\":\"es\"}]}<\/script>\n<!-- \/ Yoast SEO plugin. -->","yoast_head_json":{"title":"Our Fundraisers - ChristianWorks","robots":{"index":"index","follow":"follow","max-snippet":"max-snippet:-1","max-image-preview":"max-image-preview:large","max-video-preview":"max-video-preview:-1"},"canonical":"https:\/\/christian-works.org\/es\/our-fundraisers\/","og_locale":"es_ES","og_type":"article","og_title":"Our Fundraisers - ChristianWorks","og_description":"[vc_section el_class=\u00bbfund-top-sec\u00bb][vc_row][vc_column][vc_column_text]El trabajo que cambia vidas que ofrece ChristianWorks solo puede suceder con el apoyo de nuestros donantes. Tenemos tres eventos de recaudaci\u00f3n de fondos anuales para recaudar dinero y crear conciencia sobre nuestra misi\u00f3n y necesidades. Estos agradables eventos celebran el bien que se est\u00e1 haciendo con las personas especiales que contribuyen; juntos nuestros [&hellip;]","og_url":"https:\/\/christian-works.org\/es\/our-fundraisers\/","og_site_name":"ChristianWorks","article_modified_time":"2025-06-13T15:46:37+00:00","og_image":[{"width":1920,"height":400,"url":"https:\/\/christian-works.org\/wp-content\/uploads\/2022\/04\/Group-14177-min.jpg","type":"image\/jpeg"}],"twitter_card":"summary_large_image","twitter_misc":{"Tiempo de lectura":"6 minutos"},"schema":{"@context":"https:\/\/schema.org","@graph":[{"@type":"WebPage","@id":"https:\/\/christian-works.org\/es\/our-fundraisers\/","url":"https:\/\/christian-works.org\/es\/our-fundraisers\/","name":"Our Fundraisers - ChristianWorks","isPartOf":{"@id":"https:\/\/christian-works.org\/#website"},"primaryImageOfPage":{"@id":"https:\/\/christian-works.org\/es\/our-fundraisers\/#primaryimage"},"image":{"@id":"https:\/\/christian-works.org\/es\/our-fundraisers\/#primaryimage"},"thumbnailUrl":"https:\/\/christian-works.org\/wp-content\/uploads\/2022\/04\/Group-14177-min.jpg?wsr","datePublished":"2022-04-10T22:05:11+00:00","dateModified":"2025-06-13T15:46:37+00:00","breadcrumb":{"@id":"https:\/\/christian-works.org\/es\/our-fundraisers\/#breadcrumb"},"inLanguage":"es","potentialAction":[{"@type":"ReadAction","target":["https:\/\/christian-works.org\/es\/our-fundraisers\/"]}]},{"@type":"ImageObject","inLanguage":"es","@id":"https:\/\/christian-works.org\/es\/our-fundraisers\/#primaryimage","url":"https:\/\/christian-works.org\/wp-content\/uploads\/2022\/04\/Group-14177-min.jpg?wsr","contentUrl":"https:\/\/christian-works.org\/wp-content\/uploads\/2022\/04\/Group-14177-min.jpg?wsr","width":1920,"height":400},{"@type":"BreadcrumbList","@id":"https:\/\/christian-works.org\/es\/our-fundraisers\/#breadcrumb","itemListElement":[{"@type":"ListItem","position":1,"name":"Home","item":"https:\/\/christian-works.org\/es\/"},{"@type":"ListItem","position":2,"name":"Nuestros recaudadores de fondos"}]},{"@type":"WebSite","@id":"https:\/\/christian-works.org\/#website","url":"https:\/\/christian-works.org\/","name":"ChristianWorks","description":"","potentialAction":[{"@type":"SearchAction","target":{"@type":"EntryPoint","urlTemplate":"https:\/\/christian-works.org\/?s={search_term_string}"},"query-input":{"@type":"PropertyValueSpecification","valueRequired":true,"valueName":"search_term_string"}}],"inLanguage":"es"}]}},"_links":{"self":[{"href":"https:\/\/christian-works.org\/es\/wp-json\/wp\/v2\/pages\/6829","targetHints":{"allow":["GET"]}}],"collection":[{"href":"https:\/\/christian-works.org\/es\/wp-json\/wp\/v2\/pages"}],"about":[{"href":"https:\/\/christian-works.org\/es\/wp-json\/wp\/v2\/types\/page"}],"author":[{"embeddable":true,"href":"https:\/\/christian-works.org\/es\/wp-json\/wp\/v2\/users\/4"}],"replies":[{"embeddable":true,"href":"https:\/\/christian-works.org\/es\/wp-json\/wp\/v2\/comments?post=6829"}],"version-history":[{"count":5,"href":"https:\/\/christian-works.org\/es\/wp-json\/wp\/v2\/pages\/6829\/revisions"}],"predecessor-version":[{"id":10233,"href":"https:\/\/christian-works.org\/es\/wp-json\/wp\/v2\/pages\/6829\/revisions\/10233"}],"wp:featuredmedia":[{"embeddable":true,"href":"https:\/\/christian-works.org\/es\/wp-json\/wp\/v2\/media\/1702"}],"wp:attachment":[{"href":"https:\/\/christian-works.org\/es\/wp-json\/wp\/v2\/media?parent=6829"}],"curies":[{"name":"wp","href":"https:\/\/api.w.org\/{rel}","templated":true}]}}