{"id":7309,"date":"2022-05-16T14:16:31","date_gmt":"2022-05-16T14:16:31","guid":{"rendered":"https:\/\/christian-works.org\/careworks\/careworks-camboya\/"},"modified":"2025-06-13T15:50:56","modified_gmt":"2025-06-13T15:50:56","slug":"careworks-camboya","status":"publish","type":"page","link":"https:\/\/christian-works.org\/es\/careworks\/careworks-camboya\/","title":{"rendered":"CareWorks \u2013 Camboya"},"content":{"rendered":"<div class=\"wpb-content-wrapper\"><p>[vc_section full_width=\u00bbstretch_row\u00bb el_class=\u00bbwhat-adoption-section\u00bb][vc_row][vc_column][vc_custom_heading text=\u00bbCareWorks \u2013 Cambodia\u00bb font_container=\u00bbtag:h3|text_align:left\u00bb use_theme_fonts=\u00bbyes\u00bb][vc_column_text]ChristianWorks for Children se asocia con la Iglesia de Cristo de Walnut Hill para brindar apoyo a los Ministerios Cristianos de Camboya. A partir de 2016, hemos brindado asistencia m\u00e9dica, alimentos y camas a m\u00e1s de 70 ni\u00f1os hu\u00e9rfanos y abandonados en la isla de Kampong Leng en Camboya.<\/p>\n<p>Bajo la direcci\u00f3n de Sokhom Hun, los Ministerios Cristianos de Camboya han impactado la vida de muchas personas en Camboya, as\u00ed como la de los ni\u00f1os que viven en esta isla. Si bien no estamos trabajando directamente con los ni\u00f1os de Camboya, nuestra esperanza es que el apoyo que brindamos exponga a las personas a la fe cristiana y al Evangelio de Jesucristo.<\/p>\n<p>Si desea ayudar a ChristianWorks a apoyar a los Ministerios Cristianos de Camboya, puede ayudarnos a apoyarnos haciendo un <a style=\"color: #3f81cf;\" href=\"https:\/\/christian-works.org\/es\/donate-2\/\">donaci\u00f3n o contact\u00e1ndonos.<\/a>[\/vc_column_text][\/vc_column][\/vc_row][\/vc_section][vc_section el_class=\u00bbcta-support-section cta-adoption-section\u00bb][vc_row content_placement=\u00bbmiddle\u00bb css=\u00bb.vc_custom_1649767606146{background-image: url(https:\/\/christian-works.org\/wp-content\/uploads\/2022\/04\/Group-14138.png?id=1998) !important;background-position: 0 0 !important;background-repeat: no-repeat !important;}\u00bb][vc_column width=\u00bb3\/4&#8243;][vc_custom_heading text=\u00bbAy\u00fadanos a construir hogares y familias saludables.\u00bb use_theme_fonts=\u00bbyes\u00bb][vc_column_text]ChristianWorks for Children es una organizaci\u00f3n sin fines de lucro 501(c)(3) \u2014 EIN: 75-1246028.<br \/>\nCon su apoyo, podemos continuar con el ejemplo de servicio de Jesucristo. \u00a1As\u00f3ciese con nosotros hoy![\/vc_column_text][\/vc_column][vc_column width=\u00bb1\/4&#8243;][vc_btn title=\u00bbApoyanos\u00bb align=\u00bbcenter\u00bb link=\u00bburl:https%3A%2F%2Fchristian-works.org%2Fes%2Fdonate-2%2F\u00bb el_class=\u00bbwhite-btn\u00bb][\/vc_column][\/vc_row][\/vc_section]<\/p>\n<\/div>","protected":false},"excerpt":{"rendered":"<p>[vc_section full_width=\u00bbstretch_row\u00bb el_class=\u00bbwhat-adoption-section\u00bb][vc_row][vc_column][vc_custom_heading text=\u00bbCareWorks \u2013 Cambodia\u00bb font_container=\u00bbtag:h3|text_align:left\u00bb use_theme_fonts=\u00bbyes\u00bb][vc_column_text]ChristianWorks for Children se asocia con la Iglesia de Cristo de Walnut Hill para brindar apoyo a los Ministerios Cristianos de Camboya. A partir de 2016, hemos brindado asistencia m\u00e9dica, alimentos y camas a m\u00e1s de 70 ni\u00f1os hu\u00e9rfanos y abandonados en la isla de Kampong Leng en [&hellip;]<\/p>\n","protected":false},"author":13,"featured_media":7232,"parent":6811,"menu_order":0,"comment_status":"closed","ping_status":"closed","template":"fullwidth.php","meta":{"_acf_changed":false,"inline_featured_image":false,"footnotes":""},"class_list":["post-7309","page","type-page","status-publish","has-post-thumbnail","hentry"],"acf":[],"yoast_head":"<!-- This site is optimized with the Yoast SEO plugin v27.1.1 - https:\/\/yoast.com\/product\/yoast-seo-wordpress\/ -->\n<title>CareWorks \u2013 Camboya - ChristianWorks<\/title>\n<meta name=\"robots\" content=\"index, follow, max-snippet:-1, max-image-preview:large, max-video-preview:-1\" \/>\n<link rel=\"canonical\" href=\"https:\/\/christian-works.org\/es\/careworks\/careworks-camboya\/\" \/>\n<meta property=\"og:locale\" content=\"es_ES\" \/>\n<meta property=\"og:type\" content=\"article\" \/>\n<meta property=\"og:title\" content=\"CareWorks \u2013 Camboya - ChristianWorks\" \/>\n<meta property=\"og:description\" content=\"[vc_section full_width=\u00bbstretch_row\u00bb el_class=\u00bbwhat-adoption-section\u00bb][vc_row][vc_column][vc_custom_heading text=\u00bbCareWorks \u2013 Cambodia\u00bb font_container=\u00bbtag:h3|text_align:left\u00bb use_theme_fonts=\u00bbyes\u00bb][vc_column_text]ChristianWorks for Children se asocia con la Iglesia de Cristo de Walnut Hill para brindar apoyo a los Ministerios Cristianos de Camboya. A partir de 2016, hemos brindado asistencia m\u00e9dica, alimentos y camas a m\u00e1s de 70 ni\u00f1os hu\u00e9rfanos y abandonados en la isla de Kampong Leng en [&hellip;]\" \/>\n<meta property=\"og:url\" content=\"https:\/\/christian-works.org\/es\/careworks\/careworks-camboya\/\" \/>\n<meta property=\"og:site_name\" content=\"ChristianWorks\" \/>\n<meta property=\"article:modified_time\" content=\"2025-06-13T15:50:56+00:00\" \/>\n<meta property=\"og:image\" content=\"https:\/\/christian-works.org\/wp-content\/uploads\/2022\/05\/2.png\" \/>\n\t<meta property=\"og:image:width\" content=\"1920\" \/>\n\t<meta property=\"og:image:height\" content=\"400\" \/>\n\t<meta property=\"og:image:type\" content=\"image\/png\" \/>\n<meta name=\"twitter:card\" content=\"summary_large_image\" \/>\n<meta name=\"twitter:label1\" content=\"Tiempo de lectura\" \/>\n\t<meta name=\"twitter:data1\" content=\"1 minuto\" \/>\n<script type=\"application\/ld+json\" class=\"yoast-schema-graph\">{\"@context\":\"https:\/\/schema.org\",\"@graph\":[{\"@type\":\"WebPage\",\"@id\":\"https:\/\/christian-works.org\/es\/careworks\/careworks-camboya\/\",\"url\":\"https:\/\/christian-works.org\/es\/careworks\/careworks-camboya\/\",\"name\":\"CareWorks \u2013 Camboya - ChristianWorks\",\"isPartOf\":{\"@id\":\"https:\/\/christian-works.org\/#website\"},\"primaryImageOfPage\":{\"@id\":\"https:\/\/christian-works.org\/es\/careworks\/careworks-camboya\/#primaryimage\"},\"image\":{\"@id\":\"https:\/\/christian-works.org\/es\/careworks\/careworks-camboya\/#primaryimage\"},\"thumbnailUrl\":\"https:\/\/christian-works.org\/wp-content\/uploads\/2022\/05\/2.png?wsr\",\"datePublished\":\"2022-05-16T14:16:31+00:00\",\"dateModified\":\"2025-06-13T15:50:56+00:00\",\"breadcrumb\":{\"@id\":\"https:\/\/christian-works.org\/es\/careworks\/careworks-camboya\/#breadcrumb\"},\"inLanguage\":\"es\",\"potentialAction\":[{\"@type\":\"ReadAction\",\"target\":[\"https:\/\/christian-works.org\/es\/careworks\/careworks-camboya\/\"]}]},{\"@type\":\"ImageObject\",\"inLanguage\":\"es\",\"@id\":\"https:\/\/christian-works.org\/es\/careworks\/careworks-camboya\/#primaryimage\",\"url\":\"https:\/\/christian-works.org\/wp-content\/uploads\/2022\/05\/2.png?wsr\",\"contentUrl\":\"https:\/\/christian-works.org\/wp-content\/uploads\/2022\/05\/2.png?wsr\",\"width\":1920,\"height\":400},{\"@type\":\"BreadcrumbList\",\"@id\":\"https:\/\/christian-works.org\/es\/careworks\/careworks-camboya\/#breadcrumb\",\"itemListElement\":[{\"@type\":\"ListItem\",\"position\":1,\"name\":\"Home\",\"item\":\"https:\/\/christian-works.org\/es\/\"},{\"@type\":\"ListItem\",\"position\":2,\"name\":\"CareWorks\",\"item\":\"https:\/\/christian-works.org\/es\/careworks\/\"},{\"@type\":\"ListItem\",\"position\":3,\"name\":\"CareWorks \u2013 Camboya\"}]},{\"@type\":\"WebSite\",\"@id\":\"https:\/\/christian-works.org\/#website\",\"url\":\"https:\/\/christian-works.org\/\",\"name\":\"ChristianWorks\",\"description\":\"\",\"potentialAction\":[{\"@type\":\"SearchAction\",\"target\":{\"@type\":\"EntryPoint\",\"urlTemplate\":\"https:\/\/christian-works.org\/?s={search_term_string}\"},\"query-input\":{\"@type\":\"PropertyValueSpecification\",\"valueRequired\":true,\"valueName\":\"search_term_string\"}}],\"inLanguage\":\"es\"}]}<\/script>\n<!-- \/ Yoast SEO plugin. -->","yoast_head_json":{"title":"CareWorks \u2013 Camboya - ChristianWorks","robots":{"index":"index","follow":"follow","max-snippet":"max-snippet:-1","max-image-preview":"max-image-preview:large","max-video-preview":"max-video-preview:-1"},"canonical":"https:\/\/christian-works.org\/es\/careworks\/careworks-camboya\/","og_locale":"es_ES","og_type":"article","og_title":"CareWorks \u2013 Camboya - ChristianWorks","og_description":"[vc_section full_width=\u00bbstretch_row\u00bb el_class=\u00bbwhat-adoption-section\u00bb][vc_row][vc_column][vc_custom_heading text=\u00bbCareWorks \u2013 Cambodia\u00bb font_container=\u00bbtag:h3|text_align:left\u00bb use_theme_fonts=\u00bbyes\u00bb][vc_column_text]ChristianWorks for Children se asocia con la Iglesia de Cristo de Walnut Hill para brindar apoyo a los Ministerios Cristianos de Camboya. A partir de 2016, hemos brindado asistencia m\u00e9dica, alimentos y camas a m\u00e1s de 70 ni\u00f1os hu\u00e9rfanos y abandonados en la isla de Kampong Leng en [&hellip;]","og_url":"https:\/\/christian-works.org\/es\/careworks\/careworks-camboya\/","og_site_name":"ChristianWorks","article_modified_time":"2025-06-13T15:50:56+00:00","og_image":[{"width":1920,"height":400,"url":"https:\/\/christian-works.org\/wp-content\/uploads\/2022\/05\/2.png","type":"image\/png"}],"twitter_card":"summary_large_image","twitter_misc":{"Tiempo de lectura":"1 minuto"},"schema":{"@context":"https:\/\/schema.org","@graph":[{"@type":"WebPage","@id":"https:\/\/christian-works.org\/es\/careworks\/careworks-camboya\/","url":"https:\/\/christian-works.org\/es\/careworks\/careworks-camboya\/","name":"CareWorks \u2013 Camboya - ChristianWorks","isPartOf":{"@id":"https:\/\/christian-works.org\/#website"},"primaryImageOfPage":{"@id":"https:\/\/christian-works.org\/es\/careworks\/careworks-camboya\/#primaryimage"},"image":{"@id":"https:\/\/christian-works.org\/es\/careworks\/careworks-camboya\/#primaryimage"},"thumbnailUrl":"https:\/\/christian-works.org\/wp-content\/uploads\/2022\/05\/2.png?wsr","datePublished":"2022-05-16T14:16:31+00:00","dateModified":"2025-06-13T15:50:56+00:00","breadcrumb":{"@id":"https:\/\/christian-works.org\/es\/careworks\/careworks-camboya\/#breadcrumb"},"inLanguage":"es","potentialAction":[{"@type":"ReadAction","target":["https:\/\/christian-works.org\/es\/careworks\/careworks-camboya\/"]}]},{"@type":"ImageObject","inLanguage":"es","@id":"https:\/\/christian-works.org\/es\/careworks\/careworks-camboya\/#primaryimage","url":"https:\/\/christian-works.org\/wp-content\/uploads\/2022\/05\/2.png?wsr","contentUrl":"https:\/\/christian-works.org\/wp-content\/uploads\/2022\/05\/2.png?wsr","width":1920,"height":400},{"@type":"BreadcrumbList","@id":"https:\/\/christian-works.org\/es\/careworks\/careworks-camboya\/#breadcrumb","itemListElement":[{"@type":"ListItem","position":1,"name":"Home","item":"https:\/\/christian-works.org\/es\/"},{"@type":"ListItem","position":2,"name":"CareWorks","item":"https:\/\/christian-works.org\/es\/careworks\/"},{"@type":"ListItem","position":3,"name":"CareWorks \u2013 Camboya"}]},{"@type":"WebSite","@id":"https:\/\/christian-works.org\/#website","url":"https:\/\/christian-works.org\/","name":"ChristianWorks","description":"","potentialAction":[{"@type":"SearchAction","target":{"@type":"EntryPoint","urlTemplate":"https:\/\/christian-works.org\/?s={search_term_string}"},"query-input":{"@type":"PropertyValueSpecification","valueRequired":true,"valueName":"search_term_string"}}],"inLanguage":"es"}]}},"_links":{"self":[{"href":"https:\/\/christian-works.org\/es\/wp-json\/wp\/v2\/pages\/7309","targetHints":{"allow":["GET"]}}],"collection":[{"href":"https:\/\/christian-works.org\/es\/wp-json\/wp\/v2\/pages"}],"about":[{"href":"https:\/\/christian-works.org\/es\/wp-json\/wp\/v2\/types\/page"}],"author":[{"embeddable":true,"href":"https:\/\/christian-works.org\/es\/wp-json\/wp\/v2\/users\/13"}],"replies":[{"embeddable":true,"href":"https:\/\/christian-works.org\/es\/wp-json\/wp\/v2\/comments?post=7309"}],"version-history":[{"count":5,"href":"https:\/\/christian-works.org\/es\/wp-json\/wp\/v2\/pages\/7309\/revisions"}],"predecessor-version":[{"id":10249,"href":"https:\/\/christian-works.org\/es\/wp-json\/wp\/v2\/pages\/7309\/revisions\/10249"}],"up":[{"embeddable":true,"href":"https:\/\/christian-works.org\/es\/wp-json\/wp\/v2\/pages\/6811"}],"wp:featuredmedia":[{"embeddable":true,"href":"https:\/\/christian-works.org\/es\/wp-json\/wp\/v2\/media\/7232"}],"wp:attachment":[{"href":"https:\/\/christian-works.org\/es\/wp-json\/wp\/v2\/media?parent=7309"}],"curies":[{"name":"wp","href":"https:\/\/api.w.org\/{rel}","templated":true}]}}