{"id":7311,"date":"2022-05-16T14:23:53","date_gmt":"2022-05-16T14:23:53","guid":{"rendered":"https:\/\/christian-works.org\/careworks\/careworks-el-salvador\/"},"modified":"2025-06-13T15:50:48","modified_gmt":"2025-06-13T15:50:48","slug":"careworks-el-salvador","status":"publish","type":"page","link":"https:\/\/christian-works.org\/es\/careworks\/careworks-el-salvador\/","title":{"rendered":"CareWorks \u2013 El Salvador"},"content":{"rendered":"<div class=\"wpb-content-wrapper\"><p>[vc_section full_width=\u00bbstretch_row\u00bb el_class=\u00bbwhat-adoption-section\u00bb][vc_row][vc_column][vc_custom_heading text=\u00bbCareWorks \u2013 El Salvador\u00bb font_container=\u00bbtag:h3|text_align:left\u00bb use_theme_fonts=\u00bbyes\u00bb][vc_column_text]En 2016, ChristianWorks for Children comenz\u00f3 a asociarse con Project Red en El Salvador.<br \/>\nProject Red es una organizaci\u00f3n sin fines de lucro que brinda asistencia a familias que han acogido a hu\u00e9rfanos. Su proceso de 3 pasos de reintegraci\u00f3n, educaci\u00f3n y desarrollo ayuda a las familias a adaptarse a una nueva normalidad y a establecer la autosuficiencia.<\/p>\n<p>En 2016, nuestro equipo ministerial de CareWorks brind\u00f3 a Project Red dos d\u00edas de capacitaci\u00f3n del personal sobre c\u00f3mo trabajar con ni\u00f1os en situaciones de trauma. Si desea ayudar a ChristianWorks a apoyar el Proyecto Rojo en El Salvador, puede asociarse con nosotros siendo un colaborador.[\/vc_column_text][\/vc_column][\/vc_row][\/vc_section][vc_section el_class=\u00bbcta-support-section cta-adoption-section\u00bb][vc_row content_placement=\u00bbmiddle\u00bb css=\u00bb.vc_custom_1649767606146{background-image: url(https:\/\/christian-works.org\/wp-content\/uploads\/2022\/04\/Group-14138.png?id=1998) !important;background-position: 0 0 !important;background-repeat: no-repeat !important;}\u00bb][vc_column width=\u00bb3\/4&#8243;][vc_custom_heading text=\u00bbAy\u00fadanos a construir hogares y familias saludables.\u00bb use_theme_fonts=\u00bbyes\u00bb][vc_column_text]ChristianWorks for Children es una organizaci\u00f3n sin fines de lucro 501(c)(3) \u2014 EIN: 75-1246028.<br \/>\nCon su apoyo, podemos continuar con el ejemplo de servicio de Jesucristo. \u00a1As\u00f3ciese con nosotros hoy![\/vc_column_text][\/vc_column][vc_column width=\u00bb1\/4&#8243;][vc_btn title=\u00bbApoyanos\u00bb align=\u00bbcenter\u00bb link=\u00bburl:https%3A%2F%2Fchristian-works.org%2Fes%2Fdonate-2%2F\u00bb el_class=\u00bbwhite-btn\u00bb][\/vc_column][\/vc_row][\/vc_section]<\/p>\n<\/div>","protected":false},"excerpt":{"rendered":"<p>[vc_section full_width=\u00bbstretch_row\u00bb el_class=\u00bbwhat-adoption-section\u00bb][vc_row][vc_column][vc_custom_heading text=\u00bbCareWorks \u2013 El Salvador\u00bb font_container=\u00bbtag:h3|text_align:left\u00bb use_theme_fonts=\u00bbyes\u00bb][vc_column_text]En 2016, ChristianWorks for Children comenz\u00f3 a asociarse con Project Red en El Salvador. Project Red es una organizaci\u00f3n sin fines de lucro que brinda asistencia a familias que han acogido a hu\u00e9rfanos. Su proceso de 3 pasos de reintegraci\u00f3n, educaci\u00f3n y desarrollo ayuda a las familias [&hellip;]<\/p>\n","protected":false},"author":13,"featured_media":7236,"parent":6811,"menu_order":0,"comment_status":"closed","ping_status":"closed","template":"fullwidth.php","meta":{"_acf_changed":false,"inline_featured_image":false,"footnotes":""},"class_list":["post-7311","page","type-page","status-publish","has-post-thumbnail","hentry"],"acf":[],"yoast_head":"<!-- This site is optimized with the Yoast SEO plugin v27.1.1 - https:\/\/yoast.com\/product\/yoast-seo-wordpress\/ -->\n<title>CareWorks \u2013 El Salvador - ChristianWorks<\/title>\n<meta name=\"robots\" content=\"index, follow, max-snippet:-1, max-image-preview:large, max-video-preview:-1\" \/>\n<link rel=\"canonical\" href=\"https:\/\/christian-works.org\/es\/careworks\/careworks-el-salvador\/\" \/>\n<meta property=\"og:locale\" content=\"es_ES\" \/>\n<meta property=\"og:type\" content=\"article\" \/>\n<meta property=\"og:title\" content=\"CareWorks \u2013 El Salvador - ChristianWorks\" \/>\n<meta property=\"og:description\" content=\"[vc_section full_width=\u00bbstretch_row\u00bb el_class=\u00bbwhat-adoption-section\u00bb][vc_row][vc_column][vc_custom_heading text=\u00bbCareWorks \u2013 El Salvador\u00bb font_container=\u00bbtag:h3|text_align:left\u00bb use_theme_fonts=\u00bbyes\u00bb][vc_column_text]En 2016, ChristianWorks for Children comenz\u00f3 a asociarse con Project Red en El Salvador. Project Red es una organizaci\u00f3n sin fines de lucro que brinda asistencia a familias que han acogido a hu\u00e9rfanos. Su proceso de 3 pasos de reintegraci\u00f3n, educaci\u00f3n y desarrollo ayuda a las familias [&hellip;]\" \/>\n<meta property=\"og:url\" content=\"https:\/\/christian-works.org\/es\/careworks\/careworks-el-salvador\/\" \/>\n<meta property=\"og:site_name\" content=\"ChristianWorks\" \/>\n<meta property=\"article:modified_time\" content=\"2025-06-13T15:50:48+00:00\" \/>\n<meta property=\"og:image\" content=\"https:\/\/christian-works.org\/wp-content\/uploads\/2022\/05\/1.png\" \/>\n\t<meta property=\"og:image:width\" content=\"1920\" \/>\n\t<meta property=\"og:image:height\" content=\"400\" \/>\n\t<meta property=\"og:image:type\" content=\"image\/png\" \/>\n<meta name=\"twitter:card\" content=\"summary_large_image\" \/>\n<meta name=\"twitter:label1\" content=\"Tiempo de lectura\" \/>\n\t<meta name=\"twitter:data1\" content=\"1 minuto\" \/>\n<script type=\"application\/ld+json\" class=\"yoast-schema-graph\">{\"@context\":\"https:\/\/schema.org\",\"@graph\":[{\"@type\":\"WebPage\",\"@id\":\"https:\/\/christian-works.org\/es\/careworks\/careworks-el-salvador\/\",\"url\":\"https:\/\/christian-works.org\/es\/careworks\/careworks-el-salvador\/\",\"name\":\"CareWorks \u2013 El Salvador - ChristianWorks\",\"isPartOf\":{\"@id\":\"https:\/\/christian-works.org\/#website\"},\"primaryImageOfPage\":{\"@id\":\"https:\/\/christian-works.org\/es\/careworks\/careworks-el-salvador\/#primaryimage\"},\"image\":{\"@id\":\"https:\/\/christian-works.org\/es\/careworks\/careworks-el-salvador\/#primaryimage\"},\"thumbnailUrl\":\"https:\/\/christian-works.org\/wp-content\/uploads\/2022\/05\/1.png?wsr\",\"datePublished\":\"2022-05-16T14:23:53+00:00\",\"dateModified\":\"2025-06-13T15:50:48+00:00\",\"breadcrumb\":{\"@id\":\"https:\/\/christian-works.org\/es\/careworks\/careworks-el-salvador\/#breadcrumb\"},\"inLanguage\":\"es\",\"potentialAction\":[{\"@type\":\"ReadAction\",\"target\":[\"https:\/\/christian-works.org\/es\/careworks\/careworks-el-salvador\/\"]}]},{\"@type\":\"ImageObject\",\"inLanguage\":\"es\",\"@id\":\"https:\/\/christian-works.org\/es\/careworks\/careworks-el-salvador\/#primaryimage\",\"url\":\"https:\/\/christian-works.org\/wp-content\/uploads\/2022\/05\/1.png?wsr\",\"contentUrl\":\"https:\/\/christian-works.org\/wp-content\/uploads\/2022\/05\/1.png?wsr\",\"width\":1920,\"height\":400},{\"@type\":\"BreadcrumbList\",\"@id\":\"https:\/\/christian-works.org\/es\/careworks\/careworks-el-salvador\/#breadcrumb\",\"itemListElement\":[{\"@type\":\"ListItem\",\"position\":1,\"name\":\"Home\",\"item\":\"https:\/\/christian-works.org\/es\/\"},{\"@type\":\"ListItem\",\"position\":2,\"name\":\"CareWorks\",\"item\":\"https:\/\/christian-works.org\/es\/careworks\/\"},{\"@type\":\"ListItem\",\"position\":3,\"name\":\"CareWorks \u2013 El Salvador\"}]},{\"@type\":\"WebSite\",\"@id\":\"https:\/\/christian-works.org\/#website\",\"url\":\"https:\/\/christian-works.org\/\",\"name\":\"ChristianWorks\",\"description\":\"\",\"potentialAction\":[{\"@type\":\"SearchAction\",\"target\":{\"@type\":\"EntryPoint\",\"urlTemplate\":\"https:\/\/christian-works.org\/?s={search_term_string}\"},\"query-input\":{\"@type\":\"PropertyValueSpecification\",\"valueRequired\":true,\"valueName\":\"search_term_string\"}}],\"inLanguage\":\"es\"}]}<\/script>\n<!-- \/ Yoast SEO plugin. -->","yoast_head_json":{"title":"CareWorks \u2013 El Salvador - ChristianWorks","robots":{"index":"index","follow":"follow","max-snippet":"max-snippet:-1","max-image-preview":"max-image-preview:large","max-video-preview":"max-video-preview:-1"},"canonical":"https:\/\/christian-works.org\/es\/careworks\/careworks-el-salvador\/","og_locale":"es_ES","og_type":"article","og_title":"CareWorks \u2013 El Salvador - ChristianWorks","og_description":"[vc_section full_width=\u00bbstretch_row\u00bb el_class=\u00bbwhat-adoption-section\u00bb][vc_row][vc_column][vc_custom_heading text=\u00bbCareWorks \u2013 El Salvador\u00bb font_container=\u00bbtag:h3|text_align:left\u00bb use_theme_fonts=\u00bbyes\u00bb][vc_column_text]En 2016, ChristianWorks for Children comenz\u00f3 a asociarse con Project Red en El Salvador. Project Red es una organizaci\u00f3n sin fines de lucro que brinda asistencia a familias que han acogido a hu\u00e9rfanos. Su proceso de 3 pasos de reintegraci\u00f3n, educaci\u00f3n y desarrollo ayuda a las familias [&hellip;]","og_url":"https:\/\/christian-works.org\/es\/careworks\/careworks-el-salvador\/","og_site_name":"ChristianWorks","article_modified_time":"2025-06-13T15:50:48+00:00","og_image":[{"width":1920,"height":400,"url":"https:\/\/christian-works.org\/wp-content\/uploads\/2022\/05\/1.png","type":"image\/png"}],"twitter_card":"summary_large_image","twitter_misc":{"Tiempo de lectura":"1 minuto"},"schema":{"@context":"https:\/\/schema.org","@graph":[{"@type":"WebPage","@id":"https:\/\/christian-works.org\/es\/careworks\/careworks-el-salvador\/","url":"https:\/\/christian-works.org\/es\/careworks\/careworks-el-salvador\/","name":"CareWorks \u2013 El Salvador - ChristianWorks","isPartOf":{"@id":"https:\/\/christian-works.org\/#website"},"primaryImageOfPage":{"@id":"https:\/\/christian-works.org\/es\/careworks\/careworks-el-salvador\/#primaryimage"},"image":{"@id":"https:\/\/christian-works.org\/es\/careworks\/careworks-el-salvador\/#primaryimage"},"thumbnailUrl":"https:\/\/christian-works.org\/wp-content\/uploads\/2022\/05\/1.png?wsr","datePublished":"2022-05-16T14:23:53+00:00","dateModified":"2025-06-13T15:50:48+00:00","breadcrumb":{"@id":"https:\/\/christian-works.org\/es\/careworks\/careworks-el-salvador\/#breadcrumb"},"inLanguage":"es","potentialAction":[{"@type":"ReadAction","target":["https:\/\/christian-works.org\/es\/careworks\/careworks-el-salvador\/"]}]},{"@type":"ImageObject","inLanguage":"es","@id":"https:\/\/christian-works.org\/es\/careworks\/careworks-el-salvador\/#primaryimage","url":"https:\/\/christian-works.org\/wp-content\/uploads\/2022\/05\/1.png?wsr","contentUrl":"https:\/\/christian-works.org\/wp-content\/uploads\/2022\/05\/1.png?wsr","width":1920,"height":400},{"@type":"BreadcrumbList","@id":"https:\/\/christian-works.org\/es\/careworks\/careworks-el-salvador\/#breadcrumb","itemListElement":[{"@type":"ListItem","position":1,"name":"Home","item":"https:\/\/christian-works.org\/es\/"},{"@type":"ListItem","position":2,"name":"CareWorks","item":"https:\/\/christian-works.org\/es\/careworks\/"},{"@type":"ListItem","position":3,"name":"CareWorks \u2013 El Salvador"}]},{"@type":"WebSite","@id":"https:\/\/christian-works.org\/#website","url":"https:\/\/christian-works.org\/","name":"ChristianWorks","description":"","potentialAction":[{"@type":"SearchAction","target":{"@type":"EntryPoint","urlTemplate":"https:\/\/christian-works.org\/?s={search_term_string}"},"query-input":{"@type":"PropertyValueSpecification","valueRequired":true,"valueName":"search_term_string"}}],"inLanguage":"es"}]}},"_links":{"self":[{"href":"https:\/\/christian-works.org\/es\/wp-json\/wp\/v2\/pages\/7311","targetHints":{"allow":["GET"]}}],"collection":[{"href":"https:\/\/christian-works.org\/es\/wp-json\/wp\/v2\/pages"}],"about":[{"href":"https:\/\/christian-works.org\/es\/wp-json\/wp\/v2\/types\/page"}],"author":[{"embeddable":true,"href":"https:\/\/christian-works.org\/es\/wp-json\/wp\/v2\/users\/13"}],"replies":[{"embeddable":true,"href":"https:\/\/christian-works.org\/es\/wp-json\/wp\/v2\/comments?post=7311"}],"version-history":[{"count":2,"href":"https:\/\/christian-works.org\/es\/wp-json\/wp\/v2\/pages\/7311\/revisions"}],"predecessor-version":[{"id":10248,"href":"https:\/\/christian-works.org\/es\/wp-json\/wp\/v2\/pages\/7311\/revisions\/10248"}],"up":[{"embeddable":true,"href":"https:\/\/christian-works.org\/es\/wp-json\/wp\/v2\/pages\/6811"}],"wp:featuredmedia":[{"embeddable":true,"href":"https:\/\/christian-works.org\/es\/wp-json\/wp\/v2\/media\/7236"}],"wp:attachment":[{"href":"https:\/\/christian-works.org\/es\/wp-json\/wp\/v2\/media?parent=7311"}],"curies":[{"name":"wp","href":"https:\/\/api.w.org\/{rel}","templated":true}]}}