{"id":7328,"date":"2022-05-16T14:55:50","date_gmt":"2022-05-16T14:55:50","guid":{"rendered":"https:\/\/christian-works.org\/careworks\/careworks-ghana\/"},"modified":"2025-06-13T15:50:13","modified_gmt":"2025-06-13T15:50:13","slug":"careworks-ghana","status":"publish","type":"page","link":"https:\/\/christian-works.org\/es\/careworks\/careworks-ghana\/","title":{"rendered":"CareWorks-Ghana"},"content":{"rendered":"<div class=\"wpb-content-wrapper\"><p>[vc_section full_width=\u00bbstretch_row\u00bb el_class=\u00bbwhat-adoption-section\u00bb][vc_row][vc_column][vc_custom_heading text=\u00bbCareWorks-Ghana\u00bb font_container=\u00bbtag:h3|text_align:left\u00bb use_theme_fonts=\u00bbyes\u00bb][vc_column_text]Nuestra historia de asociaci\u00f3n internacional comienza en 2008 en el pueblo de Ateiku en el oeste de Ghana. Un viaje y una misi\u00f3n separados llevaron a ChristianWorks for Children a Ghana, lo que nos conect\u00f3 con Lawrence Oduro, el actual director de misiones de la Iglesia de Cristo Ateiku.<\/p>\n<p>El creciente amor por Ghana y el pueblo de Ateiku cre\u00f3 una asociaci\u00f3n que comenzar\u00eda oficialmente en 2012. Junto con nuestros socios en Saturn Road Church of Christ, Greenville Avenue Church of Christ, Eastridge Church of Christ, Dallas Christian Schools y Enterprise Christian Ministries, hemos tenido el privilegio de mostrar a la gente de Ghana amor y servicio cristiano.<\/p>\n<p>Nuestro apoyo crea oportunidades para que los hu\u00e9rfanos vayan a una escuela donde reciben atenci\u00f3n m\u00e9dica, uniformes y dos comidas al d\u00eda. En 2014, patrocinamos a 1,000 ni\u00f1os con tarjetas de atenci\u00f3n m\u00e9dica que pueden usar para recibir ayuda y perforar pozos de agua para las personas que viven all\u00ed.<\/p>\n<p>Si desea ayudar a ChristianWorks a apoyar a la Iglesia de Cristo de Ateiku, puede ayudarnos a apoyarnos haciendo<a href=\"https:\/\/christian-works.org\/es\/donate-2\/\">Una donaci\u00f3n o contactar con nosotras.<\/a>[\/vc_column_text][\/vc_column][\/vc_row][\/vc_section][vc_section el_class=\u00bbcta-support-section cta-adoption-section\u00bb][vc_row content_placement=\u00bbmiddle\u00bb css=\u00bb.vc_custom_1649767606146{background-image: url(https:\/\/christian-works.org\/wp-content\/uploads\/2022\/04\/Group-14138.png?id=1998) !important;background-position: 0 0 !important;background-repeat: no-repeat !important;}\u00bb][vc_column width=\u00bb3\/4&#8243;][vc_custom_heading text=\u00bbAy\u00fadanos a construir hogares y familias saludables.\u00bb use_theme_fonts=\u00bbyes\u00bb][vc_column_text]ChristianWorks for Children es una organizaci\u00f3n sin fines de lucro 501(c)(3) \u2014 EIN: 75-1246028.<br \/>\nCon su apoyo, podemos continuar con el ejemplo de servicio de Jesucristo. \u00a1As\u00f3ciese con nosotros hoy![\/vc_column_text][\/vc_column][vc_column width=\u00bb1\/4&#8243;][vc_btn title=\u00bbApoyanos\u00bb align=\u00bbcenter\u00bb link=\u00bburl:https%3A%2F%2Fchristian-works.org%2Fes%2Fdonate-2%2F\u00bb el_class=\u00bbwhite-btn\u00bb][\/vc_column][\/vc_row][\/vc_section]<\/p>\n<\/div>","protected":false},"excerpt":{"rendered":"<p>[vc_section full_width=\u00bbstretch_row\u00bb el_class=\u00bbwhat-adoption-section\u00bb][vc_row][vc_column][vc_custom_heading text=\u00bbCareWorks-Ghana\u00bb font_container=\u00bbtag:h3|text_align:left\u00bb use_theme_fonts=\u00bbyes\u00bb][vc_column_text]Nuestra historia de asociaci\u00f3n internacional comienza en 2008 en el pueblo de Ateiku en el oeste de Ghana. Un viaje y una misi\u00f3n separados llevaron a ChristianWorks for Children a Ghana, lo que nos conect\u00f3 con Lawrence Oduro, el actual director de misiones de la Iglesia de Cristo Ateiku. El [&hellip;]<\/p>\n","protected":false},"author":13,"featured_media":7232,"parent":6811,"menu_order":0,"comment_status":"closed","ping_status":"closed","template":"fullwidth.php","meta":{"_acf_changed":false,"inline_featured_image":false,"footnotes":""},"class_list":["post-7328","page","type-page","status-publish","has-post-thumbnail","hentry"],"acf":[],"yoast_head":"<!-- This site is optimized with the Yoast SEO plugin v27.1.1 - https:\/\/yoast.com\/product\/yoast-seo-wordpress\/ -->\n<title>CareWorks-Ghana - ChristianWorks<\/title>\n<meta name=\"robots\" content=\"index, follow, max-snippet:-1, max-image-preview:large, max-video-preview:-1\" \/>\n<link rel=\"canonical\" href=\"https:\/\/christian-works.org\/es\/careworks\/careworks-ghana\/\" \/>\n<meta property=\"og:locale\" content=\"es_ES\" \/>\n<meta property=\"og:type\" content=\"article\" \/>\n<meta property=\"og:title\" content=\"CareWorks-Ghana - ChristianWorks\" \/>\n<meta property=\"og:description\" content=\"[vc_section full_width=\u00bbstretch_row\u00bb el_class=\u00bbwhat-adoption-section\u00bb][vc_row][vc_column][vc_custom_heading text=\u00bbCareWorks-Ghana\u00bb font_container=\u00bbtag:h3|text_align:left\u00bb use_theme_fonts=\u00bbyes\u00bb][vc_column_text]Nuestra historia de asociaci\u00f3n internacional comienza en 2008 en el pueblo de Ateiku en el oeste de Ghana. Un viaje y una misi\u00f3n separados llevaron a ChristianWorks for Children a Ghana, lo que nos conect\u00f3 con Lawrence Oduro, el actual director de misiones de la Iglesia de Cristo Ateiku. El [&hellip;]\" \/>\n<meta property=\"og:url\" content=\"https:\/\/christian-works.org\/es\/careworks\/careworks-ghana\/\" \/>\n<meta property=\"og:site_name\" content=\"ChristianWorks\" \/>\n<meta property=\"article:modified_time\" content=\"2025-06-13T15:50:13+00:00\" \/>\n<meta property=\"og:image\" content=\"https:\/\/christian-works.org\/wp-content\/uploads\/2022\/05\/2.png\" \/>\n\t<meta property=\"og:image:width\" content=\"1920\" \/>\n\t<meta property=\"og:image:height\" content=\"400\" \/>\n\t<meta property=\"og:image:type\" content=\"image\/png\" \/>\n<meta name=\"twitter:card\" content=\"summary_large_image\" \/>\n<meta name=\"twitter:label1\" content=\"Tiempo de lectura\" \/>\n\t<meta name=\"twitter:data1\" content=\"2 minutos\" \/>\n<script type=\"application\/ld+json\" class=\"yoast-schema-graph\">{\"@context\":\"https:\/\/schema.org\",\"@graph\":[{\"@type\":\"WebPage\",\"@id\":\"https:\/\/christian-works.org\/es\/careworks\/careworks-ghana\/\",\"url\":\"https:\/\/christian-works.org\/es\/careworks\/careworks-ghana\/\",\"name\":\"CareWorks-Ghana - ChristianWorks\",\"isPartOf\":{\"@id\":\"https:\/\/christian-works.org\/#website\"},\"primaryImageOfPage\":{\"@id\":\"https:\/\/christian-works.org\/es\/careworks\/careworks-ghana\/#primaryimage\"},\"image\":{\"@id\":\"https:\/\/christian-works.org\/es\/careworks\/careworks-ghana\/#primaryimage\"},\"thumbnailUrl\":\"https:\/\/christian-works.org\/wp-content\/uploads\/2022\/05\/2.png?wsr\",\"datePublished\":\"2022-05-16T14:55:50+00:00\",\"dateModified\":\"2025-06-13T15:50:13+00:00\",\"breadcrumb\":{\"@id\":\"https:\/\/christian-works.org\/es\/careworks\/careworks-ghana\/#breadcrumb\"},\"inLanguage\":\"es\",\"potentialAction\":[{\"@type\":\"ReadAction\",\"target\":[\"https:\/\/christian-works.org\/es\/careworks\/careworks-ghana\/\"]}]},{\"@type\":\"ImageObject\",\"inLanguage\":\"es\",\"@id\":\"https:\/\/christian-works.org\/es\/careworks\/careworks-ghana\/#primaryimage\",\"url\":\"https:\/\/christian-works.org\/wp-content\/uploads\/2022\/05\/2.png?wsr\",\"contentUrl\":\"https:\/\/christian-works.org\/wp-content\/uploads\/2022\/05\/2.png?wsr\",\"width\":1920,\"height\":400},{\"@type\":\"BreadcrumbList\",\"@id\":\"https:\/\/christian-works.org\/es\/careworks\/careworks-ghana\/#breadcrumb\",\"itemListElement\":[{\"@type\":\"ListItem\",\"position\":1,\"name\":\"Home\",\"item\":\"https:\/\/christian-works.org\/es\/\"},{\"@type\":\"ListItem\",\"position\":2,\"name\":\"CareWorks\",\"item\":\"https:\/\/christian-works.org\/es\/careworks\/\"},{\"@type\":\"ListItem\",\"position\":3,\"name\":\"CareWorks-Ghana\"}]},{\"@type\":\"WebSite\",\"@id\":\"https:\/\/christian-works.org\/#website\",\"url\":\"https:\/\/christian-works.org\/\",\"name\":\"ChristianWorks\",\"description\":\"\",\"potentialAction\":[{\"@type\":\"SearchAction\",\"target\":{\"@type\":\"EntryPoint\",\"urlTemplate\":\"https:\/\/christian-works.org\/?s={search_term_string}\"},\"query-input\":{\"@type\":\"PropertyValueSpecification\",\"valueRequired\":true,\"valueName\":\"search_term_string\"}}],\"inLanguage\":\"es\"}]}<\/script>\n<!-- \/ Yoast SEO plugin. -->","yoast_head_json":{"title":"CareWorks-Ghana - ChristianWorks","robots":{"index":"index","follow":"follow","max-snippet":"max-snippet:-1","max-image-preview":"max-image-preview:large","max-video-preview":"max-video-preview:-1"},"canonical":"https:\/\/christian-works.org\/es\/careworks\/careworks-ghana\/","og_locale":"es_ES","og_type":"article","og_title":"CareWorks-Ghana - ChristianWorks","og_description":"[vc_section full_width=\u00bbstretch_row\u00bb el_class=\u00bbwhat-adoption-section\u00bb][vc_row][vc_column][vc_custom_heading text=\u00bbCareWorks-Ghana\u00bb font_container=\u00bbtag:h3|text_align:left\u00bb use_theme_fonts=\u00bbyes\u00bb][vc_column_text]Nuestra historia de asociaci\u00f3n internacional comienza en 2008 en el pueblo de Ateiku en el oeste de Ghana. Un viaje y una misi\u00f3n separados llevaron a ChristianWorks for Children a Ghana, lo que nos conect\u00f3 con Lawrence Oduro, el actual director de misiones de la Iglesia de Cristo Ateiku. El [&hellip;]","og_url":"https:\/\/christian-works.org\/es\/careworks\/careworks-ghana\/","og_site_name":"ChristianWorks","article_modified_time":"2025-06-13T15:50:13+00:00","og_image":[{"width":1920,"height":400,"url":"https:\/\/christian-works.org\/wp-content\/uploads\/2022\/05\/2.png","type":"image\/png"}],"twitter_card":"summary_large_image","twitter_misc":{"Tiempo de lectura":"2 minutos"},"schema":{"@context":"https:\/\/schema.org","@graph":[{"@type":"WebPage","@id":"https:\/\/christian-works.org\/es\/careworks\/careworks-ghana\/","url":"https:\/\/christian-works.org\/es\/careworks\/careworks-ghana\/","name":"CareWorks-Ghana - ChristianWorks","isPartOf":{"@id":"https:\/\/christian-works.org\/#website"},"primaryImageOfPage":{"@id":"https:\/\/christian-works.org\/es\/careworks\/careworks-ghana\/#primaryimage"},"image":{"@id":"https:\/\/christian-works.org\/es\/careworks\/careworks-ghana\/#primaryimage"},"thumbnailUrl":"https:\/\/christian-works.org\/wp-content\/uploads\/2022\/05\/2.png?wsr","datePublished":"2022-05-16T14:55:50+00:00","dateModified":"2025-06-13T15:50:13+00:00","breadcrumb":{"@id":"https:\/\/christian-works.org\/es\/careworks\/careworks-ghana\/#breadcrumb"},"inLanguage":"es","potentialAction":[{"@type":"ReadAction","target":["https:\/\/christian-works.org\/es\/careworks\/careworks-ghana\/"]}]},{"@type":"ImageObject","inLanguage":"es","@id":"https:\/\/christian-works.org\/es\/careworks\/careworks-ghana\/#primaryimage","url":"https:\/\/christian-works.org\/wp-content\/uploads\/2022\/05\/2.png?wsr","contentUrl":"https:\/\/christian-works.org\/wp-content\/uploads\/2022\/05\/2.png?wsr","width":1920,"height":400},{"@type":"BreadcrumbList","@id":"https:\/\/christian-works.org\/es\/careworks\/careworks-ghana\/#breadcrumb","itemListElement":[{"@type":"ListItem","position":1,"name":"Home","item":"https:\/\/christian-works.org\/es\/"},{"@type":"ListItem","position":2,"name":"CareWorks","item":"https:\/\/christian-works.org\/es\/careworks\/"},{"@type":"ListItem","position":3,"name":"CareWorks-Ghana"}]},{"@type":"WebSite","@id":"https:\/\/christian-works.org\/#website","url":"https:\/\/christian-works.org\/","name":"ChristianWorks","description":"","potentialAction":[{"@type":"SearchAction","target":{"@type":"EntryPoint","urlTemplate":"https:\/\/christian-works.org\/?s={search_term_string}"},"query-input":{"@type":"PropertyValueSpecification","valueRequired":true,"valueName":"search_term_string"}}],"inLanguage":"es"}]}},"_links":{"self":[{"href":"https:\/\/christian-works.org\/es\/wp-json\/wp\/v2\/pages\/7328","targetHints":{"allow":["GET"]}}],"collection":[{"href":"https:\/\/christian-works.org\/es\/wp-json\/wp\/v2\/pages"}],"about":[{"href":"https:\/\/christian-works.org\/es\/wp-json\/wp\/v2\/types\/page"}],"author":[{"embeddable":true,"href":"https:\/\/christian-works.org\/es\/wp-json\/wp\/v2\/users\/13"}],"replies":[{"embeddable":true,"href":"https:\/\/christian-works.org\/es\/wp-json\/wp\/v2\/comments?post=7328"}],"version-history":[{"count":2,"href":"https:\/\/christian-works.org\/es\/wp-json\/wp\/v2\/pages\/7328\/revisions"}],"predecessor-version":[{"id":10245,"href":"https:\/\/christian-works.org\/es\/wp-json\/wp\/v2\/pages\/7328\/revisions\/10245"}],"up":[{"embeddable":true,"href":"https:\/\/christian-works.org\/es\/wp-json\/wp\/v2\/pages\/6811"}],"wp:featuredmedia":[{"embeddable":true,"href":"https:\/\/christian-works.org\/es\/wp-json\/wp\/v2\/media\/7232"}],"wp:attachment":[{"href":"https:\/\/christian-works.org\/es\/wp-json\/wp\/v2\/media?parent=7328"}],"curies":[{"name":"wp","href":"https:\/\/api.w.org\/{rel}","templated":true}]}}