{"id":7563,"date":"2022-05-18T19:45:55","date_gmt":"2022-05-18T19:45:55","guid":{"rendered":"https:\/\/christian-works.org\/posterior-a-la-adopcion\/"},"modified":"2025-06-13T15:44:37","modified_gmt":"2025-06-13T15:44:37","slug":"posterior-a-la-adopcion","status":"publish","type":"page","link":"https:\/\/christian-works.org\/es\/posterior-a-la-adopcion\/","title":{"rendered":"Posterior a la adopci\u00f3n"},"content":{"rendered":"<div class=\"wpb-content-wrapper\"><p>[vc_section full_width=\u00bbstretch_row\u00bb el_class=\u00bbwhat-adoption-section what-post-sec\u00bb][vc_row][vc_column width=\u00bb1\/2&#8243;][vc_custom_heading text=\u00bb\u00bfQu\u00e9 es el apoyo posterior a la adopci\u00f3n?\u00bb font_container=\u00bbtag:h3|text_align:left|color:%231e1e1e\u00bb use_theme_fonts=\u00bbyes\u00bb][vc_column_text]<span style=\"color: #1e1e1e;\">AdoptionWorks Post Adoption es un programa de grupo de apoyo gratuito para personas adoptadas de cinco a diecisiete a\u00f1os. En AdoptionWorks brindamos un entorno seguro y amoroso donde los ni\u00f1os y adolescentes pueden conectarse con otras personas adoptadas. Aqu\u00ed, los adoptados pueden encontrar la libertad y la seguridad para explorar abiertamente su experiencia de adopci\u00f3n. El plan de estudios para los grupos de apoyo posteriores a la adopci\u00f3n ha sido desarrollado por profesionales de salud mental autorizados que tambi\u00e9n son adoptados. Estos grupos est\u00e1n dise\u00f1ados por adoptados, as\u00ed como por profesionales de la adopci\u00f3n, para adoptados y sus padres.<\/span>[\/vc_column_text][vc_btn title=\u00bbAprende m\u00e1s\u00bb link=\u00bburl:https%3A%2F%2Fchristian-works.org%2Fforms%2F|title:AdoptionWorks\u00bb el_class=\u00bbred-btn\u00bb][\/vc_column][vc_column width=\u00bb1\/2&#8243;]<div id=\"ultimate-video-353269d9d205d30f0\" class=\"ult-video  ult-adjust-bottom-margin ultimate-video-353269d9d205d30f0 ultv-9981 \"><div class=\"ultv-video ultv-aspect-ratio-16_9 ultv-subscribe-responsive-none\" data-videotype=\"uv_iframe\">\n\t\t\t\t\t\t<div class=\"ultv-video__outer-wrap\" data-autoplay=\"0\" data-device=\"false\"  data-iconbg=\"#3A3A3A\" data-overcolor=\"\" data-defaultbg=\"#1f1f1e\" data-defaultplay=\"defaulticon\"><div class=\"ultv-video__play\" data-src=\"https:\/\/www.youtube.com\/embed\/QsDUdHcFI9I?rel=0&#038;start&#038;end&#038;controls=1&#038;mute=0&#038;modestbranding=0&#038;autoplay=1\">\n\t\t\t\t\t\t\t\t<img decoding=\"async\" class=\"ultv-video__thumb\" src=\"https:\/\/christian-works.org\/wp-content\/uploads\/2022\/03\/Group-14150-min.png?wsr\"\/>\n\t\t\t\t\t\t\t\t<div class=\"ultv-video__play-icon  ultv-animation-none\" style=\"width:75px\"><svg height=\"100%\" version=\"1.1\" viewBox=\"0 0 68 48\" width=\"100%\"><path class=\"ultv-youtube-icon-bg\" d=\"m .66,37.62 c 0,0 .66,4.70 2.70,6.77 2.58,2.71 5.98,2.63 7.49,2.91 5.43,.52 23.10,.68 23.12,.68 .00,-1.3e-5 14.29,-0.02 23.81,-0.71 1.32,-0.15 4.22,-0.17 6.81,-2.89 2.03,-2.07 2.70,-6.77 2.70,-6.77 0,0 .67,-5.52 .67,-11.04 l 0,-5.17 c 0,-5.52 -0.67,-11.04 -0.67,-11.04 0,0 -0.66,-4.70 -2.70,-6.77 C 62.03,.86 59.13,.84 57.80,.69 48.28,0 34.00,0 34.00,0 33.97,0 19.69,0 10.18,.69 8.85,.84 5.95,.86 3.36,3.58 1.32,5.65 .66,10.35 .66,10.35 c 0,0 -0.55,4.50 -0.66,9.45 l 0,8.36 c .10,4.94 .66,9.45 .66,9.45 z\" fill=\"#1f1f1e\" ><\/path><path d=\"m 26.96,13.67 18.37,9.62 -18.37,9.55 -0.00,-19.17 z\" fill=\"#fff\"><\/path><path d=\"M 45.02,23.46 45.32,23.28 26.96,13.67 43.32,22.34 45.02,23.46 z\" fill=\"#ccc\"><\/path><\/svg><\/div> <\/div> <\/div><\/div><\/div>[\/vc_column][\/vc_row][vc_row el_class=\u00bbfaqs-section\u00bb][vc_column]<div class=\"ult-spacer spacer-69d9d205d3457\" data-id=\"69d9d205d3457\" data-height=\"50\" data-height-mobile=\"50\" data-height-tab=\"50\" data-height-tab-portrait=\"\" data-height-mobile-landscape=\"\" style=\"clear:both;display:block;\"><\/div>[vc_custom_heading text=\u00bbPreguntas frecuentes\u00bb font_container=\u00bbtag:h3|text_align:left\u00bb use_theme_fonts=\u00bbyes\u00bb][vc_tta_accordion][vc_tta_section title=\u00bb\u00bfCu\u00e1nto cuesta AdoptionWorks Post-Adoption?\u00bb tab_id=\u00bb1652902894509-d5821dc3-320c\u00bb][vc_column_text]Los grupos de apoyo posteriores a la adopci\u00f3n son gratuitos para los adoptados y sus familias. Nos financiamos a trav\u00e9s de donantes generosos y fondos privados para proporcionar a estos grupos. Pedimos que cada familia honre el regalo de aquellos que gentilmente financian este programa comprometi\u00e9ndose a asistir las 8 semanas completas del programa.[\/vc_column_text][\/vc_tta_section][vc_tta_section title=\u00bb\u00bfCu\u00e1ndo se ofrece AdoptionWorks Posterior a la adopci\u00f3n?\u00bb tab_id=\u00bb1652902894531-988ddf2c-c787&#8243;][vc_column_text]AdoptionWorks se re\u00fane los mi\u00e9rcoles por la noche de 7:00 p. m. a 8:30 p. m. AdoptionWorks es un programa de 8 semanas que se ofrece dos veces al a\u00f1o en primavera y oto\u00f1o. La pr\u00f3xima sesi\u00f3n comenzar\u00e1 <strong>September 9, 2021.<\/strong>[\/vc_column_text][\/vc_tta_section][vc_tta_section title=\u00bb\u00bfD\u00f3nde se ofrece Posterior a la adopci\u00f3n de AdoptionWorks?\u00bb tab_id=\u00bb1652902955554-b3b71dcd-2250&#8243;][vc_column_text]Los grupos de apoyo posteriores a la adopci\u00f3n de AdoptionWorks se re\u00fanen en la oficina de ChristianWorks en Dallas.[\/vc_column_text][\/vc_tta_section][vc_tta_section title=\u00bb\u00bfCu\u00e1les son los tama\u00f1os de cada grupo?\u00bb tab_id=\u00bb1652902980472-6210aeed-ec18&#8243;][vc_column_text]En un esfuerzo por garantizar una experiencia grupal significativa y beneficiosa, cada grupo de edad se limitar\u00e1 a seis o menos. Haremos todo lo posible para acomodar el tama\u00f1o de la familia, pero no podemos garantizar la disponibilidad para todos los adoptados dentro de una familia al momento de la inscripci\u00f3n.[\/vc_column_text][\/vc_tta_section][vc_tta_section title=\u00bb\u00bfCu\u00e1les son las calificaciones de los facilitadores de grupo?\u00bb tab_id=\u00bb1652903000027-62620734-be62&#8243;][vc_column_text]Cada facilitador debe aplicar y tener un coraz\u00f3n para la adopci\u00f3n. La mayor\u00eda de nuestros facilitadores poseen una licencia cl\u00ednica o tienen una licencia provisional y tienen un t\u00edtulo de posgrado. Ellos deben pasar una verificaci\u00f3n de antecedentes. Se requiere que asistan a la capacitaci\u00f3n de facilitadores que incluye educaci\u00f3n sobre adopci\u00f3n, trauma complejo, adopci\u00f3n transracial, efectos de la institucionalizaci\u00f3n y el cuidado de crianza, y duelo y p\u00e9rdida por adopci\u00f3n. Adem\u00e1s, cada facilitador debe estar certificado en RCP por un entrenador verificado.[\/vc_column_text][\/vc_tta_section][\/vc_tta_accordion][\/vc_column][\/vc_row][\/vc_section][vc_section el_class=\u00bbcta-support-section cta-adoption-section\u00bb][vc_row content_placement=\u00bbmiddle\u00bb css=\u00bb.vc_custom_1649767606146{background-image: url(https:\/\/christian-works.org\/wp-content\/uploads\/2022\/04\/Group-14138.png?id=1998) !important;background-position: 0 0 !important;background-repeat: no-repeat !important;}\u00bb][vc_column width=\u00bb3\/4&#8243;][vc_custom_heading text=\u00bbAy\u00fadanos a construir hogares y familias saludables.\u00bb use_theme_fonts=\u00bbyes\u00bb][vc_column_text]ChristianWorks for Children es una organizaci\u00f3n sin fines de lucro 501(c)(3) \u2014 EIN: 75-1246028.<br \/>\nCon su apoyo, podemos continuar con el ejemplo de servicio de Jesucristo. \u00a1As\u00f3ciese con nosotros hoy![\/vc_column_text][\/vc_column][vc_column width=\u00bb1\/4&#8243;][vc_btn title=\u00bbApoyanos\u00bb align=\u00bbcenter\u00bb link=\u00bburl:https%3A%2F%2Fchristian-works.org%2Fdonate-2%2F\u00bb el_class=\u00bbwhite-btn\u00bb][\/vc_column][\/vc_row][\/vc_section]<\/p>\n<\/div>","protected":false},"excerpt":{"rendered":"<p>[vc_section full_width=\u00bbstretch_row\u00bb el_class=\u00bbwhat-adoption-section what-post-sec\u00bb][vc_row][vc_column width=\u00bb1\/2&#8243;][vc_custom_heading text=\u00bb\u00bfQu\u00e9 es el apoyo posterior a la adopci\u00f3n?\u00bb font_container=\u00bbtag:h3|text_align:left|color:%231e1e1e\u00bb use_theme_fonts=\u00bbyes\u00bb][vc_column_text]AdoptionWorks Post Adoption es un programa de grupo de apoyo gratuito para personas adoptadas de cinco a diecisiete a\u00f1os. En AdoptionWorks brindamos un entorno seguro y amoroso donde los ni\u00f1os y adolescentes pueden conectarse con otras personas adoptadas. Aqu\u00ed, los adoptados [&hellip;]<\/p>\n","protected":false},"author":13,"featured_media":834,"parent":0,"menu_order":0,"comment_status":"closed","ping_status":"closed","template":"fullwidth.php","meta":{"_acf_changed":false,"inline_featured_image":false,"footnotes":""},"class_list":["post-7563","page","type-page","status-publish","has-post-thumbnail","hentry"],"acf":[],"yoast_head":"<!-- This site is optimized with the Yoast SEO plugin v27.3 - https:\/\/yoast.com\/product\/yoast-seo-wordpress\/ -->\n<title>Posterior a la adopci\u00f3n - ChristianWorks<\/title>\n<meta name=\"robots\" content=\"index, follow, max-snippet:-1, max-image-preview:large, max-video-preview:-1\" \/>\n<link rel=\"canonical\" href=\"https:\/\/christian-works.org\/es\/posterior-a-la-adopcion\/\" \/>\n<meta property=\"og:locale\" content=\"es_ES\" \/>\n<meta property=\"og:type\" content=\"article\" \/>\n<meta property=\"og:title\" content=\"Posterior a la adopci\u00f3n - ChristianWorks\" \/>\n<meta property=\"og:description\" content=\"[vc_section full_width=\u00bbstretch_row\u00bb el_class=\u00bbwhat-adoption-section what-post-sec\u00bb][vc_row][vc_column width=\u00bb1\/2&#8243;][vc_custom_heading text=\u00bb\u00bfQu\u00e9 es el apoyo posterior a la adopci\u00f3n?\u00bb font_container=\u00bbtag:h3|text_align:left|color:%231e1e1e\u00bb use_theme_fonts=\u00bbyes\u00bb][vc_column_text]AdoptionWorks Post Adoption es un programa de grupo de apoyo gratuito para personas adoptadas de cinco a diecisiete a\u00f1os. En AdoptionWorks brindamos un entorno seguro y amoroso donde los ni\u00f1os y adolescentes pueden conectarse con otras personas adoptadas. Aqu\u00ed, los adoptados [&hellip;]\" \/>\n<meta property=\"og:url\" content=\"https:\/\/christian-works.org\/es\/posterior-a-la-adopcion\/\" \/>\n<meta property=\"og:site_name\" content=\"ChristianWorks\" \/>\n<meta property=\"article:modified_time\" content=\"2025-06-13T15:44:37+00:00\" \/>\n<meta property=\"og:image\" content=\"https:\/\/christian-works.org\/wp-content\/uploads\/2022\/03\/Group-14145-min.jpg\" \/>\n\t<meta property=\"og:image:width\" content=\"1920\" \/>\n\t<meta property=\"og:image:height\" content=\"400\" \/>\n\t<meta property=\"og:image:type\" content=\"image\/jpeg\" \/>\n<meta name=\"twitter:card\" content=\"summary_large_image\" \/>\n<meta name=\"twitter:label1\" content=\"Tiempo de lectura\" \/>\n\t<meta name=\"twitter:data1\" content=\"4 minutos\" \/>\n<script type=\"application\/ld+json\" class=\"yoast-schema-graph\">{\"@context\":\"https:\\\/\\\/schema.org\",\"@graph\":[{\"@type\":\"WebPage\",\"@id\":\"https:\\\/\\\/christian-works.org\\\/es\\\/posterior-a-la-adopcion\\\/\",\"url\":\"https:\\\/\\\/christian-works.org\\\/es\\\/posterior-a-la-adopcion\\\/\",\"name\":\"Posterior a la adopci\u00f3n - ChristianWorks\",\"isPartOf\":{\"@id\":\"https:\\\/\\\/christian-works.org\\\/#website\"},\"primaryImageOfPage\":{\"@id\":\"https:\\\/\\\/christian-works.org\\\/es\\\/posterior-a-la-adopcion\\\/#primaryimage\"},\"image\":{\"@id\":\"https:\\\/\\\/christian-works.org\\\/es\\\/posterior-a-la-adopcion\\\/#primaryimage\"},\"thumbnailUrl\":\"https:\\\/\\\/christian-works.org\\\/wp-content\\\/uploads\\\/2022\\\/03\\\/Group-14145-min.jpg?wsr\",\"datePublished\":\"2022-05-18T19:45:55+00:00\",\"dateModified\":\"2025-06-13T15:44:37+00:00\",\"breadcrumb\":{\"@id\":\"https:\\\/\\\/christian-works.org\\\/es\\\/posterior-a-la-adopcion\\\/#breadcrumb\"},\"inLanguage\":\"es\",\"potentialAction\":[{\"@type\":\"ReadAction\",\"target\":[\"https:\\\/\\\/christian-works.org\\\/es\\\/posterior-a-la-adopcion\\\/\"]}]},{\"@type\":\"ImageObject\",\"inLanguage\":\"es\",\"@id\":\"https:\\\/\\\/christian-works.org\\\/es\\\/posterior-a-la-adopcion\\\/#primaryimage\",\"url\":\"https:\\\/\\\/christian-works.org\\\/wp-content\\\/uploads\\\/2022\\\/03\\\/Group-14145-min.jpg?wsr\",\"contentUrl\":\"https:\\\/\\\/christian-works.org\\\/wp-content\\\/uploads\\\/2022\\\/03\\\/Group-14145-min.jpg?wsr\",\"width\":1920,\"height\":400},{\"@type\":\"BreadcrumbList\",\"@id\":\"https:\\\/\\\/christian-works.org\\\/es\\\/posterior-a-la-adopcion\\\/#breadcrumb\",\"itemListElement\":[{\"@type\":\"ListItem\",\"position\":1,\"name\":\"Home\",\"item\":\"https:\\\/\\\/christian-works.org\\\/es\\\/\"},{\"@type\":\"ListItem\",\"position\":2,\"name\":\"Posterior a la adopci\u00f3n\"}]},{\"@type\":\"WebSite\",\"@id\":\"https:\\\/\\\/christian-works.org\\\/#website\",\"url\":\"https:\\\/\\\/christian-works.org\\\/\",\"name\":\"ChristianWorks\",\"description\":\"\",\"potentialAction\":[{\"@type\":\"SearchAction\",\"target\":{\"@type\":\"EntryPoint\",\"urlTemplate\":\"https:\\\/\\\/christian-works.org\\\/?s={search_term_string}\"},\"query-input\":{\"@type\":\"PropertyValueSpecification\",\"valueRequired\":true,\"valueName\":\"search_term_string\"}}],\"inLanguage\":\"es\"}]}<\/script>\n<!-- \/ Yoast SEO plugin. -->","yoast_head_json":{"title":"Posterior a la adopci\u00f3n - ChristianWorks","robots":{"index":"index","follow":"follow","max-snippet":"max-snippet:-1","max-image-preview":"max-image-preview:large","max-video-preview":"max-video-preview:-1"},"canonical":"https:\/\/christian-works.org\/es\/posterior-a-la-adopcion\/","og_locale":"es_ES","og_type":"article","og_title":"Posterior a la adopci\u00f3n - ChristianWorks","og_description":"[vc_section full_width=\u00bbstretch_row\u00bb el_class=\u00bbwhat-adoption-section what-post-sec\u00bb][vc_row][vc_column width=\u00bb1\/2&#8243;][vc_custom_heading text=\u00bb\u00bfQu\u00e9 es el apoyo posterior a la adopci\u00f3n?\u00bb font_container=\u00bbtag:h3|text_align:left|color:%231e1e1e\u00bb use_theme_fonts=\u00bbyes\u00bb][vc_column_text]AdoptionWorks Post Adoption es un programa de grupo de apoyo gratuito para personas adoptadas de cinco a diecisiete a\u00f1os. En AdoptionWorks brindamos un entorno seguro y amoroso donde los ni\u00f1os y adolescentes pueden conectarse con otras personas adoptadas. Aqu\u00ed, los adoptados [&hellip;]","og_url":"https:\/\/christian-works.org\/es\/posterior-a-la-adopcion\/","og_site_name":"ChristianWorks","article_modified_time":"2025-06-13T15:44:37+00:00","og_image":[{"width":1920,"height":400,"url":"https:\/\/christian-works.org\/wp-content\/uploads\/2022\/03\/Group-14145-min.jpg","type":"image\/jpeg"}],"twitter_card":"summary_large_image","twitter_misc":{"Tiempo de lectura":"4 minutos"},"schema":{"@context":"https:\/\/schema.org","@graph":[{"@type":"WebPage","@id":"https:\/\/christian-works.org\/es\/posterior-a-la-adopcion\/","url":"https:\/\/christian-works.org\/es\/posterior-a-la-adopcion\/","name":"Posterior a la adopci\u00f3n - ChristianWorks","isPartOf":{"@id":"https:\/\/christian-works.org\/#website"},"primaryImageOfPage":{"@id":"https:\/\/christian-works.org\/es\/posterior-a-la-adopcion\/#primaryimage"},"image":{"@id":"https:\/\/christian-works.org\/es\/posterior-a-la-adopcion\/#primaryimage"},"thumbnailUrl":"https:\/\/christian-works.org\/wp-content\/uploads\/2022\/03\/Group-14145-min.jpg?wsr","datePublished":"2022-05-18T19:45:55+00:00","dateModified":"2025-06-13T15:44:37+00:00","breadcrumb":{"@id":"https:\/\/christian-works.org\/es\/posterior-a-la-adopcion\/#breadcrumb"},"inLanguage":"es","potentialAction":[{"@type":"ReadAction","target":["https:\/\/christian-works.org\/es\/posterior-a-la-adopcion\/"]}]},{"@type":"ImageObject","inLanguage":"es","@id":"https:\/\/christian-works.org\/es\/posterior-a-la-adopcion\/#primaryimage","url":"https:\/\/christian-works.org\/wp-content\/uploads\/2022\/03\/Group-14145-min.jpg?wsr","contentUrl":"https:\/\/christian-works.org\/wp-content\/uploads\/2022\/03\/Group-14145-min.jpg?wsr","width":1920,"height":400},{"@type":"BreadcrumbList","@id":"https:\/\/christian-works.org\/es\/posterior-a-la-adopcion\/#breadcrumb","itemListElement":[{"@type":"ListItem","position":1,"name":"Home","item":"https:\/\/christian-works.org\/es\/"},{"@type":"ListItem","position":2,"name":"Posterior a la adopci\u00f3n"}]},{"@type":"WebSite","@id":"https:\/\/christian-works.org\/#website","url":"https:\/\/christian-works.org\/","name":"ChristianWorks","description":"","potentialAction":[{"@type":"SearchAction","target":{"@type":"EntryPoint","urlTemplate":"https:\/\/christian-works.org\/?s={search_term_string}"},"query-input":{"@type":"PropertyValueSpecification","valueRequired":true,"valueName":"search_term_string"}}],"inLanguage":"es"}]}},"_links":{"self":[{"href":"https:\/\/christian-works.org\/es\/wp-json\/wp\/v2\/pages\/7563","targetHints":{"allow":["GET"]}}],"collection":[{"href":"https:\/\/christian-works.org\/es\/wp-json\/wp\/v2\/pages"}],"about":[{"href":"https:\/\/christian-works.org\/es\/wp-json\/wp\/v2\/types\/page"}],"author":[{"embeddable":true,"href":"https:\/\/christian-works.org\/es\/wp-json\/wp\/v2\/users\/13"}],"replies":[{"embeddable":true,"href":"https:\/\/christian-works.org\/es\/wp-json\/wp\/v2\/comments?post=7563"}],"version-history":[{"count":2,"href":"https:\/\/christian-works.org\/es\/wp-json\/wp\/v2\/pages\/7563\/revisions"}],"predecessor-version":[{"id":10227,"href":"https:\/\/christian-works.org\/es\/wp-json\/wp\/v2\/pages\/7563\/revisions\/10227"}],"wp:featuredmedia":[{"embeddable":true,"href":"https:\/\/christian-works.org\/es\/wp-json\/wp\/v2\/media\/834"}],"wp:attachment":[{"href":"https:\/\/christian-works.org\/es\/wp-json\/wp\/v2\/media?parent=7563"}],"curies":[{"name":"wp","href":"https:\/\/api.w.org\/{rel}","templated":true}]}}