{"id":8480,"date":"2023-01-12T18:59:35","date_gmt":"2023-01-12T18:59:35","guid":{"rendered":"https:\/\/christian-works.org\/?page_id=8480"},"modified":"2025-06-13T15:44:21","modified_gmt":"2025-06-13T15:44:21","slug":"descanso","status":"publish","type":"page","link":"https:\/\/christian-works.org\/es\/descanso\/","title":{"rendered":"Descanso"},"content":{"rendered":"<div class=\"wpb-content-wrapper\"><p>[vc_section el_class=\u00bbabout-breakway-section\u00bb][vc_row][vc_column width=\u00bb1\/2&#8243;][vc_custom_heading text=\u00bbAcerca de BreakWay\u00bb font_container=\u00bbtag:h3|text_align:left\u00bb use_theme_fonts=\u00bbyes\u00bb][vc_column_text]En BreakWay, nuestros programas de grupos de apoyo est\u00e1n dise\u00f1ados para ayudar a las familias a superar las olas que se estrellan en los viajes de la vida. Encontrar apoyo<br \/>\nes el primer paso para descubrir una perspectiva redentora sobre las experiencias de la vida. Nuestro programa brinda a los coordinadores de programas y facilitadores de grupos las herramientas esenciales necesarias para equipar a los participantes para que abracen el camino hacia la recuperaci\u00f3n. BreakWay actualmente ofrece dos programas que est\u00e1n dise\u00f1ados para equipar iglesias y centros de consejer\u00eda con los materiales necesarios para iniciar un grupo de apoyo para ni\u00f1os de 5 a 18 a\u00f1os.[\/vc_column_text][\/vc_column][vc_column width=\u00bb1\/2&#8243;]<div id=\"ultimate-video-476269d389d6c11d8\" class=\"ult-video  ult-adjust-bottom-margin ultimate-video-476269d389d6c11d8 ultv-3030 \"><div class=\"ultv-video ultv-aspect-ratio-16_9 ultv-subscribe-responsive-none\" data-videotype=\"uv_iframe\">\n\t\t\t\t\t\t<div class=\"ultv-video__outer-wrap\" data-autoplay=\"0\" data-device=\"false\"  data-iconbg=\"#3A3A3A\" data-overcolor=\"\" data-defaultbg=\"#ff0000\" data-defaultplay=\"defaulticon\"><div class=\"ultv-video__play\" data-src=\"https:\/\/www.youtube.com\/embed\/HRg0hrg06RU?rel=0&#038;start&#038;end&#038;controls=1&#038;mute=0&#038;modestbranding=0&#038;autoplay=1\">\n\t\t\t\t\t\t\t\t<img decoding=\"async\" class=\"ultv-video__thumb\" src=\"https:\/\/christian-works.org\/wp-content\/uploads\/2022\/03\/Group-14204-min.jpg?wsr\"\/>\n\t\t\t\t\t\t\t\t<div class=\"ultv-video__play-icon  ultv-animation-none\" style=\"width:75px\"><svg height=\"100%\" version=\"1.1\" viewBox=\"0 0 68 48\" width=\"100%\"><path class=\"ultv-youtube-icon-bg\" d=\"m .66,37.62 c 0,0 .66,4.70 2.70,6.77 2.58,2.71 5.98,2.63 7.49,2.91 5.43,.52 23.10,.68 23.12,.68 .00,-1.3e-5 14.29,-0.02 23.81,-0.71 1.32,-0.15 4.22,-0.17 6.81,-2.89 2.03,-2.07 2.70,-6.77 2.70,-6.77 0,0 .67,-5.52 .67,-11.04 l 0,-5.17 c 0,-5.52 -0.67,-11.04 -0.67,-11.04 0,0 -0.66,-4.70 -2.70,-6.77 C 62.03,.86 59.13,.84 57.80,.69 48.28,0 34.00,0 34.00,0 33.97,0 19.69,0 10.18,.69 8.85,.84 5.95,.86 3.36,3.58 1.32,5.65 .66,10.35 .66,10.35 c 0,0 -0.55,4.50 -0.66,9.45 l 0,8.36 c .10,4.94 .66,9.45 .66,9.45 z\" fill=\"#1f1f1e\" ><\/path><path d=\"m 26.96,13.67 18.37,9.62 -18.37,9.55 -0.00,-19.17 z\" fill=\"#fff\"><\/path><path d=\"M 45.02,23.46 45.32,23.28 26.96,13.67 43.32,22.34 45.02,23.46 z\" fill=\"#ccc\"><\/path><\/svg><\/div> <\/div> <\/div><\/div><\/div>[\/vc_column][\/vc_row][\/vc_section][vc_section full_width=\u00bbstretch_row\u00bb el_class=\u00bbprograms-secrion\u00bb][vc_row gap=\u00bb30&#8243;][vc_column width=\u00bb1\/4&#8243;][vc_column_text]\u201cEn BreakWay, siento que he encontrado un segundo hogar. La gente aqu\u00ed es muy amable y me alegra que me ayuden en el camino del duelo\u201d.<\/p>\n<p>Jaime, 17 a\u00f1os[\/vc_column_text][\/vc_column][vc_column width=\u00bb1\/4&#8243;][vc_column_text]\u201cMe gusta conocer nuevos amigos que tienen padres que est\u00e1n pasando por un divorcio como yo. Me he dado cuenta de que su divorcio no es mi culpa\u201d.<\/p>\n<p>David, 8 a\u00f1os[\/vc_column_text][\/vc_column][vc_column width=\u00bb1\/4&#8243;][vc_column_text]\u201cLa vida de mis hijos ha sido restaurada gracias a BreakWay. No s\u00e9 c\u00f3mo me las habr\u00eda arreglado sin el apoyo de este grupo\u201d.<\/p>\n<p>John, 46 a\u00f1os[\/vc_column_text][\/vc_column][vc_column width=\u00bb1\/4&#8243;][vc_column_text]\u201cSiempre jugamos juegos muy divertidos en BreakWay. Siento que puedo hablar sobre la muerte de mi mami y nadie me mira raro\u201d.<\/p>\n<p>Mateo, 5 a\u00f1os[\/vc_column_text][\/vc_column][\/vc_row][vc_row el_class=\u00bbprograms-row\u00bb][vc_column][vc_column_text]<\/p>\n<h4>Programas<\/h4>\n<p>En BreakWay, nuestro objetivo es atender las necesidades emocionales de las familias y los ni\u00f1os a nivel nacional, raz\u00f3n por la cual reclutamos iglesias y centros de asesoramiento en todo Estados Unidos para albergar BreakWay en sus comunidades. Obtenga m\u00e1s informaci\u00f3n sobre cada uno de nuestros programas haciendo clic en el \u00edcono a continuaci\u00f3n.[\/vc_column_text][\/vc_column][\/vc_row][vc_row gap=\u00bb30&#8243; el_class=\u00bbaprende-row\u00bb][vc_column width=\u00bb1\/2&#8243;][vc_single_image image=\u00bb681&#8243; img_size=\u00bbfull\u00bb][vc_row_inner][vc_column_inner width=\u00bb2\/3&#8243;][vc_custom_heading text=\u00bbPena de ruptura\u00bb font_container=\u00bbtag:h4|text_align:left\u00bb use_theme_fonts=\u00bbyes\u00bb][\/vc_column_inner][vc_column_inner width=\u00bb1\/3&#8243;][vc_btn title=\u00bbAprende m\u00e1s\u00bb align=\u00bbright\u00bb link=\u00bburl:https%3A%2F%2Fchristian-works.org%2Fes%2Fbreakway%2Fgrief%2F|title:Grief\u00bb el_class=\u00bbbreakgrief-a\u00bb][vc_btn title=\u00bb!Comprar ahora!\u00bb align=\u00bbright\u00bb link=\u00bburl:%23|title:Grief\u00bb el_class=\u00bbbreakgrief-a popmake-8486&#8243;][\/vc_column_inner][\/vc_row_inner][\/vc_column][vc_column width=\u00bb1\/2&#8243;][vc_single_image image=\u00bb682&#8243; img_size=\u00bbfull\u00bb][vc_row_inner][vc_column_inner width=\u00bb2\/3&#8243;][vc_custom_heading text=\u00bbDivorcio BreakWay\u00bb font_container=\u00bbtag:h4|text_align:left\u00bb use_theme_fonts=\u00bbyes\u00bb][\/vc_column_inner][vc_column_inner width=\u00bb1\/3&#8243;][vc_btn title=\u00bbAprende m\u00e1s\u00bb align=\u00bbright\u00bb link=\u00bburl:https%3A%2F%2Fchristian-works.org%2Fes%2Fbreakway%2Fdivorce%2F|title:Divorce\u00bb el_class=\u00bbbreakdivorce-a\u00bb][vc_btn title=\u00bb!Comprar ahora!\u00bb align=\u00bbright\u00bb link=\u00bburl:%23|title:Grief\u00bb el_class=\u00bbbreakgrief-a popmake-8491&#8243;][\/vc_column_inner][\/vc_row_inner][\/vc_column][\/vc_row][vc_row gap=\u00bb30&#8243; el_class=\u00bbaprende-row\u00bb][vc_column width=\u00bb1\/4&#8243;][\/vc_column][vc_column width=\u00bb1\/2&#8243;][vc_single_image image=\u00bb682&#8243; img_size=\u00bbfull\u00bb][vc_row_inner][vc_column_inner width=\u00bb2\/3&#8243;][vc_custom_heading text=\u00bbBreakWay duelo y divorcio\u00bb font_container=\u00bbtag:h4|text_align:left\u00bb use_theme_fonts=\u00bbyes\u00bb][\/vc_column_inner][vc_column_inner width=\u00bb1\/3&#8243;][vc_btn title=\u00bbAprende m\u00e1s\u00bb align=\u00bbright\u00bb link=\u00bburl:https%3A%2F%2Fchristian-works.org%2Fes%2Fbreakway%2Fdivorce%2F|title:Divorce\u00bb el_class=\u00bbbreakdivorce-a\u00bb][vc_btn title=\u00bb!Comprar ahora!\u00bb align=\u00bbright\u00bb link=\u00bburl:%23|title:Grief\u00bb el_class=\u00bbbreakgrief-a popmake-8495&#8243;][\/vc_column_inner][\/vc_row_inner][\/vc_column][\/vc_row][\/vc_section][vc_section el_class=\u00bbfaqs-section\u00bb][vc_row][vc_column][vc_custom_heading text=\u00bbPreguntas frecuentes\u00bb font_container=\u00bbtag:h3|text_align:left\u00bb use_theme_fonts=\u00bbyes\u00bb][vc_tta_accordion active_section=\u00bb1&#8243;][vc_tta_section i_position=\u00bbright\u00bb i_icon_fontawesome=\u00bbfas fa-caret-down\u00bb add_icon=\u00bbtrue\u00bb title=\u00bb\u00bfQu\u00e9 deben esperar las familias cuando asisten a un programa BreakWay?\u00bb tab_id=\u00bb1648485808360-52329526-e717&#8243;][vc_column_text]Nuestros programas BreakWay incorporan una variedad de actividades grupales para compartir, arte terap\u00e9utico y juegos dirigidas por voluntarios capacitados localmente. Un grupo de apoyo no debe considerarse un tratamiento, ya que no est\u00e1 dirigido por consejeros profesionales con licencia, sino por voluntarios que sienten pasi\u00f3n por ayudar a las personas a lo largo de los caminos de la vida.[\/vc_column_text][\/vc_tta_section][vc_tta_section i_position=\u00bbright\u00bb i_icon_fontawesome=\u00bbfas fa-caret-down\u00bb add_icon=\u00bbtrue\u00bb title=\u00bb\u00bfQui\u00e9n puede participar en un programa BreakWay?\u00bb tab_id=\u00bb1648485708986-70c6cddc-a31d\u00bb][vc_column_text]Ni\u00f1os de 5 a 18 a\u00f1os y sus tutores. Los adultos pueden optar por participar en el grupo de apoyo para adultos o usar su tiempo esperando a un ni\u00f1o como mejor les parezca, pero un ni\u00f1o nunca est\u00e1 solo en un programa BreakWay.[\/vc_column_text][\/vc_tta_section][vc_tta_section i_position=\u00bbright\u00bb i_icon_fontawesome=\u00bbfas fa-caret-down\u00bb add_icon=\u00bbtrue\u00bb title=\u00bb\u00bfCu\u00e1ntos voluntarios necesitamos para ejecutar el programa BreakWay?\u00bb tab_id=\u00bb1648485837058-1dc8c436-b801&#8243;][vc_column_text]Necesita un coordinador de programa y ocho facilitadores de grupo (dos para cada uno de los cuatro grupos de edad: peque\u00f1os, medianos, adolescentes, adultos). Sus facilitadores no tienen que ser consejeros autorizados o proveedores de salud mental. Recomendamos que su coordinador de programa sea un profesional de salud mental con licencia o tenga experiencia previa ofreciendo programas de apoyo, si es posible. Todos sus facilitadores deben pasar por un seminario de capacitaci\u00f3n. Todo el material para esta capacitaci\u00f3n se proporciona como parte del programa curricular BreakWay.[\/vc_column_text][\/vc_tta_section][vc_tta_section i_position=\u00bbright\u00bb i_icon_fontawesome=\u00bbfas fa-caret-down\u00bb add_icon=\u00bbtrue\u00bb title=\u00bb\u00bfQu\u00e9 obtenemos con nuestra compra del programa BreakWay?\u00bb tab_id=\u00bb1648485851129-d0318a40-fe70&#8243;][vc_column_text]Al realizar su compra \u00fanica del plan de estudios BreakWay, recibir\u00e1 una confirmaci\u00f3n por correo electr\u00f3nico con las credenciales de inicio de sesi\u00f3n. Puede usar estas credenciales para iniciar sesi\u00f3n en el sitio web de BreakWay y descargar e imprimir todos los materiales asociados con su programa. Esto incluye el plan de estudios y la gu\u00eda de capacitaci\u00f3n de facilitadores, as\u00ed como un paquete de admisi\u00f3n familiar. Tambi\u00e9n estamos trabajando en un kit de medios que lo ayudar\u00e1 a promover el programa dentro de su comunidad. Este kit estar\u00e1 disponible en el oto\u00f1o de 2016.[\/vc_column_text][\/vc_tta_section][\/vc_tta_accordion][\/vc_column][\/vc_row][\/vc_section][vc_section full_width=\u00bbstretch_row\u00bb el_class=\u00bbsection-cont\u00bb][vc_row][vc_column][vc_custom_heading text=\u00bbCont\u00e1ctenos\u00bb font_container=\u00bbtag:h3|text_align:left\u00bb use_theme_fonts=\u00bbyes\u00bb][vc_column_text]Cont\u00e1ctenos para obtener m\u00e1s informaci\u00f3n sobre c\u00f3mo iniciar un grupo de apoyo en su iglesia u organizaci\u00f3n.[\/vc_column_text]\n<div class=\"wpcf7 no-js\" id=\"wpcf7-f7896-o1\" lang=\"es-ES\" dir=\"ltr\" data-wpcf7-id=\"7896\">\n<div class=\"screen-reader-response\"><p role=\"status\" aria-live=\"polite\" aria-atomic=\"true\"><\/p> <ul><\/ul><\/div>\n<form action=\"\/es\/wp-json\/wp\/v2\/pages\/8480#wpcf7-f7896-o1\" method=\"post\" class=\"wpcf7-form init 4b327a3d6b14 cmatic-conn cmatic-aud-14 cmatic-mapd0-0 cmatic-v0976 cmatic-sent-0 cmatic-total-760\" aria-label=\"Formulario de contacto\" novalidate=\"novalidate\" data-status=\"init\">\n<fieldset class=\"hidden-fields-container\"><input type=\"hidden\" name=\"_wpcf7\" value=\"7896\" \/><input type=\"hidden\" name=\"_wpcf7_version\" value=\"6.1.5\" \/><input type=\"hidden\" name=\"_wpcf7_locale\" value=\"es_ES\" \/><input type=\"hidden\" name=\"_wpcf7_unit_tag\" value=\"wpcf7-f7896-o1\" \/><input type=\"hidden\" name=\"_wpcf7_container_post\" value=\"0\" \/><input type=\"hidden\" name=\"_wpcf7_posted_data_hash\" value=\"\" \/><input type=\"hidden\" name=\"_wpcf7cf_hidden_group_fields\" value=\"[]\" \/><input type=\"hidden\" name=\"_wpcf7cf_hidden_groups\" value=\"[]\" \/><input type=\"hidden\" name=\"_wpcf7cf_visible_groups\" value=\"[]\" \/><input type=\"hidden\" name=\"_wpcf7cf_repeaters\" value=\"[]\" \/><input type=\"hidden\" name=\"_wpcf7cf_steps\" value=\"{}\" \/><input type=\"hidden\" name=\"_wpcf7cf_options\" value=\"{&quot;form_id&quot;:7896,&quot;conditions&quot;:[],&quot;settings&quot;:{&quot;animation&quot;:&quot;yes&quot;,&quot;animation_intime&quot;:200,&quot;animation_outtime&quot;:200,&quot;conditions_ui&quot;:&quot;normal&quot;,&quot;notice_dismissed&quot;:false}}\" \/><input type=\"hidden\" name=\"_wpcf7dtx_version\" value=\"5.0.5\" \/><input type=\"hidden\" name=\"_uacf7_repeaters\" value=\"\" \/><input type=\"hidden\" name=\"_uacf7_options\" value=\"\" \/>\n<\/fieldset>\n<div class=\"uacf7-form-wrapper-container uacf7-form-7896  \"><div class=\"row\">\n<div class=\"col-md-6\">\n<span class=\"wpcf7-form-control-wrap\" data-name=\"your-first-name\"><input size=\"40\" maxlength=\"400\" class=\"wpcf7-form-control wpcf7-text wpcf7-validates-as-required\" aria-required=\"true\" aria-invalid=\"false\" placeholder=\"Primer nombre*\" value=\"\" type=\"text\" name=\"your-first-name\" \/><\/span>\n<\/div>\n<div class=\"col-md-6\">\n<span class=\"wpcf7-form-control-wrap\" data-name=\"your-last-name\"><input size=\"40\" maxlength=\"400\" class=\"wpcf7-form-control wpcf7-text wpcf7-validates-as-required\" aria-required=\"true\" aria-invalid=\"false\" placeholder=\"Apellido*\" value=\"\" type=\"text\" name=\"your-last-name\" \/><\/span>\n<\/div>\n<div class=\"col-md-6\">\n<span class=\"wpcf7-form-control-wrap\" data-name=\"your-phone\"><input size=\"40\" maxlength=\"400\" class=\"wpcf7-form-control wpcf7-tel wpcf7-validates-as-required wpcf7-text wpcf7-validates-as-tel\" aria-required=\"true\" aria-invalid=\"false\" placeholder=\"N\u00famero de tel\u00e9fono*\" value=\"\" type=\"tel\" name=\"your-phone\" \/><\/span>\n<\/div>\n<div class=\"col-md-6\">\n<span class=\"wpcf7-form-control-wrap\" data-name=\"your-email\"><input size=\"40\" maxlength=\"400\" class=\"wpcf7-form-control wpcf7-email wpcf7-validates-as-required wpcf7-text wpcf7-validates-as-email\" aria-required=\"true\" aria-invalid=\"false\" placeholder=\"Direcci\u00f3n de correo electr\u00f3nico*\" value=\"\" type=\"email\" name=\"your-email\" \/><\/span>\n<\/div>\n<div class=\"col-md-12\">\n<\/div>\n<div class=\"col-md-12\">\n<span class=\"wpcf7-form-control-wrap\" data-name=\"your-comments\"><textarea cols=\"40\" rows=\"10\" maxlength=\"2000\" class=\"wpcf7-form-control wpcf7-textarea\" aria-invalid=\"false\" placeholder=\"Comentarios\" name=\"your-comments\"><\/textarea><\/span>\n<\/div>\n<div class=\"col-md-12\">\n<p class=\"recaptcha-p\">* Por favor verifica que eres humano<\/p>\n<div id=\"cf7sr-69d389d6c29cb\" class=\"cf7sr-g-recaptcha\" data-theme=\"light\" data-type=\"image\" data-size=\"normal\" data-sitekey=\"6LdeBHArAAAAANYpwXHcmmoehU5e1ViGeFfeu4o3\"><\/div><span class=\"wpcf7-form-control-wrap cf7sr-recaptcha\" data-name=\"cf7sr-recaptcha\"><input type=\"hidden\" name=\"cf7sr-recaptcha\" value=\"\" class=\"wpcf7-form-control\"><\/span>\n<\/div>\n<div class=\"col-md-12\">\n<div class=\"submit-btn\">\n<input class=\"wpcf7-form-control wpcf7-submit has-spinner red1-btn\" type=\"submit\" value=\"Submit\" \/>\n<\/div>\n<\/div><\/div><input type='hidden' class='wpcf7-pum' value='{\"closepopup\":false,\"closedelay\":0,\"openpopup\":false,\"openpopup_id\":0}' \/><div class=\"wpcf7-response-output\" aria-hidden=\"true\"><\/div>\n<\/form>\n<\/div>\n[\/vc_column][\/vc_row][\/vc_section][vc_section el_class=\u00bbcta-support-section cta-buy-section\u00bb][vc_row content_placement=\u00bbmiddle\u00bb css=\u00bb.vc_custom_1648486540918{background-image: url(https:\/\/christian-works.org\/wp-content\/uploads\/2022\/03\/Group-14209-min.jpg?id=688) !important;background-position: 0 0 !important;background-repeat: no-repeat !important;}\u00bb][vc_column width=\u00bb5\/6&#8243;][vc_custom_heading text=\u00bb\u00bfInteresado en comprar varios programas?\u00bb use_theme_fonts=\u00bbyes\u00bb][vc_column_text]Si compra BreakWay: A Grief Journey Program y BreakWay:<br \/>\n\u00a1Un programa Divorce Journey juntos recibir\u00e1n un 25% adicional de descuento en su compra total![\/vc_column_text][\/vc_column][vc_column width=\u00bb1\/6&#8243;][vc_btn title=\u00bb\u00a1Comprar ahora!\u00bb align=\u00bbcenter\u00bb link=\u00bburl:https%3A%2F%2Fchristian-works.org%2Fes%2Fbuy-now%2F|title:Buy%20Now\u00bb el_class=\u00bbwhite-btn\u00bb][\/vc_column][\/vc_row][\/vc_section]<\/p>\n<\/div>","protected":false},"excerpt":{"rendered":"<p>[vc_section el_class=\u00bbabout-breakway-section\u00bb][vc_row][vc_column width=\u00bb1\/2&#8243;][vc_custom_heading text=\u00bbAcerca de BreakWay\u00bb font_container=\u00bbtag:h3|text_align:left\u00bb use_theme_fonts=\u00bbyes\u00bb][vc_column_text]En BreakWay, nuestros programas de grupos de apoyo est\u00e1n dise\u00f1ados para ayudar a las familias a superar las olas que se estrellan en los viajes de la vida. Encontrar apoyo es el primer paso para descubrir una perspectiva redentora sobre las experiencias de la vida. Nuestro programa brinda [&hellip;]<\/p>\n","protected":false},"author":13,"featured_media":882,"parent":0,"menu_order":0,"comment_status":"closed","ping_status":"closed","template":"fullwidth.php","meta":{"_acf_changed":false,"inline_featured_image":false,"footnotes":""},"class_list":["post-8480","page","type-page","status-publish","has-post-thumbnail","hentry"],"acf":[],"yoast_head":"<!-- This site is optimized with the Yoast SEO plugin v27.1.1 - https:\/\/yoast.com\/product\/yoast-seo-wordpress\/ -->\n<title>Descanso - ChristianWorks<\/title>\n<meta name=\"robots\" content=\"index, follow, max-snippet:-1, max-image-preview:large, max-video-preview:-1\" \/>\n<link rel=\"canonical\" href=\"https:\/\/christian-works.org\/es\/descanso\/\" \/>\n<meta property=\"og:locale\" content=\"es_ES\" \/>\n<meta property=\"og:type\" content=\"article\" \/>\n<meta property=\"og:title\" content=\"Descanso - ChristianWorks\" \/>\n<meta property=\"og:description\" content=\"[vc_section el_class=\u00bbabout-breakway-section\u00bb][vc_row][vc_column width=\u00bb1\/2&#8243;][vc_custom_heading text=\u00bbAcerca de BreakWay\u00bb font_container=\u00bbtag:h3|text_align:left\u00bb use_theme_fonts=\u00bbyes\u00bb][vc_column_text]En BreakWay, nuestros programas de grupos de apoyo est\u00e1n dise\u00f1ados para ayudar a las familias a superar las olas que se estrellan en los viajes de la vida. Encontrar apoyo es el primer paso para descubrir una perspectiva redentora sobre las experiencias de la vida. Nuestro programa brinda [&hellip;]\" \/>\n<meta property=\"og:url\" content=\"https:\/\/christian-works.org\/es\/descanso\/\" \/>\n<meta property=\"og:site_name\" content=\"ChristianWorks\" \/>\n<meta property=\"article:modified_time\" content=\"2025-06-13T15:44:21+00:00\" \/>\n<meta property=\"og:image\" content=\"https:\/\/christian-works.org\/wp-content\/uploads\/2022\/03\/Group-14205-min.jpg\" \/>\n\t<meta property=\"og:image:width\" content=\"1920\" \/>\n\t<meta property=\"og:image:height\" content=\"400\" \/>\n\t<meta property=\"og:image:type\" content=\"image\/jpeg\" \/>\n<meta name=\"twitter:card\" content=\"summary_large_image\" \/>\n<meta name=\"twitter:label1\" content=\"Tiempo de lectura\" \/>\n\t<meta name=\"twitter:data1\" content=\"4 minutos\" \/>\n<script type=\"application\/ld+json\" class=\"yoast-schema-graph\">{\"@context\":\"https:\/\/schema.org\",\"@graph\":[{\"@type\":\"WebPage\",\"@id\":\"https:\/\/christian-works.org\/es\/descanso\/\",\"url\":\"https:\/\/christian-works.org\/es\/descanso\/\",\"name\":\"Descanso - ChristianWorks\",\"isPartOf\":{\"@id\":\"https:\/\/christian-works.org\/#website\"},\"primaryImageOfPage\":{\"@id\":\"https:\/\/christian-works.org\/es\/descanso\/#primaryimage\"},\"image\":{\"@id\":\"https:\/\/christian-works.org\/es\/descanso\/#primaryimage\"},\"thumbnailUrl\":\"https:\/\/christian-works.org\/wp-content\/uploads\/2022\/03\/Group-14205-min.jpg?wsr\",\"datePublished\":\"2023-01-12T18:59:35+00:00\",\"dateModified\":\"2025-06-13T15:44:21+00:00\",\"breadcrumb\":{\"@id\":\"https:\/\/christian-works.org\/es\/descanso\/#breadcrumb\"},\"inLanguage\":\"es\",\"potentialAction\":[{\"@type\":\"ReadAction\",\"target\":[\"https:\/\/christian-works.org\/es\/descanso\/\"]}]},{\"@type\":\"ImageObject\",\"inLanguage\":\"es\",\"@id\":\"https:\/\/christian-works.org\/es\/descanso\/#primaryimage\",\"url\":\"https:\/\/christian-works.org\/wp-content\/uploads\/2022\/03\/Group-14205-min.jpg?wsr\",\"contentUrl\":\"https:\/\/christian-works.org\/wp-content\/uploads\/2022\/03\/Group-14205-min.jpg?wsr\",\"width\":1920,\"height\":400},{\"@type\":\"BreadcrumbList\",\"@id\":\"https:\/\/christian-works.org\/es\/descanso\/#breadcrumb\",\"itemListElement\":[{\"@type\":\"ListItem\",\"position\":1,\"name\":\"Home\",\"item\":\"https:\/\/christian-works.org\/es\/\"},{\"@type\":\"ListItem\",\"position\":2,\"name\":\"Descanso\"}]},{\"@type\":\"WebSite\",\"@id\":\"https:\/\/christian-works.org\/#website\",\"url\":\"https:\/\/christian-works.org\/\",\"name\":\"ChristianWorks\",\"description\":\"\",\"potentialAction\":[{\"@type\":\"SearchAction\",\"target\":{\"@type\":\"EntryPoint\",\"urlTemplate\":\"https:\/\/christian-works.org\/?s={search_term_string}\"},\"query-input\":{\"@type\":\"PropertyValueSpecification\",\"valueRequired\":true,\"valueName\":\"search_term_string\"}}],\"inLanguage\":\"es\"}]}<\/script>\n<!-- \/ Yoast SEO plugin. -->","yoast_head_json":{"title":"Descanso - ChristianWorks","robots":{"index":"index","follow":"follow","max-snippet":"max-snippet:-1","max-image-preview":"max-image-preview:large","max-video-preview":"max-video-preview:-1"},"canonical":"https:\/\/christian-works.org\/es\/descanso\/","og_locale":"es_ES","og_type":"article","og_title":"Descanso - ChristianWorks","og_description":"[vc_section el_class=\u00bbabout-breakway-section\u00bb][vc_row][vc_column width=\u00bb1\/2&#8243;][vc_custom_heading text=\u00bbAcerca de BreakWay\u00bb font_container=\u00bbtag:h3|text_align:left\u00bb use_theme_fonts=\u00bbyes\u00bb][vc_column_text]En BreakWay, nuestros programas de grupos de apoyo est\u00e1n dise\u00f1ados para ayudar a las familias a superar las olas que se estrellan en los viajes de la vida. Encontrar apoyo es el primer paso para descubrir una perspectiva redentora sobre las experiencias de la vida. Nuestro programa brinda [&hellip;]","og_url":"https:\/\/christian-works.org\/es\/descanso\/","og_site_name":"ChristianWorks","article_modified_time":"2025-06-13T15:44:21+00:00","og_image":[{"width":1920,"height":400,"url":"https:\/\/christian-works.org\/wp-content\/uploads\/2022\/03\/Group-14205-min.jpg","type":"image\/jpeg"}],"twitter_card":"summary_large_image","twitter_misc":{"Tiempo de lectura":"4 minutos"},"schema":{"@context":"https:\/\/schema.org","@graph":[{"@type":"WebPage","@id":"https:\/\/christian-works.org\/es\/descanso\/","url":"https:\/\/christian-works.org\/es\/descanso\/","name":"Descanso - ChristianWorks","isPartOf":{"@id":"https:\/\/christian-works.org\/#website"},"primaryImageOfPage":{"@id":"https:\/\/christian-works.org\/es\/descanso\/#primaryimage"},"image":{"@id":"https:\/\/christian-works.org\/es\/descanso\/#primaryimage"},"thumbnailUrl":"https:\/\/christian-works.org\/wp-content\/uploads\/2022\/03\/Group-14205-min.jpg?wsr","datePublished":"2023-01-12T18:59:35+00:00","dateModified":"2025-06-13T15:44:21+00:00","breadcrumb":{"@id":"https:\/\/christian-works.org\/es\/descanso\/#breadcrumb"},"inLanguage":"es","potentialAction":[{"@type":"ReadAction","target":["https:\/\/christian-works.org\/es\/descanso\/"]}]},{"@type":"ImageObject","inLanguage":"es","@id":"https:\/\/christian-works.org\/es\/descanso\/#primaryimage","url":"https:\/\/christian-works.org\/wp-content\/uploads\/2022\/03\/Group-14205-min.jpg?wsr","contentUrl":"https:\/\/christian-works.org\/wp-content\/uploads\/2022\/03\/Group-14205-min.jpg?wsr","width":1920,"height":400},{"@type":"BreadcrumbList","@id":"https:\/\/christian-works.org\/es\/descanso\/#breadcrumb","itemListElement":[{"@type":"ListItem","position":1,"name":"Home","item":"https:\/\/christian-works.org\/es\/"},{"@type":"ListItem","position":2,"name":"Descanso"}]},{"@type":"WebSite","@id":"https:\/\/christian-works.org\/#website","url":"https:\/\/christian-works.org\/","name":"ChristianWorks","description":"","potentialAction":[{"@type":"SearchAction","target":{"@type":"EntryPoint","urlTemplate":"https:\/\/christian-works.org\/?s={search_term_string}"},"query-input":{"@type":"PropertyValueSpecification","valueRequired":true,"valueName":"search_term_string"}}],"inLanguage":"es"}]}},"_links":{"self":[{"href":"https:\/\/christian-works.org\/es\/wp-json\/wp\/v2\/pages\/8480","targetHints":{"allow":["GET"]}}],"collection":[{"href":"https:\/\/christian-works.org\/es\/wp-json\/wp\/v2\/pages"}],"about":[{"href":"https:\/\/christian-works.org\/es\/wp-json\/wp\/v2\/types\/page"}],"author":[{"embeddable":true,"href":"https:\/\/christian-works.org\/es\/wp-json\/wp\/v2\/users\/13"}],"replies":[{"embeddable":true,"href":"https:\/\/christian-works.org\/es\/wp-json\/wp\/v2\/comments?post=8480"}],"version-history":[{"count":6,"href":"https:\/\/christian-works.org\/es\/wp-json\/wp\/v2\/pages\/8480\/revisions"}],"predecessor-version":[{"id":10225,"href":"https:\/\/christian-works.org\/es\/wp-json\/wp\/v2\/pages\/8480\/revisions\/10225"}],"wp:featuredmedia":[{"embeddable":true,"href":"https:\/\/christian-works.org\/es\/wp-json\/wp\/v2\/media\/882"}],"wp:attachment":[{"href":"https:\/\/christian-works.org\/es\/wp-json\/wp\/v2\/media?parent=8480"}],"curies":[{"name":"wp","href":"https:\/\/api.w.org\/{rel}","templated":true}]}}